{"id":1193,"date":"2015-06-07T12:35:25","date_gmt":"2015-06-07T10:35:25","guid":{"rendered":"http:\/\/schuetzenverein-hemsen.de\/?page_id=1193"},"modified":"2015-06-07T12:46:05","modified_gmt":"2015-06-07T10:46:05","slug":"thron-20152016","status":"publish","type":"page","link":"http:\/\/schuetzenverein-hemsen.de\/?page_id=1193","title":{"rendered":"Thron 2015\/2016 K\u00f6nig: Werner M\u00fcller"},"content":{"rendered":"<p><strong>\u00a0v.l.n.r.:<\/strong> Wilhelm u. Margret M\u00fcller, Klaus u. Karin Bandowski,Thorsten Keuter u. Claudia Kerperien, Frank Wertmann u. Claudia T\u00f6bben, K\u00f6nigin Heike u. K\u00f6nig Werner M\u00fcller, Anita u. Gerd Klaas, Maria u. Werner Schwenen, Petra u. Helmut T\u00f6pker und Ulla u. Hermann Hermes<\/p>\n<p><em id=\"__mceDel\"><a href=\"http:\/\/schuetzenverein-hemsen.de\/wordpress\/wp-content\/uploads\/2015\/06\/IMG_6196kopie.jpg\"><img decoding=\"async\" class=\"alignleft size-full wp-image-1190\" alt=\"Thron 2015\/2016\" src=\"http:\/\/schuetzenverein-hemsen.de\/wordpress\/wp-content\/uploads\/2015\/06\/IMG_6196kopie.jpg\" \/><\/a><\/em><\/p>\n","protected":false},"excerpt":{"rendered":"<p>\u00a0v.l.n.r.: Wilhelm u. Margret M\u00fcller, Klaus u. Karin Bandowski,Thorsten Keuter u. Claudia Kerperien, Frank Wertmann u. Claudia T\u00f6bben, K\u00f6nigin Heike u. K\u00f6nig Werner M\u00fcller, Anita u. Gerd Klaas, Maria u. Werner Schwenen, Petra u. Helmut T\u00f6pker und Ulla u. Hermann &hellip; <a href=\"http:\/\/schuetzenverein-hemsen.de\/?page_id=1193\">Weiterlesen <span class=\"meta-nav\">&rarr;<\/span><\/a><\/p>\n","protected":false},"author":1,"featured_media":0,"parent":80,"menu_order":0,"comment_status":"closed","ping_status":"closed","template":"","meta":{"footnotes":""},"class_list":["post-1193","page","type-page","status-publish","hentry"],"_links":{"self":[{"href":"http:\/\/schuetzenverein-hemsen.de\/index.php?rest_route=\/wp\/v2\/pages\/1193","targetHints":{"allow":["GET"]}}],"collection":[{"href":"http:\/\/schuetzenverein-hemsen.de\/index.php?rest_route=\/wp\/v2\/pages"}],"about":[{"href":"http:\/\/schuetzenverein-hemsen.de\/index.php?rest_route=\/wp\/v2\/types\/page"}],"author":[{"embeddable":true,"href":"http:\/\/schuetzenverein-hemsen.de\/index.php?rest_route=\/wp\/v2\/users\/1"}],"replies":[{"embeddable":true,"href":"http:\/\/schuetzenverein-hemsen.de\/index.php?rest_route=%2Fwp%2Fv2%2Fcomments&post=1193"}],"version-history":[{"count":5,"href":"http:\/\/schuetzenverein-hemsen.de\/index.php?rest_route=\/wp\/v2\/pages\/1193\/revisions"}],"predecessor-version":[{"id":1198,"href":"http:\/\/schuetzenverein-hemsen.de\/index.php?rest_route=\/wp\/v2\/pages\/1193\/revisions\/1198"}],"up":[{"embeddable":true,"href":"http:\/\/schuetzenverein-hemsen.de\/index.php?rest_route=\/wp\/v2\/pages\/80"}],"wp:attachment":[{"href":"http:\/\/schuetzenverein-hemsen.de\/index.php?rest_route=%2Fwp%2Fv2%2Fmedia&parent=1193"}],"curies":[{"name":"wp","href":"https:\/\/api.w.org\/{rel}","templated":true}]}}