{"id":1310,"date":"2016-06-02T19:48:13","date_gmt":"2016-06-02T17:48:13","guid":{"rendered":"http:\/\/schuetzenverein-hemsen.de\/?page_id=1310"},"modified":"2016-06-02T20:29:57","modified_gmt":"2016-06-02T18:29:57","slug":"thron-20162017-koenig-michael-voss","status":"publish","type":"page","link":"http:\/\/schuetzenverein-hemsen.de\/?page_id=1310","title":{"rendered":"Thron 2016\/2017 K\u00f6nig Michael Vo\u00df"},"content":{"rendered":"<p>Von links nach rechts:<\/p>\n<p>Andre Jansen + Irina Albrecht;Tim Cremering + Laura Hollederer;Daniel Cremering + Christina Ewers; K\u00f6nig Michael Voss + K\u00f6nigin Wiebke Hermes;Timo G\u00fcgelmeyer + Sabrina Dirkes;Stefan Ewers + Lisa Leffers;Marco Vo\u00df + Lena Kr\u00fcssel;Lucas Berling + Pia Berling<\/p>\n<p><img decoding=\"async\" class=\"alignleft size-full wp-image-1308\" src=\"http:\/\/schuetzenverein-hemsen.de\/wordpress\/wp-content\/uploads\/2016\/06\/Thron-2016-1.jpg\" alt=\"Thron 2016\" \/><\/p>\n","protected":false},"excerpt":{"rendered":"<p>Von links nach rechts: Andre Jansen + Irina Albrecht;Tim Cremering + Laura Hollederer;Daniel Cremering + Christina Ewers; K\u00f6nig Michael Voss + K\u00f6nigin Wiebke Hermes;Timo G\u00fcgelmeyer + Sabrina Dirkes;Stefan Ewers + Lisa Leffers;Marco Vo\u00df + Lena Kr\u00fcssel;Lucas Berling + Pia Berling<\/p>\n","protected":false},"author":1,"featured_media":0,"parent":80,"menu_order":0,"comment_status":"closed","ping_status":"closed","template":"","meta":{"footnotes":""},"class_list":["post-1310","page","type-page","status-publish","hentry"],"_links":{"self":[{"href":"http:\/\/schuetzenverein-hemsen.de\/index.php?rest_route=\/wp\/v2\/pages\/1310","targetHints":{"allow":["GET"]}}],"collection":[{"href":"http:\/\/schuetzenverein-hemsen.de\/index.php?rest_route=\/wp\/v2\/pages"}],"about":[{"href":"http:\/\/schuetzenverein-hemsen.de\/index.php?rest_route=\/wp\/v2\/types\/page"}],"author":[{"embeddable":true,"href":"http:\/\/schuetzenverein-hemsen.de\/index.php?rest_route=\/wp\/v2\/users\/1"}],"replies":[{"embeddable":true,"href":"http:\/\/schuetzenverein-hemsen.de\/index.php?rest_route=%2Fwp%2Fv2%2Fcomments&post=1310"}],"version-history":[{"count":4,"href":"http:\/\/schuetzenverein-hemsen.de\/index.php?rest_route=\/wp\/v2\/pages\/1310\/revisions"}],"predecessor-version":[{"id":1314,"href":"http:\/\/schuetzenverein-hemsen.de\/index.php?rest_route=\/wp\/v2\/pages\/1310\/revisions\/1314"}],"up":[{"embeddable":true,"href":"http:\/\/schuetzenverein-hemsen.de\/index.php?rest_route=\/wp\/v2\/pages\/80"}],"wp:attachment":[{"href":"http:\/\/schuetzenverein-hemsen.de\/index.php?rest_route=%2Fwp%2Fv2%2Fmedia&parent=1310"}],"curies":[{"name":"wp","href":"https:\/\/api.w.org\/{rel}","templated":true}]}}