{"id":1429,"date":"2017-06-17T18:55:17","date_gmt":"2017-06-17T16:55:17","guid":{"rendered":"http:\/\/schuetzenverein-hemsen.de\/?page_id=1429"},"modified":"2018-09-18T21:26:57","modified_gmt":"2018-09-18T19:26:57","slug":"thron-20172018-koenig-heiner-foppen","status":"publish","type":"page","link":"http:\/\/schuetzenverein-hemsen.de\/?page_id=1429","title":{"rendered":"Thron 2017\/2018 K\u00f6nig Heiner Foppen"},"content":{"rendered":"<p>Von Links Bernhard und Hildegard Klaas Reinhard und Ute Matzat Rita Vos K\u00f6nig Heiner Foppen Gerd Vos K\u00f6nigen Petra Foppen Matthias und Christine Dierkes<\/p>\n<p><img loading=\"lazy\" decoding=\"async\" class=\"alignleft size-full wp-image-1530\" src=\"http:\/\/schuetzenverein-hemsen.de\/wordpress\/wp-content\/uploads\/2018\/09\/Thron-2017.jpg\" alt=\"\" width=\"3802\" height=\"2542\" srcset=\"http:\/\/schuetzenverein-hemsen.de\/wordpress\/wp-content\/uploads\/2018\/09\/Thron-2017.jpg 3802w, http:\/\/schuetzenverein-hemsen.de\/wordpress\/wp-content\/uploads\/2018\/09\/Thron-2017-300x201.jpg 300w, http:\/\/schuetzenverein-hemsen.de\/wordpress\/wp-content\/uploads\/2018\/09\/Thron-2017-768x513.jpg 768w, http:\/\/schuetzenverein-hemsen.de\/wordpress\/wp-content\/uploads\/2018\/09\/Thron-2017-1024x685.jpg 1024w\" sizes=\"auto, (max-width: 3802px) 100vw, 3802px\" \/><\/p>\n","protected":false},"excerpt":{"rendered":"<p>Von Links Bernhard und Hildegard Klaas Reinhard und Ute Matzat Rita Vos K\u00f6nig Heiner Foppen Gerd Vos K\u00f6nigen Petra Foppen Matthias und Christine Dierkes<\/p>\n","protected":false},"author":1,"featured_media":0,"parent":80,"menu_order":0,"comment_status":"closed","ping_status":"closed","template":"","meta":{"footnotes":""},"class_list":["post-1429","page","type-page","status-publish","hentry"],"_links":{"self":[{"href":"http:\/\/schuetzenverein-hemsen.de\/index.php?rest_route=\/wp\/v2\/pages\/1429","targetHints":{"allow":["GET"]}}],"collection":[{"href":"http:\/\/schuetzenverein-hemsen.de\/index.php?rest_route=\/wp\/v2\/pages"}],"about":[{"href":"http:\/\/schuetzenverein-hemsen.de\/index.php?rest_route=\/wp\/v2\/types\/page"}],"author":[{"embeddable":true,"href":"http:\/\/schuetzenverein-hemsen.de\/index.php?rest_route=\/wp\/v2\/users\/1"}],"replies":[{"embeddable":true,"href":"http:\/\/schuetzenverein-hemsen.de\/index.php?rest_route=%2Fwp%2Fv2%2Fcomments&post=1429"}],"version-history":[{"count":5,"href":"http:\/\/schuetzenverein-hemsen.de\/index.php?rest_route=\/wp\/v2\/pages\/1429\/revisions"}],"predecessor-version":[{"id":1531,"href":"http:\/\/schuetzenverein-hemsen.de\/index.php?rest_route=\/wp\/v2\/pages\/1429\/revisions\/1531"}],"up":[{"embeddable":true,"href":"http:\/\/schuetzenverein-hemsen.de\/index.php?rest_route=\/wp\/v2\/pages\/80"}],"wp:attachment":[{"href":"http:\/\/schuetzenverein-hemsen.de\/index.php?rest_route=%2Fwp%2Fv2%2Fmedia&parent=1429"}],"curies":[{"name":"wp","href":"https:\/\/api.w.org\/{rel}","templated":true}]}}