{"id":1572,"date":"2019-04-02T15:39:19","date_gmt":"2019-04-02T13:39:19","guid":{"rendered":"http:\/\/schuetzenverein-hemsen.de\/?page_id=1572"},"modified":"2019-04-02T15:40:52","modified_gmt":"2019-04-02T13:40:52","slug":"thron-2018-2019-koenig-hermann-vieler","status":"publish","type":"page","link":"http:\/\/schuetzenverein-hemsen.de\/?page_id=1572","title":{"rendered":"Thron 2018\/2019: K\u00f6nig Hermann Vieler"},"content":{"rendered":"\n<figure class=\"wp-block-image\"><img loading=\"lazy\" decoding=\"async\" width=\"1024\" height=\"683\" src=\"http:\/\/schuetzenverein-hemsen.de\/wordpress\/wp-content\/uploads\/2019\/04\/K\u00f6nig-Hermann-2-1024x683.jpg\" alt=\"\" class=\"wp-image-1573\" srcset=\"http:\/\/schuetzenverein-hemsen.de\/wordpress\/wp-content\/uploads\/2019\/04\/K\u00f6nig-Hermann-2.jpg 1024w, http:\/\/schuetzenverein-hemsen.de\/wordpress\/wp-content\/uploads\/2019\/04\/K\u00f6nig-Hermann-2-300x200.jpg 300w, http:\/\/schuetzenverein-hemsen.de\/wordpress\/wp-content\/uploads\/2019\/04\/K\u00f6nig-Hermann-2-768x512.jpg 768w\" sizes=\"auto, (max-width: 1024px) 100vw, 1024px\" \/><figcaption> Alexander Heyd,J\u00f6rg u. Stefanie Gerdelmann, Lena Rehnen u. Daniel Dick,  Stefanie Feldhaus u. Henning Fischer, Andrea u. Hendrik Naber, K\u00f6nigin  Kathrin u. K\u00f6nig Hermann Vieler, Anja u. Christoph Tschan, Kerstin u.  Ingo Wiggelinghoff, Claudia u. Guido Stegemann, Silvia u. Stefan Kr\u00fc\u00dfel.  Es fehlt Manja Heydt. <\/figcaption><\/figure>\n","protected":false},"excerpt":{"rendered":"","protected":false},"author":1,"featured_media":0,"parent":80,"menu_order":0,"comment_status":"closed","ping_status":"closed","template":"","meta":{"footnotes":""},"class_list":["post-1572","page","type-page","status-publish","hentry"],"_links":{"self":[{"href":"http:\/\/schuetzenverein-hemsen.de\/index.php?rest_route=\/wp\/v2\/pages\/1572","targetHints":{"allow":["GET"]}}],"collection":[{"href":"http:\/\/schuetzenverein-hemsen.de\/index.php?rest_route=\/wp\/v2\/pages"}],"about":[{"href":"http:\/\/schuetzenverein-hemsen.de\/index.php?rest_route=\/wp\/v2\/types\/page"}],"author":[{"embeddable":true,"href":"http:\/\/schuetzenverein-hemsen.de\/index.php?rest_route=\/wp\/v2\/users\/1"}],"replies":[{"embeddable":true,"href":"http:\/\/schuetzenverein-hemsen.de\/index.php?rest_route=%2Fwp%2Fv2%2Fcomments&post=1572"}],"version-history":[{"count":3,"href":"http:\/\/schuetzenverein-hemsen.de\/index.php?rest_route=\/wp\/v2\/pages\/1572\/revisions"}],"predecessor-version":[{"id":1576,"href":"http:\/\/schuetzenverein-hemsen.de\/index.php?rest_route=\/wp\/v2\/pages\/1572\/revisions\/1576"}],"up":[{"embeddable":true,"href":"http:\/\/schuetzenverein-hemsen.de\/index.php?rest_route=\/wp\/v2\/pages\/80"}],"wp:attachment":[{"href":"http:\/\/schuetzenverein-hemsen.de\/index.php?rest_route=%2Fwp%2Fv2%2Fmedia&parent=1572"}],"curies":[{"name":"wp","href":"https:\/\/api.w.org\/{rel}","templated":true}]}}