{"id":1610,"date":"2020-08-03T22:02:11","date_gmt":"2020-08-03T20:02:11","guid":{"rendered":"http:\/\/schuetzenverein-hemsen.de\/?page_id=1610"},"modified":"2020-08-03T22:02:11","modified_gmt":"2020-08-03T20:02:11","slug":"thron-2019-2021-koenig-bernhard-leffers","status":"publish","type":"page","link":"http:\/\/schuetzenverein-hemsen.de\/?page_id=1610","title":{"rendered":"Thron 2019\/2021 : K\u00f6nig Bernhard Leffers"},"content":{"rendered":"\n<figure class=\"wp-block-image size-large is-resized\"><img loading=\"lazy\" decoding=\"async\" src=\"http:\/\/schuetzenverein-hemsen.de\/wordpress\/wp-content\/uploads\/2020\/08\/Thron-2019-2021-1024x683.jpg\" alt=\"\" class=\"wp-image-1611\" width=\"683\" height=\"453\"\/><figcaption>Ellen u. Gerald N\u00fcsse, Esther u. Dieter Leffers, Sylvia Kolmer u. Ewald M\u00f6ller, K\u00f6nigin Beate u. K\u00f6nig Bernhard Leffers, Simone u. Rene Albers, Mechtild Jansen u. Michael Merzmann, Nicola Jansing u. Dieter Br\u00fcning<\/figcaption><\/figure>\n\n\n\n<p><\/p>\n","protected":false},"excerpt":{"rendered":"","protected":false},"author":1,"featured_media":0,"parent":80,"menu_order":0,"comment_status":"closed","ping_status":"closed","template":"","meta":{"footnotes":""},"class_list":["post-1610","page","type-page","status-publish","hentry"],"_links":{"self":[{"href":"http:\/\/schuetzenverein-hemsen.de\/index.php?rest_route=\/wp\/v2\/pages\/1610","targetHints":{"allow":["GET"]}}],"collection":[{"href":"http:\/\/schuetzenverein-hemsen.de\/index.php?rest_route=\/wp\/v2\/pages"}],"about":[{"href":"http:\/\/schuetzenverein-hemsen.de\/index.php?rest_route=\/wp\/v2\/types\/page"}],"author":[{"embeddable":true,"href":"http:\/\/schuetzenverein-hemsen.de\/index.php?rest_route=\/wp\/v2\/users\/1"}],"replies":[{"embeddable":true,"href":"http:\/\/schuetzenverein-hemsen.de\/index.php?rest_route=%2Fwp%2Fv2%2Fcomments&post=1610"}],"version-history":[{"count":1,"href":"http:\/\/schuetzenverein-hemsen.de\/index.php?rest_route=\/wp\/v2\/pages\/1610\/revisions"}],"predecessor-version":[{"id":1612,"href":"http:\/\/schuetzenverein-hemsen.de\/index.php?rest_route=\/wp\/v2\/pages\/1610\/revisions\/1612"}],"up":[{"embeddable":true,"href":"http:\/\/schuetzenverein-hemsen.de\/index.php?rest_route=\/wp\/v2\/pages\/80"}],"wp:attachment":[{"href":"http:\/\/schuetzenverein-hemsen.de\/index.php?rest_route=%2Fwp%2Fv2%2Fmedia&parent=1610"}],"curies":[{"name":"wp","href":"https:\/\/api.w.org\/{rel}","templated":true}]}}