{"id":1660,"date":"2023-08-22T10:36:21","date_gmt":"2023-08-22T08:36:21","guid":{"rendered":"http:\/\/schuetzenverein-hemsen.de\/?page_id=1660"},"modified":"2024-01-22T14:48:15","modified_gmt":"2024-01-22T12:48:15","slug":"thron-2022-2023","status":"publish","type":"page","link":"http:\/\/schuetzenverein-hemsen.de\/?page_id=1660","title":{"rendered":"Thron 2022\/2023: K\u00f6nig Carsten Kr\u00fc\u00dfel"},"content":{"rendered":"\n<h2 class=\"wp-block-heading\"><\/h2>\n\n\n\n<figure class=\"wp-block-image size-large\"><img loading=\"lazy\" decoding=\"async\" width=\"1024\" height=\"768\" src=\"http:\/\/schuetzenverein-hemsen.de\/wordpress\/wp-content\/uploads\/2023\/08\/Thron-2022-Carsten-Kruessel-1024x768.jpg\" alt=\"\" class=\"wp-image-1654\" srcset=\"http:\/\/schuetzenverein-hemsen.de\/wordpress\/wp-content\/uploads\/2023\/08\/Thron-2022-Carsten-Kruessel-1024x768.jpg 1024w, http:\/\/schuetzenverein-hemsen.de\/wordpress\/wp-content\/uploads\/2023\/08\/Thron-2022-Carsten-Kruessel-300x225.jpg 300w, http:\/\/schuetzenverein-hemsen.de\/wordpress\/wp-content\/uploads\/2023\/08\/Thron-2022-Carsten-Kruessel-768x576.jpg 768w, http:\/\/schuetzenverein-hemsen.de\/wordpress\/wp-content\/uploads\/2023\/08\/Thron-2022-Carsten-Kruessel-1536x1152.jpg 1536w, http:\/\/schuetzenverein-hemsen.de\/wordpress\/wp-content\/uploads\/2023\/08\/Thron-2022-Carsten-Kruessel-2048x1536.jpg 2048w\" sizes=\"auto, (max-width: 1024px) 100vw, 1024px\" \/><figcaption class=\"wp-element-caption\">K\u00f6nigin Melanie Kr\u00fc\u00dfel, Jens Wessels, Daniel Baalmann, Andreas Schepers, K\u00f6nig Carsten Kr\u00fc\u00dfel, Thorsten Thiering, Matthias Tenbruck, Michael Perk, Ulrich Str\u00f6er, Julie Str\u00f6er, Birgit Thiering, Susanne Perk, Eva Wessels, Linda Baalmann, Nicole Schepers, Julia Tenbruck<\/figcaption><\/figure>\n","protected":false},"excerpt":{"rendered":"","protected":false},"author":1,"featured_media":0,"parent":80,"menu_order":0,"comment_status":"closed","ping_status":"closed","template":"","meta":{"footnotes":""},"class_list":["post-1660","page","type-page","status-publish","hentry"],"_links":{"self":[{"href":"http:\/\/schuetzenverein-hemsen.de\/index.php?rest_route=\/wp\/v2\/pages\/1660","targetHints":{"allow":["GET"]}}],"collection":[{"href":"http:\/\/schuetzenverein-hemsen.de\/index.php?rest_route=\/wp\/v2\/pages"}],"about":[{"href":"http:\/\/schuetzenverein-hemsen.de\/index.php?rest_route=\/wp\/v2\/types\/page"}],"author":[{"embeddable":true,"href":"http:\/\/schuetzenverein-hemsen.de\/index.php?rest_route=\/wp\/v2\/users\/1"}],"replies":[{"embeddable":true,"href":"http:\/\/schuetzenverein-hemsen.de\/index.php?rest_route=%2Fwp%2Fv2%2Fcomments&post=1660"}],"version-history":[{"count":3,"href":"http:\/\/schuetzenverein-hemsen.de\/index.php?rest_route=\/wp\/v2\/pages\/1660\/revisions"}],"predecessor-version":[{"id":1675,"href":"http:\/\/schuetzenverein-hemsen.de\/index.php?rest_route=\/wp\/v2\/pages\/1660\/revisions\/1675"}],"up":[{"embeddable":true,"href":"http:\/\/schuetzenverein-hemsen.de\/index.php?rest_route=\/wp\/v2\/pages\/80"}],"wp:attachment":[{"href":"http:\/\/schuetzenverein-hemsen.de\/index.php?rest_route=%2Fwp%2Fv2%2Fmedia&parent=1660"}],"curies":[{"name":"wp","href":"https:\/\/api.w.org\/{rel}","templated":true}]}}