{"id":18,"date":"2013-10-10T09:22:56","date_gmt":"2013-10-10T07:22:56","guid":{"rendered":"http:\/\/schuetzenverein-hemsen.de\/wordpress\/?page_id=18"},"modified":"2025-11-18T13:24:07","modified_gmt":"2025-11-18T11:24:07","slug":"vorstand","status":"publish","type":"page","link":"http:\/\/schuetzenverein-hemsen.de\/?page_id=18","title":{"rendered":"Vorstand"},"content":{"rendered":"<p style=\"text-align: left;\"><strong>DER VORSTAND DES SCH\u00dcTZENVEREINS HEMSEN e. V.:<\/strong><br \/>\nAuf dieser Seite m\u00f6chten wir den Vorstand des Sch\u00fctzenverein Hemsen vorstellen. F\u00fcr die Geschicke des Vereins zeichnet der gesch\u00e4ftsf\u00fchrende Vorstand verantwortlich, dessen Mitglieder auch Ansprechpartner in allen Vereinsfragen sind.<br \/>\nUm ein m\u00f6glichst breites Spektrum der Mitglieder vertreten zu k\u00f6nnen, tritt zu den Sitzungen des Vorstandes noch der erweiterte Vorstand dazu. Hierzu z\u00e4hlen die Schie\u00dfwarte, die Kassierer, der amtierende K\u00f6nig und der Vorsitzende der Hemsener Sch\u00fctzenmusikanten.<\/p>\n<p><strong>1. VORSITZENDER:<\/strong><br \/>\nJens Neesen<br \/>\nE-Mail: info@schuetzenverein-hemsen.de<\/p>\n<hr \/>\n<p><strong>2. VORSITZENDER:<br \/>\n<\/strong>Tim Hermes<br \/>\nE-Mail:tim_hermes@gmx.de<br \/>\n<strong><br \/>\n<\/strong><\/p>\n<hr \/>\n<p style=\"text-align: left;\"><strong>KASSENWART:<\/strong><br \/>\nJan Knue<br \/>\nE-Mail: jan.lienstromberg@web.de<\/p>\n<p style=\"text-align: left;\"><strong>Stellvertr.<br \/>\n<\/strong>Daniel Cremering<br \/>\nE-Mail: daniel93.cremering@web.de<br \/>\n<strong>\u00a0\u00a0\u00a0\u00a0\u00a0\u00a0\u00a0\u00a0 <\/strong><\/p>\n<hr \/>\n<p><strong>SCHRIFTF\u00dcHRER:<\/strong><br \/>\nFelix Bruns<br \/>\nE-Mail: schriftfuehrer@schuetzenverein-hemsen.de<\/p>\n<p><strong>Stellvertr.<br \/>\n<\/strong>Sebastian Foppen<br \/>\nE-Mail: foppensebastian@gmail.com<\/p>\n<hr \/>\n<p style=\"text-align: left;\"><strong>KOMMANDEUR:<\/strong><br \/>\nLucas Berling<br \/>\nE-Mail: lucas.berling@gmx.de<\/p>\n<hr \/>\n<p><strong>SCHIE\u00dfOFFIZIER:<\/strong><br \/>\nAlexander Beelmann<br \/>\nE-Mail: alex-beelmann@web.de<br \/>\nTelefon: 05931\/9986384<\/p>\n<hr \/>\n<p><strong>WEITERE ANSPRECHPARTNER:<\/strong><\/p>\n<ul>\n<li>Volker Ewers (Spie\u00df Kompanie 1 &#8211; Hemsen)<\/li>\n<li>Dennis Hessel (Spie\u00df Kompanie 2 -Hemsen-Ost)<\/li>\n<li>Hans Wessels (Spie\u00df Kompanie 3 -H\u00fcntel)<\/li>\n<li>Franz Jansen (Spie\u00df Kompanie 4 -Borken)<\/li>\n<li>Dirk Gruth (Spie\u00df Kompanie 5 -Holthausen)<\/li>\n<li>Berthold Kr\u00fc\u00dfel (Ehrenvorsitzender)<\/li>\n<li>Werner Thieben (Ehrenkommandeur)<\/li>\n<li>Gerd Tenbruck (Ehrenoffizier)<\/li>\n<li>Helmut Ewers (Ehrenoffizier)<\/li>\n<li>Rolf Schnieders (Ehrenoffizier)<\/li>\n<li>Bernhard Leffers (1. Vorsitzender, Hemsener Sch\u00fctzenmusikanten)<\/li>\n<\/ul>\n<p><strong>EHEMALIGE VORSTANDSMITGLIEDER:<\/strong><br \/>\n<strong>1. Vorsitzender:<\/strong> Heinrich Anneken (1949 &#8211; 1953), Albert Dreyer (1953 &#8211; 1960), Heinrich Wekenborg (1960 &#8211; 1974), Heinrich M\u00fcller (1974 &#8211; 1976), Hermann Schl\u00f6mer (1976 &#8211; 1992), Theo Runde und Berthold Kr\u00fc\u00dfel (Doppelspitze von 1992 &#8211; 1998), Berthold Kr\u00fc\u00dfel (1998 &#8211; 2012),Daniel Dick (2012 &#8211; 2024)<br \/>\n<strong>2. Vorsitzender:<\/strong> Heinrich M\u00fcller (1949 &#8211; 1964), Heinrich Conen (1964 &#8211; 1980), Berthold Kr\u00fc\u00dfel (1980 &#8211; 1992), Hubert Anneken (1992 &#8211; 2000), Meint Hinrichs (2000 &#8211; 2010), Daniel Dick (2010 &#8211; 2012),Andre Thieben (2012 &#8211; 2021),Rudi Str\u00f6er (2022 &#8211; 2024)<br \/>\n<strong>Kassenwart:<\/strong> Heinrich M\u00fcller (1949 &#8211; 1974), Theo Runde (1974 &#8211; 1976), Gerd Tenbruck (1976 &#8211; 2012),Martin Leffers (2012 &#8211; 2024)<br \/>\n<strong>Schriftf\u00fchrer:<\/strong> Hermann Schl\u00f6mer (1949 &#8211; 1976), Theo Runde (1976 &#8211; 1992), Helmut Ewers (1992 &#8211; 2012), Bernd Fischer (2012 &#8211; 2013), Peter Wekenborg (2013 &#8211; 2024)<br \/>\n<strong>Kommandeur:<\/strong> Bernhard Koopmann (1949 &#8211; 1964), Josef Klaas (1949 &#8211; 1964), Heinrich Knue (1964 &#8211; 1980), Heinz-Wilhelm Koopmann (1980 &#8211; 1992), Werner Thieben (1992 &#8211; 2012),Heiner Foppen (2012 &#8211; 2024)<br \/>\n<strong>Schie\u00dfoffiziere:<\/strong> Rudolf Herbers (1953 &#8211; 1959), Hermann Vo\u00df (1959 &#8211; 1968), Willibald Kurze (1968 &#8211; 1969), Paul Vo\u00df (1968 &#8211; 1976), Aloys Schneider (1969 &#8211; 1990), Josef Klaas (1976 &#8211; 2000), Heinz Wilken (1982 &#8211; 2000), Rolf Schnieders (1986 &#8211; 2008),Henning Fischer (2008 &#8211; 2021)<br \/>\n<strong>Sonderfunktioner:<\/strong> Rolf Schnieders (Jubelfestorganisator, 2008 &#8211; 2012)<\/p>\n","protected":false},"excerpt":{"rendered":"<p>DER VORSTAND DES SCH\u00dcTZENVEREINS HEMSEN e. V.: Auf dieser Seite m\u00f6chten wir den Vorstand des Sch\u00fctzenverein Hemsen vorstellen. F\u00fcr die Geschicke des Vereins zeichnet der gesch\u00e4ftsf\u00fchrende Vorstand verantwortlich, dessen Mitglieder auch Ansprechpartner in allen Vereinsfragen sind. Um ein m\u00f6glichst breites &hellip; <a href=\"http:\/\/schuetzenverein-hemsen.de\/?page_id=18\">Weiterlesen <span class=\"meta-nav\">&rarr;<\/span><\/a><\/p>\n","protected":false},"author":1,"featured_media":0,"parent":7,"menu_order":0,"comment_status":"closed","ping_status":"closed","template":"","meta":{"footnotes":""},"class_list":["post-18","page","type-page","status-publish","hentry"],"_links":{"self":[{"href":"http:\/\/schuetzenverein-hemsen.de\/index.php?rest_route=\/wp\/v2\/pages\/18","targetHints":{"allow":["GET"]}}],"collection":[{"href":"http:\/\/schuetzenverein-hemsen.de\/index.php?rest_route=\/wp\/v2\/pages"}],"about":[{"href":"http:\/\/schuetzenverein-hemsen.de\/index.php?rest_route=\/wp\/v2\/types\/page"}],"author":[{"embeddable":true,"href":"http:\/\/schuetzenverein-hemsen.de\/index.php?rest_route=\/wp\/v2\/users\/1"}],"replies":[{"embeddable":true,"href":"http:\/\/schuetzenverein-hemsen.de\/index.php?rest_route=%2Fwp%2Fv2%2Fcomments&post=18"}],"version-history":[{"count":87,"href":"http:\/\/schuetzenverein-hemsen.de\/index.php?rest_route=\/wp\/v2\/pages\/18\/revisions"}],"predecessor-version":[{"id":1857,"href":"http:\/\/schuetzenverein-hemsen.de\/index.php?rest_route=\/wp\/v2\/pages\/18\/revisions\/1857"}],"up":[{"embeddable":true,"href":"http:\/\/schuetzenverein-hemsen.de\/index.php?rest_route=\/wp\/v2\/pages\/7"}],"wp:attachment":[{"href":"http:\/\/schuetzenverein-hemsen.de\/index.php?rest_route=%2Fwp%2Fv2%2Fmedia&parent=18"}],"curies":[{"name":"wp","href":"https:\/\/api.w.org\/{rel}","templated":true}]}}