{"id":1836,"date":"2025-07-01T13:44:04","date_gmt":"2025-07-01T11:44:04","guid":{"rendered":"https:\/\/schuetzenverein-hemsen.de\/?page_id=1836"},"modified":"2025-07-01T13:45:27","modified_gmt":"2025-07-01T11:45:27","slug":"thron-2025-2026-koenig-ingo-wiggelinghoff","status":"publish","type":"page","link":"http:\/\/schuetzenverein-hemsen.de\/?page_id=1836","title":{"rendered":"Thron 2025\/2026 K\u00f6nig Ingo Wiggelinghoff"},"content":{"rendered":"\n<figure class=\"wp-block-image size-large\"><img loading=\"lazy\" decoding=\"async\" width=\"1024\" height=\"532\" src=\"https:\/\/schuetzenverein-hemsen.de\/wordpress\/wp-content\/uploads\/2025\/07\/Thron-2025-26-1024x532.jpg\" alt=\"\" class=\"wp-image-1837\" srcset=\"http:\/\/schuetzenverein-hemsen.de\/wordpress\/wp-content\/uploads\/2025\/07\/Thron-2025-26-1024x532.jpg 1024w, http:\/\/schuetzenverein-hemsen.de\/wordpress\/wp-content\/uploads\/2025\/07\/Thron-2025-26-300x156.jpg 300w, http:\/\/schuetzenverein-hemsen.de\/wordpress\/wp-content\/uploads\/2025\/07\/Thron-2025-26-768x399.jpg 768w, http:\/\/schuetzenverein-hemsen.de\/wordpress\/wp-content\/uploads\/2025\/07\/Thron-2025-26.jpg 1271w\" sizes=\"auto, (max-width: 1024px) 100vw, 1024px\" \/><\/figure>\n\n\n\n<p>v.l.n.r.<br>J\u00f6rg und Stefanie Gerdelmann<br>Henning Fischer und Stephanie Feldhaus<br>Hendrik und Andrea Naber<br>Christoph und Anja Tschan<br>Daniel Dick und Lena Rehnen<br>K\u00f6nig Ingo und K\u00f6nigin Kerstin Wiggelinghoff<br>Guido und Claudia Stegemann<br>Alexander und Manja Heydt<br>Stefan und Sylvia Kr\u00fc\u00dfel<br>Hermann und Kathrin Vieler<br><br><\/p>\n","protected":false},"excerpt":{"rendered":"<p>v.l.n.r.J\u00f6rg und Stefanie GerdelmannHenning Fischer und Stephanie FeldhausHendrik und Andrea NaberChristoph und Anja TschanDaniel Dick und Lena RehnenK\u00f6nig Ingo und K\u00f6nigin Kerstin WiggelinghoffGuido und Claudia StegemannAlexander und Manja HeydtStefan und Sylvia Kr\u00fc\u00dfelHermann und Kathrin Vieler<\/p>\n","protected":false},"author":1,"featured_media":0,"parent":80,"menu_order":0,"comment_status":"closed","ping_status":"closed","template":"","meta":{"footnotes":""},"class_list":["post-1836","page","type-page","status-publish","hentry"],"_links":{"self":[{"href":"http:\/\/schuetzenverein-hemsen.de\/index.php?rest_route=\/wp\/v2\/pages\/1836","targetHints":{"allow":["GET"]}}],"collection":[{"href":"http:\/\/schuetzenverein-hemsen.de\/index.php?rest_route=\/wp\/v2\/pages"}],"about":[{"href":"http:\/\/schuetzenverein-hemsen.de\/index.php?rest_route=\/wp\/v2\/types\/page"}],"author":[{"embeddable":true,"href":"http:\/\/schuetzenverein-hemsen.de\/index.php?rest_route=\/wp\/v2\/users\/1"}],"replies":[{"embeddable":true,"href":"http:\/\/schuetzenverein-hemsen.de\/index.php?rest_route=%2Fwp%2Fv2%2Fcomments&post=1836"}],"version-history":[{"count":2,"href":"http:\/\/schuetzenverein-hemsen.de\/index.php?rest_route=\/wp\/v2\/pages\/1836\/revisions"}],"predecessor-version":[{"id":1840,"href":"http:\/\/schuetzenverein-hemsen.de\/index.php?rest_route=\/wp\/v2\/pages\/1836\/revisions\/1840"}],"up":[{"embeddable":true,"href":"http:\/\/schuetzenverein-hemsen.de\/index.php?rest_route=\/wp\/v2\/pages\/80"}],"wp:attachment":[{"href":"http:\/\/schuetzenverein-hemsen.de\/index.php?rest_route=%2Fwp%2Fv2%2Fmedia&parent=1836"}],"curies":[{"name":"wp","href":"https:\/\/api.w.org\/{rel}","templated":true}]}}