{"id":261,"date":"2013-10-14T16:54:09","date_gmt":"2013-10-14T14:54:09","guid":{"rendered":"http:\/\/schuetzenverein-hemsen.de\/wordpress\/?page_id=261"},"modified":"2013-10-17T21:24:41","modified_gmt":"2013-10-17T19:24:41","slug":"thron-2","status":"publish","type":"page","link":"http:\/\/schuetzenverein-hemsen.de\/?page_id=261","title":{"rendered":"Thron 1950\/1951: K\u00f6nig Bernhard I."},"content":{"rendered":"<p><strong>Das K\u00f6nigspaar 1950\/1951:<\/strong> K\u00f6nigin Christine Klaas und K\u00f6nig Bernhard Tiemann. Leider steht aus diesem Jahr kein Foto des kompletten Throns zur Verf\u00fcgung. Weiteres Throngefolge: Josef Klaas und Maria Tiemann, Hermann Wolters und Grete Mecklenburg, Rudolf Mecklenburg und Christine Wolters.<\/p>\n<p><a href=\"http:\/\/schuetzenverein-hemsen.de\/wordpress\/wp-content\/uploads\/2013\/10\/Thron1950-1951_Chronik-Hemsen_Innenteil_RZ_2012-04.jpg\"><img loading=\"lazy\" decoding=\"async\" class=\"aligncenter size-full wp-image-680\" alt=\"Thron1950-1951_Chronik-Hemsen_Innenteil_RZ_2012-04\" src=\"http:\/\/schuetzenverein-hemsen.de\/wordpress\/wp-content\/uploads\/2013\/10\/Thron1950-1951_Chronik-Hemsen_Innenteil_RZ_2012-04.jpg\" width=\"500\" height=\"361\" srcset=\"http:\/\/schuetzenverein-hemsen.de\/wordpress\/wp-content\/uploads\/2013\/10\/Thron1950-1951_Chronik-Hemsen_Innenteil_RZ_2012-04.jpg 500w, http:\/\/schuetzenverein-hemsen.de\/wordpress\/wp-content\/uploads\/2013\/10\/Thron1950-1951_Chronik-Hemsen_Innenteil_RZ_2012-04-300x216.jpg 300w\" sizes=\"auto, (max-width: 500px) 100vw, 500px\" \/><\/a><\/p>\n","protected":false},"excerpt":{"rendered":"<p>Das K\u00f6nigspaar 1950\/1951: K\u00f6nigin Christine Klaas und K\u00f6nig Bernhard Tiemann. Leider steht aus diesem Jahr kein Foto des kompletten Throns zur Verf\u00fcgung. Weiteres Throngefolge: Josef Klaas und Maria Tiemann, Hermann Wolters und Grete Mecklenburg, Rudolf Mecklenburg und Christine Wolters.<\/p>\n","protected":false},"author":1,"featured_media":0,"parent":80,"menu_order":0,"comment_status":"closed","ping_status":"closed","template":"","meta":{"footnotes":""},"class_list":["post-261","page","type-page","status-publish","hentry"],"_links":{"self":[{"href":"http:\/\/schuetzenverein-hemsen.de\/index.php?rest_route=\/wp\/v2\/pages\/261","targetHints":{"allow":["GET"]}}],"collection":[{"href":"http:\/\/schuetzenverein-hemsen.de\/index.php?rest_route=\/wp\/v2\/pages"}],"about":[{"href":"http:\/\/schuetzenverein-hemsen.de\/index.php?rest_route=\/wp\/v2\/types\/page"}],"author":[{"embeddable":true,"href":"http:\/\/schuetzenverein-hemsen.de\/index.php?rest_route=\/wp\/v2\/users\/1"}],"replies":[{"embeddable":true,"href":"http:\/\/schuetzenverein-hemsen.de\/index.php?rest_route=%2Fwp%2Fv2%2Fcomments&post=261"}],"version-history":[{"count":6,"href":"http:\/\/schuetzenverein-hemsen.de\/index.php?rest_route=\/wp\/v2\/pages\/261\/revisions"}],"predecessor-version":[{"id":263,"href":"http:\/\/schuetzenverein-hemsen.de\/index.php?rest_route=\/wp\/v2\/pages\/261\/revisions\/263"}],"up":[{"embeddable":true,"href":"http:\/\/schuetzenverein-hemsen.de\/index.php?rest_route=\/wp\/v2\/pages\/80"}],"wp:attachment":[{"href":"http:\/\/schuetzenverein-hemsen.de\/index.php?rest_route=%2Fwp%2Fv2%2Fmedia&parent=261"}],"curies":[{"name":"wp","href":"https:\/\/api.w.org\/{rel}","templated":true}]}}