{"id":34,"date":"2013-10-10T08:07:46","date_gmt":"2013-10-10T08:07:46","guid":{"rendered":"http:\/\/schuetzenverein-hemsen.de\/wordpress\/?page_id=34"},"modified":"2013-11-06T11:02:40","modified_gmt":"2013-11-06T09:02:40","slug":"mitgliedschaft","status":"publish","type":"page","link":"http:\/\/schuetzenverein-hemsen.de\/?page_id=34","title":{"rendered":"Mitglied werden"},"content":{"rendered":"<p>Der Sch\u00fctzenverein Hemsen e. V. ist einer der mitgliederst\u00e4rksten Sch\u00fctzenvereine im Altkreis Meppen. Wir freuen uns immer \u00fcber neue Mitglieder, die mit uns den Schie\u00dfsport pflegen, die Ortsgemeinschaft f\u00f6rdern und gute Traditionen bewahren wollen.<\/p>\n<p>Zum <strong>Mitgliedsantrag<\/strong> gelangen Sie <a title=\"Mitgliedsantrag\" href=\"http:\/\/schuetzenverein-hemsen.de\/wordpress\/?page_id=952\">HIER (bitte klicken)<\/a>.<\/p>\n<p>Zur <strong>Vereinssatzung<\/strong> gelangen Sie <a title=\"Satzung\" href=\"http:\/\/schuetzenverein-hemsen.de\/wordpress\/?page_id=38\">HIER (bitte klicken)<\/a>.<\/p>\n","protected":false},"excerpt":{"rendered":"<p>Der Sch\u00fctzenverein Hemsen e. V. ist einer der mitgliederst\u00e4rksten Sch\u00fctzenvereine im Altkreis Meppen. Wir freuen uns immer \u00fcber neue Mitglieder, die mit uns den Schie\u00dfsport pflegen, die Ortsgemeinschaft f\u00f6rdern und gute Traditionen bewahren wollen. Zum Mitgliedsantrag gelangen Sie HIER (bitte &hellip; <a href=\"http:\/\/schuetzenverein-hemsen.de\/?page_id=34\">Weiterlesen <span class=\"meta-nav\">&rarr;<\/span><\/a><\/p>\n","protected":false},"author":1,"featured_media":0,"parent":0,"menu_order":50,"comment_status":"closed","ping_status":"closed","template":"","meta":{"footnotes":""},"class_list":["post-34","page","type-page","status-publish","hentry"],"_links":{"self":[{"href":"http:\/\/schuetzenverein-hemsen.de\/index.php?rest_route=\/wp\/v2\/pages\/34","targetHints":{"allow":["GET"]}}],"collection":[{"href":"http:\/\/schuetzenverein-hemsen.de\/index.php?rest_route=\/wp\/v2\/pages"}],"about":[{"href":"http:\/\/schuetzenverein-hemsen.de\/index.php?rest_route=\/wp\/v2\/types\/page"}],"author":[{"embeddable":true,"href":"http:\/\/schuetzenverein-hemsen.de\/index.php?rest_route=\/wp\/v2\/users\/1"}],"replies":[{"embeddable":true,"href":"http:\/\/schuetzenverein-hemsen.de\/index.php?rest_route=%2Fwp%2Fv2%2Fcomments&post=34"}],"version-history":[{"count":14,"href":"http:\/\/schuetzenverein-hemsen.de\/index.php?rest_route=\/wp\/v2\/pages\/34\/revisions"}],"predecessor-version":[{"id":36,"href":"http:\/\/schuetzenverein-hemsen.de\/index.php?rest_route=\/wp\/v2\/pages\/34\/revisions\/36"}],"wp:attachment":[{"href":"http:\/\/schuetzenverein-hemsen.de\/index.php?rest_route=%2Fwp%2Fv2%2Fmedia&parent=34"}],"curies":[{"name":"wp","href":"https:\/\/api.w.org\/{rel}","templated":true}]}}