{"id":41,"date":"2013-10-10T08:12:15","date_gmt":"2013-10-10T08:12:15","guid":{"rendered":"http:\/\/schuetzenverein-hemsen.de\/wordpress\/?page_id=41"},"modified":"2017-09-19T19:26:35","modified_gmt":"2017-09-19T17:26:35","slug":"schutzenklasse","status":"publish","type":"page","link":"http:\/\/schuetzenverein-hemsen.de\/?page_id=41","title":{"rendered":"Pokalsieger-Wettbewerb"},"content":{"rendered":"<p>Die aktuelle Rangliste als PDF (Stand: Abschluss 2017):<br \/>\n<a href=\"http:\/\/schuetzenverein-hemsen.de\/wordpress\/wp-content\/uploads\/2017\/09\/Schie\u00dftabelle-6.2017.xls\">Schie\u00dftabelle 6.2017<\/a><\/p>\n<p style=\"text-align: center;\">***<\/p>\n<p>Der Hemsener Pokalsiegerwettbewerb entstand aus dem 1961 eingef\u00fchrten Plakettenschie\u00dfen. Anfangs wurde dort am Saisonende nicht gestochen, allerdings wurde im Jahr 1967 eine Wanderplakette angeschafft, auf der am Ende des Jahres der Name des besten Sch\u00fctzen eingraviert wurde. Es musste also ein eindeutiger Sieger her, deshalb wurde fortan am Saisonende bei Ergebnisgleichheit ein Gesamtsieger der kompletten Schie\u00dfsaison ausgestochen. Da neben der besagten Wanderplakette (um die bis zum Jahr 1972 geschossen wurde, Gewinner wurde Hermann van der P\u00fctten) seitdem auch in jedem Jahr verschiedene Pokale zur Vergabe standen, hatte der Wettbewerb auch bald einen Namen: Pokalsiegerwettbewerb! Seit 1992 wird der Titel in den beiden Altersgruppen Sch\u00fctzenklasse und Seniorenklasse separat vergeben.<\/p>\n<p>Bei jedem Plakettenschie\u00dfen hat jeder Sch\u00fctze eine beliebige Anzahl selbst zu zahlender S\u00e4tze zur Verf\u00fcgung. Der beste Satz wird gewertet und geht f\u00fcr den Sch\u00fctzen sowohl in die Plakettenvergabe f\u00fcr die Uniform als auch in den Pokalsiegerwettbewerb ein. Die zu erreichende Jahresh\u00f6chstringzahl sind demnach 300 Ringe (5 Wertungsschie\u00dfen mit je 60 maximal zu erreichenden Ringen). Direkt nach Abschluss des letzten Schie\u00dfens treten die erfolgreichen &#8222;300er-Sch\u00fctzen&#8220; gegeneinander zum Stechen an.<\/p>\n<p>Im Jahr 2004 wurde f\u00fcr die Pokalsieger ein Sonderorden (am Uniformkragen links zu tragen) mit Gravur der Jahreszahl eingef\u00fchrt, der dem Erstplatzierten bei der folgenden Herbstgeneralversammlung \u00fcberreicht wird. Sollte der Sch\u00fctze in den Folgejahren noch einmal Pokalsieger werden, wird die neue Jahreszahl auf diesem Orden erg\u00e4nzt.<\/p>\n<p style=\"text-align: center;\">***<\/p>\n<p style=\"text-align: left;\"><strong>Die bisherigen Pokalsieger des Sch\u00fctzenvereins Hemsen ab 1992<\/strong><br \/>\n<strong> (Jahr | Sieger Sch\u00fctzenklasse | Sieger Seniorenklasse)<\/strong><\/p>\n<ul>\n<li style=\"text-align: left; padding-left: 60px;\"><strong>2017 <\/strong>| Martin Leffers | Gerd Baalmann<\/li>\n<li style=\"text-align: left; padding-left: 60px;\"><strong>2016<\/strong> | Frank Wertmann | Gerd Baalmann<\/li>\n<li style=\"text-align: left; padding-left: 60px;\"><strong>2015 <\/strong>| Dennis Hessel | Hubert Leigers<\/li>\n<li style=\"text-align: left; padding-left: 60px;\"><strong>2014<\/strong> |Bernd Fischer\u00a0 | Gerd Baalmann<\/li>\n<li style=\"text-align: left; padding-left: 60px;\"><strong>2013<\/strong> | Bernd Fischer | Gerd Baalmann<br \/>\n<strong>2012<\/strong> | Henning Fischer | Aloys S\u00fcrken<br \/>\n<strong>2011<\/strong> | Bernd Fischer | Aloys S\u00fcrken<br \/>\n<strong>2010<\/strong> | Dirk Gruth | Josef Klaas<br \/>\n<strong>2009<\/strong> | Bernd Fischer | Gerd Tenbruck<br \/>\n<strong>2008<\/strong> | Gerd Baalmann | Meint Hinrichs<br \/>\n<strong>2007<\/strong> | Gerd Baalmann | Meint Hinrichs<br \/>\n<strong>2006<\/strong> | J\u00fcrgen Stroot | Josef Klaas<br \/>\n<strong>2005<\/strong> | Gerd Baalmann | Rolf Schnieders<br \/>\n<strong>2004<\/strong> | Henning Fischer | Josef Klaas<br \/>\n<strong>2003<\/strong> | Martin Leffers | Josef Klaas<br \/>\n<strong>2002<\/strong> | Hubert Leigers | Josef Klaas<br \/>\n<strong>2001<\/strong> | Hubert Leigers | Hermann van der P\u00fctten<br \/>\n<strong>2000<\/strong> | Frank Wertmann | Hermann van der P\u00fctten<br \/>\n<strong>1999<\/strong> | Hubert Leigers | Hermann T\u00f6bben<br \/>\n<strong>1998<\/strong> | Gerd Baalmann | Heinrich Robben<br \/>\n<strong>1997<\/strong> | Rolf Schnieders | Josef Klaas<br \/>\n<strong>1996<\/strong> | Norbert T\u00f6bben | Hermann van der P\u00fctten<br \/>\n<strong>1995<\/strong> | Rolf Schnieders | Heinrich Robben<br \/>\n<strong>1994<\/strong> | Heinz Anneken (Bauer) | Bernhard Bruns<br \/>\n<strong>1993<\/strong> | Norbert T\u00f6bben | Hermann van der P\u00fctten<br \/>\n<strong>1992<\/strong> | Heinz Anneken (Bauer) | Heinz van Zoest<\/li>\n<\/ul>\n","protected":false},"excerpt":{"rendered":"<p>Die aktuelle Rangliste als PDF (Stand: Abschluss 2017): Schie\u00dftabelle 6.2017 *** Der Hemsener Pokalsiegerwettbewerb entstand aus dem 1961 eingef\u00fchrten Plakettenschie\u00dfen. Anfangs wurde dort am Saisonende nicht gestochen, allerdings wurde im Jahr 1967 eine Wanderplakette angeschafft, auf der am Ende des &hellip; <a href=\"http:\/\/schuetzenverein-hemsen.de\/?page_id=41\">Weiterlesen <span class=\"meta-nav\">&rarr;<\/span><\/a><\/p>\n","protected":false},"author":1,"featured_media":0,"parent":10,"menu_order":1,"comment_status":"closed","ping_status":"closed","template":"","meta":{"footnotes":""},"class_list":["post-41","page","type-page","status-publish","hentry"],"_links":{"self":[{"href":"http:\/\/schuetzenverein-hemsen.de\/index.php?rest_route=\/wp\/v2\/pages\/41","targetHints":{"allow":["GET"]}}],"collection":[{"href":"http:\/\/schuetzenverein-hemsen.de\/index.php?rest_route=\/wp\/v2\/pages"}],"about":[{"href":"http:\/\/schuetzenverein-hemsen.de\/index.php?rest_route=\/wp\/v2\/types\/page"}],"author":[{"embeddable":true,"href":"http:\/\/schuetzenverein-hemsen.de\/index.php?rest_route=\/wp\/v2\/users\/1"}],"replies":[{"embeddable":true,"href":"http:\/\/schuetzenverein-hemsen.de\/index.php?rest_route=%2Fwp%2Fv2%2Fcomments&post=41"}],"version-history":[{"count":43,"href":"http:\/\/schuetzenverein-hemsen.de\/index.php?rest_route=\/wp\/v2\/pages\/41\/revisions"}],"predecessor-version":[{"id":1465,"href":"http:\/\/schuetzenverein-hemsen.de\/index.php?rest_route=\/wp\/v2\/pages\/41\/revisions\/1465"}],"up":[{"embeddable":true,"href":"http:\/\/schuetzenverein-hemsen.de\/index.php?rest_route=\/wp\/v2\/pages\/10"}],"wp:attachment":[{"href":"http:\/\/schuetzenverein-hemsen.de\/index.php?rest_route=%2Fwp%2Fv2%2Fmedia&parent=41"}],"curies":[{"name":"wp","href":"https:\/\/api.w.org\/{rel}","templated":true}]}}