{"id":415,"date":"2013-10-17T17:48:14","date_gmt":"2013-10-17T15:48:14","guid":{"rendered":"http:\/\/schuetzenverein-hemsen.de\/wordpress\/?page_id=415"},"modified":"2013-10-17T21:23:58","modified_gmt":"2013-10-17T19:23:58","slug":"thron-19491950-konig-heinrich-ii","status":"publish","type":"page","link":"http:\/\/schuetzenverein-hemsen.de\/?page_id=415","title":{"rendered":"Thron 1949\/1950: K\u00f6nig Heinrich II."},"content":{"rendered":"<p><strong>Der Sch\u00fctzenthron 1949\/1950:<\/strong> Toni Brockmann, Bernhard B\u00fcrschen, Helene B\u00fcrschen, Karl Brockmann, K\u00f6nigin Elisabeth Thole, K\u00f6nig Heinrich Koopmann, Anni Koopmann, Franz Thole, Vorstandsmitglied Heinrich M\u00fcller.<\/p>\n<p><a href=\"http:\/\/schuetzenverein-hemsen.de\/wordpress\/wp-content\/uploads\/2013\/10\/Thron1949-1950_Chronik-Hemsen_Innenteil_RZ_2012-04.jpg\"><img loading=\"lazy\" decoding=\"async\" class=\"aligncenter size-full wp-image-677\" alt=\"Thron1949-1950_Chronik-Hemsen_Innenteil_RZ_2012-04\" src=\"http:\/\/schuetzenverein-hemsen.de\/wordpress\/wp-content\/uploads\/2013\/10\/Thron1949-1950_Chronik-Hemsen_Innenteil_RZ_2012-04.jpg\" width=\"500\" height=\"269\" srcset=\"http:\/\/schuetzenverein-hemsen.de\/wordpress\/wp-content\/uploads\/2013\/10\/Thron1949-1950_Chronik-Hemsen_Innenteil_RZ_2012-04.jpg 500w, http:\/\/schuetzenverein-hemsen.de\/wordpress\/wp-content\/uploads\/2013\/10\/Thron1949-1950_Chronik-Hemsen_Innenteil_RZ_2012-04-300x161.jpg 300w\" sizes=\"auto, (max-width: 500px) 100vw, 500px\" \/><\/a><\/p>\n","protected":false},"excerpt":{"rendered":"<p>Der Sch\u00fctzenthron 1949\/1950: Toni Brockmann, Bernhard B\u00fcrschen, Helene B\u00fcrschen, Karl Brockmann, K\u00f6nigin Elisabeth Thole, K\u00f6nig Heinrich Koopmann, Anni Koopmann, Franz Thole, Vorstandsmitglied Heinrich M\u00fcller.<\/p>\n","protected":false},"author":1,"featured_media":0,"parent":80,"menu_order":0,"comment_status":"closed","ping_status":"closed","template":"","meta":{"footnotes":""},"class_list":["post-415","page","type-page","status-publish","hentry"],"_links":{"self":[{"href":"http:\/\/schuetzenverein-hemsen.de\/index.php?rest_route=\/wp\/v2\/pages\/415","targetHints":{"allow":["GET"]}}],"collection":[{"href":"http:\/\/schuetzenverein-hemsen.de\/index.php?rest_route=\/wp\/v2\/pages"}],"about":[{"href":"http:\/\/schuetzenverein-hemsen.de\/index.php?rest_route=\/wp\/v2\/types\/page"}],"author":[{"embeddable":true,"href":"http:\/\/schuetzenverein-hemsen.de\/index.php?rest_route=\/wp\/v2\/users\/1"}],"replies":[{"embeddable":true,"href":"http:\/\/schuetzenverein-hemsen.de\/index.php?rest_route=%2Fwp%2Fv2%2Fcomments&post=415"}],"version-history":[{"count":4,"href":"http:\/\/schuetzenverein-hemsen.de\/index.php?rest_route=\/wp\/v2\/pages\/415\/revisions"}],"predecessor-version":[{"id":442,"href":"http:\/\/schuetzenverein-hemsen.de\/index.php?rest_route=\/wp\/v2\/pages\/415\/revisions\/442"}],"up":[{"embeddable":true,"href":"http:\/\/schuetzenverein-hemsen.de\/index.php?rest_route=\/wp\/v2\/pages\/80"}],"wp:attachment":[{"href":"http:\/\/schuetzenverein-hemsen.de\/index.php?rest_route=%2Fwp%2Fv2%2Fmedia&parent=415"}],"curies":[{"name":"wp","href":"https:\/\/api.w.org\/{rel}","templated":true}]}}