{"id":420,"date":"2013-10-17T17:49:40","date_gmt":"2013-10-17T15:49:40","guid":{"rendered":"http:\/\/schuetzenverein-hemsen.de\/wordpress\/?page_id=420"},"modified":"2013-10-17T21:26:58","modified_gmt":"2013-10-17T19:26:58","slug":"thron-19531954-konig-hans-i","status":"publish","type":"page","link":"http:\/\/schuetzenverein-hemsen.de\/?page_id=420","title":{"rendered":"Thron 1953\/1954: K\u00f6nig Hans I."},"content":{"rendered":"<p><strong>Der Sch\u00fctzenthron 1953\/1954 (von links nach rechts):<\/strong> Grete M\u00fcller, Heinz van Zoest, K\u00f6nigin \u00c4nne van Zoest, K\u00f6nig Hans M\u00fcller, Lene B\u00fcrschen, Hermann Gerdzen (verdeckt), Thronadjutant Bernhard M\u00fcller. Unten kniend: Lene van Zoest, Bernhard B\u00fcrschen.<\/p>\n<p><a href=\"http:\/\/schuetzenverein-hemsen.de\/wordpress\/wp-content\/uploads\/2013\/10\/Thron1953-1954_Chronik-Hemsen_Innenteil_RZ_2012-04.jpg\"><img loading=\"lazy\" decoding=\"async\" class=\"aligncenter size-full wp-image-689\" alt=\"Thron1953-1954_Chronik-Hemsen_Innenteil_RZ_2012-04\" src=\"http:\/\/schuetzenverein-hemsen.de\/wordpress\/wp-content\/uploads\/2013\/10\/Thron1953-1954_Chronik-Hemsen_Innenteil_RZ_2012-04.jpg\" width=\"500\" height=\"360\" srcset=\"http:\/\/schuetzenverein-hemsen.de\/wordpress\/wp-content\/uploads\/2013\/10\/Thron1953-1954_Chronik-Hemsen_Innenteil_RZ_2012-04.jpg 500w, http:\/\/schuetzenverein-hemsen.de\/wordpress\/wp-content\/uploads\/2013\/10\/Thron1953-1954_Chronik-Hemsen_Innenteil_RZ_2012-04-300x216.jpg 300w\" sizes=\"auto, (max-width: 500px) 100vw, 500px\" \/><\/a><\/p>\n","protected":false},"excerpt":{"rendered":"<p>Der Sch\u00fctzenthron 1953\/1954 (von links nach rechts): Grete M\u00fcller, Heinz van Zoest, K\u00f6nigin \u00c4nne van Zoest, K\u00f6nig Hans M\u00fcller, Lene B\u00fcrschen, Hermann Gerdzen (verdeckt), Thronadjutant Bernhard M\u00fcller. Unten kniend: Lene van Zoest, Bernhard B\u00fcrschen.<\/p>\n","protected":false},"author":1,"featured_media":0,"parent":80,"menu_order":0,"comment_status":"closed","ping_status":"closed","template":"","meta":{"footnotes":""},"class_list":["post-420","page","type-page","status-publish","hentry"],"_links":{"self":[{"href":"http:\/\/schuetzenverein-hemsen.de\/index.php?rest_route=\/wp\/v2\/pages\/420","targetHints":{"allow":["GET"]}}],"collection":[{"href":"http:\/\/schuetzenverein-hemsen.de\/index.php?rest_route=\/wp\/v2\/pages"}],"about":[{"href":"http:\/\/schuetzenverein-hemsen.de\/index.php?rest_route=\/wp\/v2\/types\/page"}],"author":[{"embeddable":true,"href":"http:\/\/schuetzenverein-hemsen.de\/index.php?rest_route=\/wp\/v2\/users\/1"}],"replies":[{"embeddable":true,"href":"http:\/\/schuetzenverein-hemsen.de\/index.php?rest_route=%2Fwp%2Fv2%2Fcomments&post=420"}],"version-history":[{"count":5,"href":"http:\/\/schuetzenverein-hemsen.de\/index.php?rest_route=\/wp\/v2\/pages\/420\/revisions"}],"predecessor-version":[{"id":451,"href":"http:\/\/schuetzenverein-hemsen.de\/index.php?rest_route=\/wp\/v2\/pages\/420\/revisions\/451"}],"up":[{"embeddable":true,"href":"http:\/\/schuetzenverein-hemsen.de\/index.php?rest_route=\/wp\/v2\/pages\/80"}],"wp:attachment":[{"href":"http:\/\/schuetzenverein-hemsen.de\/index.php?rest_route=%2Fwp%2Fv2%2Fmedia&parent=420"}],"curies":[{"name":"wp","href":"https:\/\/api.w.org\/{rel}","templated":true}]}}