{"id":432,"date":"2013-10-17T17:51:08","date_gmt":"2013-10-17T15:51:08","guid":{"rendered":"http:\/\/schuetzenverein-hemsen.de\/wordpress\/?page_id=432"},"modified":"2013-10-17T21:31:23","modified_gmt":"2013-10-17T19:31:23","slug":"thron-19591960-konig-gerhard-iii","status":"publish","type":"page","link":"http:\/\/schuetzenverein-hemsen.de\/?page_id=432","title":{"rendered":"Thron 1959\/1960: K\u00f6nig Gerhard III."},"content":{"rendered":"<p><strong>Der Sch\u00fctzenthron 1959\/1960 (v. l. n. r.):<\/strong> Anni Klaas, Josef Vo\u00df, K\u00f6nigin Helene Vieler, K\u00f6nig Gerhard Klaas, Katharina Klaas, Johann Wiggelinghoff, Anna Wiggelinghoff und Heinrich Klaas.<\/p>\n<p><a href=\"http:\/\/schuetzenverein-hemsen.de\/wordpress\/wp-content\/uploads\/2013\/10\/Thron1959-1960_Chronik-Hemsen_Innenteil_RZ_2012-04.jpg\"><img loading=\"lazy\" decoding=\"async\" class=\"aligncenter size-full wp-image-706\" alt=\"Thron1959-1960_Chronik-Hemsen_Innenteil_RZ_2012-04\" src=\"http:\/\/schuetzenverein-hemsen.de\/wordpress\/wp-content\/uploads\/2013\/10\/Thron1959-1960_Chronik-Hemsen_Innenteil_RZ_2012-04.jpg\" width=\"500\" height=\"340\" srcset=\"http:\/\/schuetzenverein-hemsen.de\/wordpress\/wp-content\/uploads\/2013\/10\/Thron1959-1960_Chronik-Hemsen_Innenteil_RZ_2012-04.jpg 500w, http:\/\/schuetzenverein-hemsen.de\/wordpress\/wp-content\/uploads\/2013\/10\/Thron1959-1960_Chronik-Hemsen_Innenteil_RZ_2012-04-300x204.jpg 300w\" sizes=\"auto, (max-width: 500px) 100vw, 500px\" \/><\/a><\/p>\n","protected":false},"excerpt":{"rendered":"<p>Der Sch\u00fctzenthron 1959\/1960 (v. l. n. r.): Anni Klaas, Josef Vo\u00df, K\u00f6nigin Helene Vieler, K\u00f6nig Gerhard Klaas, Katharina Klaas, Johann Wiggelinghoff, Anna Wiggelinghoff und Heinrich Klaas.<\/p>\n","protected":false},"author":1,"featured_media":0,"parent":80,"menu_order":0,"comment_status":"closed","ping_status":"closed","template":"","meta":{"footnotes":""},"class_list":["post-432","page","type-page","status-publish","hentry"],"_links":{"self":[{"href":"http:\/\/schuetzenverein-hemsen.de\/index.php?rest_route=\/wp\/v2\/pages\/432","targetHints":{"allow":["GET"]}}],"collection":[{"href":"http:\/\/schuetzenverein-hemsen.de\/index.php?rest_route=\/wp\/v2\/pages"}],"about":[{"href":"http:\/\/schuetzenverein-hemsen.de\/index.php?rest_route=\/wp\/v2\/types\/page"}],"author":[{"embeddable":true,"href":"http:\/\/schuetzenverein-hemsen.de\/index.php?rest_route=\/wp\/v2\/users\/1"}],"replies":[{"embeddable":true,"href":"http:\/\/schuetzenverein-hemsen.de\/index.php?rest_route=%2Fwp%2Fv2%2Fcomments&post=432"}],"version-history":[{"count":5,"href":"http:\/\/schuetzenverein-hemsen.de\/index.php?rest_route=\/wp\/v2\/pages\/432\/revisions"}],"predecessor-version":[{"id":463,"href":"http:\/\/schuetzenverein-hemsen.de\/index.php?rest_route=\/wp\/v2\/pages\/432\/revisions\/463"}],"up":[{"embeddable":true,"href":"http:\/\/schuetzenverein-hemsen.de\/index.php?rest_route=\/wp\/v2\/pages\/80"}],"wp:attachment":[{"href":"http:\/\/schuetzenverein-hemsen.de\/index.php?rest_route=%2Fwp%2Fv2%2Fmedia&parent=432"}],"curies":[{"name":"wp","href":"https:\/\/api.w.org\/{rel}","templated":true}]}}