{"id":446,"date":"2013-10-17T18:56:20","date_gmt":"2013-10-17T16:56:20","guid":{"rendered":"http:\/\/schuetzenverein-hemsen.de\/wordpress\/?page_id=446"},"modified":"2013-10-17T21:25:23","modified_gmt":"2013-10-17T19:25:23","slug":"thron-19511952-konig-gerhard-i","status":"publish","type":"page","link":"http:\/\/schuetzenverein-hemsen.de\/?page_id=446","title":{"rendered":"Thron 1951\/1952: K\u00f6nig Gerhard I."},"content":{"rendered":"<p><strong>Der Sch\u00fctzenthron 1951\/1952:<\/strong> Links im Bild K\u00f6nigin Anna Anneken und K\u00f6nig Gerhard Jansen. Auch aus diesem Jahr steht leider kein Foto des kompletten Throns zur Verf\u00fcgung. Weiteres Throngefolge: Lambert Anneken, Elisabeth Jansen, Heinrich Anneken, Maria Klaas, Heinrich Klaas, Josefine Anneken.<\/p>\n<p><a href=\"http:\/\/schuetzenverein-hemsen.de\/wordpress\/wp-content\/uploads\/2013\/10\/Thron1951-1952_Chronik-Hemsen_Innenteil_RZ_2012-04.jpg\"><img loading=\"lazy\" decoding=\"async\" class=\"aligncenter size-full wp-image-683\" alt=\"Thron1951-1952_Chronik-Hemsen_Innenteil_RZ_2012-04\" src=\"http:\/\/schuetzenverein-hemsen.de\/wordpress\/wp-content\/uploads\/2013\/10\/Thron1951-1952_Chronik-Hemsen_Innenteil_RZ_2012-04.jpg\" width=\"500\" height=\"360\" srcset=\"http:\/\/schuetzenverein-hemsen.de\/wordpress\/wp-content\/uploads\/2013\/10\/Thron1951-1952_Chronik-Hemsen_Innenteil_RZ_2012-04.jpg 500w, http:\/\/schuetzenverein-hemsen.de\/wordpress\/wp-content\/uploads\/2013\/10\/Thron1951-1952_Chronik-Hemsen_Innenteil_RZ_2012-04-300x216.jpg 300w\" sizes=\"auto, (max-width: 500px) 100vw, 500px\" \/><\/a><\/p>\n","protected":false},"excerpt":{"rendered":"<p>Der Sch\u00fctzenthron 1951\/1952: Links im Bild K\u00f6nigin Anna Anneken und K\u00f6nig Gerhard Jansen. Auch aus diesem Jahr steht leider kein Foto des kompletten Throns zur Verf\u00fcgung. Weiteres Throngefolge: Lambert Anneken, Elisabeth Jansen, Heinrich Anneken, Maria Klaas, Heinrich Klaas, Josefine Anneken.<\/p>\n","protected":false},"author":1,"featured_media":0,"parent":80,"menu_order":0,"comment_status":"closed","ping_status":"closed","template":"","meta":{"footnotes":""},"class_list":["post-446","page","type-page","status-publish","hentry"],"_links":{"self":[{"href":"http:\/\/schuetzenverein-hemsen.de\/index.php?rest_route=\/wp\/v2\/pages\/446","targetHints":{"allow":["GET"]}}],"collection":[{"href":"http:\/\/schuetzenverein-hemsen.de\/index.php?rest_route=\/wp\/v2\/pages"}],"about":[{"href":"http:\/\/schuetzenverein-hemsen.de\/index.php?rest_route=\/wp\/v2\/types\/page"}],"author":[{"embeddable":true,"href":"http:\/\/schuetzenverein-hemsen.de\/index.php?rest_route=\/wp\/v2\/users\/1"}],"replies":[{"embeddable":true,"href":"http:\/\/schuetzenverein-hemsen.de\/index.php?rest_route=%2Fwp%2Fv2%2Fcomments&post=446"}],"version-history":[{"count":5,"href":"http:\/\/schuetzenverein-hemsen.de\/index.php?rest_route=\/wp\/v2\/pages\/446\/revisions"}],"predecessor-version":[{"id":448,"href":"http:\/\/schuetzenverein-hemsen.de\/index.php?rest_route=\/wp\/v2\/pages\/446\/revisions\/448"}],"up":[{"embeddable":true,"href":"http:\/\/schuetzenverein-hemsen.de\/index.php?rest_route=\/wp\/v2\/pages\/80"}],"wp:attachment":[{"href":"http:\/\/schuetzenverein-hemsen.de\/index.php?rest_route=%2Fwp%2Fv2%2Fmedia&parent=446"}],"curies":[{"name":"wp","href":"https:\/\/api.w.org\/{rel}","templated":true}]}}