{"id":475,"date":"2013-10-17T19:25:36","date_gmt":"2013-10-17T17:25:36","guid":{"rendered":"http:\/\/schuetzenverein-hemsen.de\/wordpress\/?page_id=475"},"modified":"2013-10-17T21:36:25","modified_gmt":"2013-10-17T19:36:25","slug":"thron-19651966-konig-hermann-v","status":"publish","type":"page","link":"http:\/\/schuetzenverein-hemsen.de\/?page_id=475","title":{"rendered":"Thron 1965\/1966: K\u00f6nig Hermann V."},"content":{"rendered":"<p><strong>Der Sch\u00fctzenthron 1965\/1966:<\/strong> Katharina Schl\u00f6mer, Hermann Leffers, K\u00f6nigin Maria Klink, K\u00f6nig Hermann Schl\u00f6mer, Hermine Schl\u00f6mer, Clemens Klink, Elisabeth Leffers, Bernhard Schl\u00f6mer.<\/p>\n<p><a href=\"http:\/\/schuetzenverein-hemsen.de\/wordpress\/wp-content\/uploads\/2013\/10\/Thron1965-1966_Chronik-Hemsen_Innenteil_RZ_2012-04.jpg\"><img loading=\"lazy\" decoding=\"async\" class=\"aligncenter size-full wp-image-724\" alt=\"Thron1965-1966_Chronik-Hemsen_Innenteil_RZ_2012-04\" src=\"http:\/\/schuetzenverein-hemsen.de\/wordpress\/wp-content\/uploads\/2013\/10\/Thron1965-1966_Chronik-Hemsen_Innenteil_RZ_2012-04.jpg\" width=\"500\" height=\"340\" srcset=\"http:\/\/schuetzenverein-hemsen.de\/wordpress\/wp-content\/uploads\/2013\/10\/Thron1965-1966_Chronik-Hemsen_Innenteil_RZ_2012-04.jpg 500w, http:\/\/schuetzenverein-hemsen.de\/wordpress\/wp-content\/uploads\/2013\/10\/Thron1965-1966_Chronik-Hemsen_Innenteil_RZ_2012-04-300x204.jpg 300w\" sizes=\"auto, (max-width: 500px) 100vw, 500px\" \/><\/a><\/p>\n","protected":false},"excerpt":{"rendered":"<p>Der Sch\u00fctzenthron 1965\/1966: Katharina Schl\u00f6mer, Hermann Leffers, K\u00f6nigin Maria Klink, K\u00f6nig Hermann Schl\u00f6mer, Hermine Schl\u00f6mer, Clemens Klink, Elisabeth Leffers, Bernhard Schl\u00f6mer.<\/p>\n","protected":false},"author":1,"featured_media":0,"parent":80,"menu_order":0,"comment_status":"closed","ping_status":"closed","template":"","meta":{"footnotes":""},"class_list":["post-475","page","type-page","status-publish","hentry"],"_links":{"self":[{"href":"http:\/\/schuetzenverein-hemsen.de\/index.php?rest_route=\/wp\/v2\/pages\/475","targetHints":{"allow":["GET"]}}],"collection":[{"href":"http:\/\/schuetzenverein-hemsen.de\/index.php?rest_route=\/wp\/v2\/pages"}],"about":[{"href":"http:\/\/schuetzenverein-hemsen.de\/index.php?rest_route=\/wp\/v2\/types\/page"}],"author":[{"embeddable":true,"href":"http:\/\/schuetzenverein-hemsen.de\/index.php?rest_route=\/wp\/v2\/users\/1"}],"replies":[{"embeddable":true,"href":"http:\/\/schuetzenverein-hemsen.de\/index.php?rest_route=%2Fwp%2Fv2%2Fcomments&post=475"}],"version-history":[{"count":5,"href":"http:\/\/schuetzenverein-hemsen.de\/index.php?rest_route=\/wp\/v2\/pages\/475\/revisions"}],"predecessor-version":[{"id":526,"href":"http:\/\/schuetzenverein-hemsen.de\/index.php?rest_route=\/wp\/v2\/pages\/475\/revisions\/526"}],"up":[{"embeddable":true,"href":"http:\/\/schuetzenverein-hemsen.de\/index.php?rest_route=\/wp\/v2\/pages\/80"}],"wp:attachment":[{"href":"http:\/\/schuetzenverein-hemsen.de\/index.php?rest_route=%2Fwp%2Fv2%2Fmedia&parent=475"}],"curies":[{"name":"wp","href":"https:\/\/api.w.org\/{rel}","templated":true}]}}