{"id":477,"date":"2013-10-17T19:25:52","date_gmt":"2013-10-17T17:25:52","guid":{"rendered":"http:\/\/schuetzenverein-hemsen.de\/wordpress\/?page_id=477"},"modified":"2013-10-17T21:37:44","modified_gmt":"2013-10-17T19:37:44","slug":"thron-19661967-konig-hans-ii","status":"publish","type":"page","link":"http:\/\/schuetzenverein-hemsen.de\/?page_id=477","title":{"rendered":"Thron 1966\/1967: K\u00f6nig Hans II."},"content":{"rendered":"<p><strong>Der Sch\u00fctzenthron 1966\/1967 (v. l. n. r.):<\/strong> Wilma Dierkes, Alfons Kr\u00fc\u00dfel, K\u00f6nigin Agnes Stegemann, K\u00f6nig Hans Wiggelinghoff, Gisela Stegemann, Hermann Vieler, Annette Koopmann, Bernhard Stegemann.<\/p>\n<p><a href=\"http:\/\/schuetzenverein-hemsen.de\/wordpress\/wp-content\/uploads\/2013\/10\/Thron1966-1967_Chronik-Hemsen_Innenteil_RZ_2012-04.jpg\"><img loading=\"lazy\" decoding=\"async\" class=\"aligncenter size-full wp-image-727\" alt=\"Thron1966-1967_Chronik-Hemsen_Innenteil_RZ_2012-04\" src=\"http:\/\/schuetzenverein-hemsen.de\/wordpress\/wp-content\/uploads\/2013\/10\/Thron1966-1967_Chronik-Hemsen_Innenteil_RZ_2012-04.jpg\" width=\"500\" height=\"269\" srcset=\"http:\/\/schuetzenverein-hemsen.de\/wordpress\/wp-content\/uploads\/2013\/10\/Thron1966-1967_Chronik-Hemsen_Innenteil_RZ_2012-04.jpg 500w, http:\/\/schuetzenverein-hemsen.de\/wordpress\/wp-content\/uploads\/2013\/10\/Thron1966-1967_Chronik-Hemsen_Innenteil_RZ_2012-04-300x161.jpg 300w\" sizes=\"auto, (max-width: 500px) 100vw, 500px\" \/><\/a><\/p>\n","protected":false},"excerpt":{"rendered":"<p>Der Sch\u00fctzenthron 1966\/1967 (v. l. n. r.): Wilma Dierkes, Alfons Kr\u00fc\u00dfel, K\u00f6nigin Agnes Stegemann, K\u00f6nig Hans Wiggelinghoff, Gisela Stegemann, Hermann Vieler, Annette Koopmann, Bernhard Stegemann.<\/p>\n","protected":false},"author":1,"featured_media":0,"parent":80,"menu_order":0,"comment_status":"closed","ping_status":"closed","template":"","meta":{"footnotes":""},"class_list":["post-477","page","type-page","status-publish","hentry"],"_links":{"self":[{"href":"http:\/\/schuetzenverein-hemsen.de\/index.php?rest_route=\/wp\/v2\/pages\/477","targetHints":{"allow":["GET"]}}],"collection":[{"href":"http:\/\/schuetzenverein-hemsen.de\/index.php?rest_route=\/wp\/v2\/pages"}],"about":[{"href":"http:\/\/schuetzenverein-hemsen.de\/index.php?rest_route=\/wp\/v2\/types\/page"}],"author":[{"embeddable":true,"href":"http:\/\/schuetzenverein-hemsen.de\/index.php?rest_route=\/wp\/v2\/users\/1"}],"replies":[{"embeddable":true,"href":"http:\/\/schuetzenverein-hemsen.de\/index.php?rest_route=%2Fwp%2Fv2%2Fcomments&post=477"}],"version-history":[{"count":5,"href":"http:\/\/schuetzenverein-hemsen.de\/index.php?rest_route=\/wp\/v2\/pages\/477\/revisions"}],"predecessor-version":[{"id":528,"href":"http:\/\/schuetzenverein-hemsen.de\/index.php?rest_route=\/wp\/v2\/pages\/477\/revisions\/528"}],"up":[{"embeddable":true,"href":"http:\/\/schuetzenverein-hemsen.de\/index.php?rest_route=\/wp\/v2\/pages\/80"}],"wp:attachment":[{"href":"http:\/\/schuetzenverein-hemsen.de\/index.php?rest_route=%2Fwp%2Fv2%2Fmedia&parent=477"}],"curies":[{"name":"wp","href":"https:\/\/api.w.org\/{rel}","templated":true}]}}