{"id":483,"date":"2013-10-17T19:26:40","date_gmt":"2013-10-17T17:26:40","guid":{"rendered":"http:\/\/schuetzenverein-hemsen.de\/wordpress\/?page_id=483"},"modified":"2013-10-17T21:39:52","modified_gmt":"2013-10-17T19:39:52","slug":"thron-19691970-konig-hermann-vi","status":"publish","type":"page","link":"http:\/\/schuetzenverein-hemsen.de\/?page_id=483","title":{"rendered":"Thron 1969\/1970: K\u00f6nig Hermann VI."},"content":{"rendered":"<p><strong>Der Sch\u00fctzenthron 1969\/1970 (v. l. n. r.):<\/strong> Josefa van der P\u00fctten, Erika Jansen, Heinz Stahl, Theo Runde, K\u00f6nigin Anneliese Stahl, K\u00f6nig Hermann van der P\u00fctten, Magdalene Runde, Johann Jansen.<\/p>\n<p><a href=\"http:\/\/schuetzenverein-hemsen.de\/wordpress\/wp-content\/uploads\/2013\/10\/Thron1969-1970_Chronik-Hemsen_Innenteil_RZ_2012-04.jpg\"><img loading=\"lazy\" decoding=\"async\" class=\"aligncenter size-full wp-image-736\" alt=\"Thron1969-1970_Chronik-Hemsen_Innenteil_RZ_2012-04\" src=\"http:\/\/schuetzenverein-hemsen.de\/wordpress\/wp-content\/uploads\/2013\/10\/Thron1969-1970_Chronik-Hemsen_Innenteil_RZ_2012-04.jpg\" width=\"500\" height=\"361\" srcset=\"http:\/\/schuetzenverein-hemsen.de\/wordpress\/wp-content\/uploads\/2013\/10\/Thron1969-1970_Chronik-Hemsen_Innenteil_RZ_2012-04.jpg 500w, http:\/\/schuetzenverein-hemsen.de\/wordpress\/wp-content\/uploads\/2013\/10\/Thron1969-1970_Chronik-Hemsen_Innenteil_RZ_2012-04-300x216.jpg 300w\" sizes=\"auto, (max-width: 500px) 100vw, 500px\" \/><\/a><\/p>\n","protected":false},"excerpt":{"rendered":"<p>Der Sch\u00fctzenthron 1969\/1970 (v. l. n. r.): Josefa van der P\u00fctten, Erika Jansen, Heinz Stahl, Theo Runde, K\u00f6nigin Anneliese Stahl, K\u00f6nig Hermann van der P\u00fctten, Magdalene Runde, Johann Jansen.<\/p>\n","protected":false},"author":1,"featured_media":0,"parent":80,"menu_order":0,"comment_status":"closed","ping_status":"closed","template":"","meta":{"footnotes":""},"class_list":["post-483","page","type-page","status-publish","hentry"],"_links":{"self":[{"href":"http:\/\/schuetzenverein-hemsen.de\/index.php?rest_route=\/wp\/v2\/pages\/483","targetHints":{"allow":["GET"]}}],"collection":[{"href":"http:\/\/schuetzenverein-hemsen.de\/index.php?rest_route=\/wp\/v2\/pages"}],"about":[{"href":"http:\/\/schuetzenverein-hemsen.de\/index.php?rest_route=\/wp\/v2\/types\/page"}],"author":[{"embeddable":true,"href":"http:\/\/schuetzenverein-hemsen.de\/index.php?rest_route=\/wp\/v2\/users\/1"}],"replies":[{"embeddable":true,"href":"http:\/\/schuetzenverein-hemsen.de\/index.php?rest_route=%2Fwp%2Fv2%2Fcomments&post=483"}],"version-history":[{"count":5,"href":"http:\/\/schuetzenverein-hemsen.de\/index.php?rest_route=\/wp\/v2\/pages\/483\/revisions"}],"predecessor-version":[{"id":534,"href":"http:\/\/schuetzenverein-hemsen.de\/index.php?rest_route=\/wp\/v2\/pages\/483\/revisions\/534"}],"up":[{"embeddable":true,"href":"http:\/\/schuetzenverein-hemsen.de\/index.php?rest_route=\/wp\/v2\/pages\/80"}],"wp:attachment":[{"href":"http:\/\/schuetzenverein-hemsen.de\/index.php?rest_route=%2Fwp%2Fv2%2Fmedia&parent=483"}],"curies":[{"name":"wp","href":"https:\/\/api.w.org\/{rel}","templated":true}]}}