{"id":485,"date":"2013-10-17T19:27:12","date_gmt":"2013-10-17T17:27:12","guid":{"rendered":"http:\/\/schuetzenverein-hemsen.de\/wordpress\/?page_id=485"},"modified":"2013-10-17T21:40:39","modified_gmt":"2013-10-17T19:40:39","slug":"thron-19701971-konig-eduard-i","status":"publish","type":"page","link":"http:\/\/schuetzenverein-hemsen.de\/?page_id=485","title":{"rendered":"Thron 1970\/1971: K\u00f6nig Eduard I."},"content":{"rendered":"<p><strong>Der Sch\u00fctzenthron 1970\/1971 (v. l. n. r.):<\/strong> Vorne links Fahrer vom Bock (sprich Mercedes): Aloys Schneider, Christa Dierkes, Heinrich Dierkes, Maria Beckmann, Karl Mersch, K\u00f6nigin Franziska Vo\u00df, K\u00f6nig Eduard Beckmann, K\u00e4the Mersch, Paul Vo\u00df, Adjutant Hans Wiggelinghoff.<\/p>\n<p><a href=\"http:\/\/schuetzenverein-hemsen.de\/wordpress\/wp-content\/uploads\/2013\/10\/Thron1970-1971_Chronik-Hemsen_Innenteil_RZ_2012-04.jpg\"><img loading=\"lazy\" decoding=\"async\" class=\"aligncenter size-full wp-image-739\" alt=\"Thron1970-1971_Chronik-Hemsen_Innenteil_RZ_2012-04\" src=\"http:\/\/schuetzenverein-hemsen.de\/wordpress\/wp-content\/uploads\/2013\/10\/Thron1970-1971_Chronik-Hemsen_Innenteil_RZ_2012-04.jpg\" width=\"500\" height=\"340\" srcset=\"http:\/\/schuetzenverein-hemsen.de\/wordpress\/wp-content\/uploads\/2013\/10\/Thron1970-1971_Chronik-Hemsen_Innenteil_RZ_2012-04.jpg 500w, http:\/\/schuetzenverein-hemsen.de\/wordpress\/wp-content\/uploads\/2013\/10\/Thron1970-1971_Chronik-Hemsen_Innenteil_RZ_2012-04-300x204.jpg 300w\" sizes=\"auto, (max-width: 500px) 100vw, 500px\" \/><\/a><\/p>\n","protected":false},"excerpt":{"rendered":"<p>Der Sch\u00fctzenthron 1970\/1971 (v. l. n. r.): Vorne links Fahrer vom Bock (sprich Mercedes): Aloys Schneider, Christa Dierkes, Heinrich Dierkes, Maria Beckmann, Karl Mersch, K\u00f6nigin Franziska Vo\u00df, K\u00f6nig Eduard Beckmann, K\u00e4the Mersch, Paul Vo\u00df, Adjutant Hans Wiggelinghoff.<\/p>\n","protected":false},"author":1,"featured_media":0,"parent":80,"menu_order":0,"comment_status":"closed","ping_status":"closed","template":"","meta":{"footnotes":""},"class_list":["post-485","page","type-page","status-publish","hentry"],"_links":{"self":[{"href":"http:\/\/schuetzenverein-hemsen.de\/index.php?rest_route=\/wp\/v2\/pages\/485","targetHints":{"allow":["GET"]}}],"collection":[{"href":"http:\/\/schuetzenverein-hemsen.de\/index.php?rest_route=\/wp\/v2\/pages"}],"about":[{"href":"http:\/\/schuetzenverein-hemsen.de\/index.php?rest_route=\/wp\/v2\/types\/page"}],"author":[{"embeddable":true,"href":"http:\/\/schuetzenverein-hemsen.de\/index.php?rest_route=\/wp\/v2\/users\/1"}],"replies":[{"embeddable":true,"href":"http:\/\/schuetzenverein-hemsen.de\/index.php?rest_route=%2Fwp%2Fv2%2Fcomments&post=485"}],"version-history":[{"count":5,"href":"http:\/\/schuetzenverein-hemsen.de\/index.php?rest_route=\/wp\/v2\/pages\/485\/revisions"}],"predecessor-version":[{"id":536,"href":"http:\/\/schuetzenverein-hemsen.de\/index.php?rest_route=\/wp\/v2\/pages\/485\/revisions\/536"}],"up":[{"embeddable":true,"href":"http:\/\/schuetzenverein-hemsen.de\/index.php?rest_route=\/wp\/v2\/pages\/80"}],"wp:attachment":[{"href":"http:\/\/schuetzenverein-hemsen.de\/index.php?rest_route=%2Fwp%2Fv2%2Fmedia&parent=485"}],"curies":[{"name":"wp","href":"https:\/\/api.w.org\/{rel}","templated":true}]}}