{"id":489,"date":"2013-10-17T19:27:46","date_gmt":"2013-10-17T17:27:46","guid":{"rendered":"http:\/\/schuetzenverein-hemsen.de\/wordpress\/?page_id=489"},"modified":"2013-10-17T21:42:42","modified_gmt":"2013-10-17T19:42:42","slug":"thron-19721973-konig-heinrich-v","status":"publish","type":"page","link":"http:\/\/schuetzenverein-hemsen.de\/?page_id=489","title":{"rendered":"Thron 1972\/1973: K\u00f6nig Heinrich V."},"content":{"rendered":"<p><strong>Der Sch\u00fctzenthron 1972\/1973 (v. l. n. r.):<\/strong> Adjutant Heinz Stahljans, Margret Wessels, Heinrich P\u00f6ker, K\u00f6nigin Katharina P\u00f6ker, K\u00f6nig Heinrich Wessels, Margret Wolters, Willi Suhlmann, Maria Suhlmann, Franz Wolters.<\/p>\n<p><a href=\"http:\/\/schuetzenverein-hemsen.de\/wordpress\/wp-content\/uploads\/2013\/10\/Thron1972-1973_Chronik-Hemsen_Innenteil_RZ_2012-04.jpg\"><img loading=\"lazy\" decoding=\"async\" class=\"aligncenter size-full wp-image-745\" alt=\"Thron1972-1973_Chronik-Hemsen_Innenteil_RZ_2012-04\" src=\"http:\/\/schuetzenverein-hemsen.de\/wordpress\/wp-content\/uploads\/2013\/10\/Thron1972-1973_Chronik-Hemsen_Innenteil_RZ_2012-04.jpg\" width=\"500\" height=\"269\" srcset=\"http:\/\/schuetzenverein-hemsen.de\/wordpress\/wp-content\/uploads\/2013\/10\/Thron1972-1973_Chronik-Hemsen_Innenteil_RZ_2012-04.jpg 500w, http:\/\/schuetzenverein-hemsen.de\/wordpress\/wp-content\/uploads\/2013\/10\/Thron1972-1973_Chronik-Hemsen_Innenteil_RZ_2012-04-300x161.jpg 300w\" sizes=\"auto, (max-width: 500px) 100vw, 500px\" \/><\/a><\/p>\n","protected":false},"excerpt":{"rendered":"<p>Der Sch\u00fctzenthron 1972\/1973 (v. l. n. r.): Adjutant Heinz Stahljans, Margret Wessels, Heinrich P\u00f6ker, K\u00f6nigin Katharina P\u00f6ker, K\u00f6nig Heinrich Wessels, Margret Wolters, Willi Suhlmann, Maria Suhlmann, Franz Wolters.<\/p>\n","protected":false},"author":1,"featured_media":0,"parent":80,"menu_order":0,"comment_status":"closed","ping_status":"closed","template":"","meta":{"footnotes":""},"class_list":["post-489","page","type-page","status-publish","hentry"],"_links":{"self":[{"href":"http:\/\/schuetzenverein-hemsen.de\/index.php?rest_route=\/wp\/v2\/pages\/489","targetHints":{"allow":["GET"]}}],"collection":[{"href":"http:\/\/schuetzenverein-hemsen.de\/index.php?rest_route=\/wp\/v2\/pages"}],"about":[{"href":"http:\/\/schuetzenverein-hemsen.de\/index.php?rest_route=\/wp\/v2\/types\/page"}],"author":[{"embeddable":true,"href":"http:\/\/schuetzenverein-hemsen.de\/index.php?rest_route=\/wp\/v2\/users\/1"}],"replies":[{"embeddable":true,"href":"http:\/\/schuetzenverein-hemsen.de\/index.php?rest_route=%2Fwp%2Fv2%2Fcomments&post=489"}],"version-history":[{"count":5,"href":"http:\/\/schuetzenverein-hemsen.de\/index.php?rest_route=\/wp\/v2\/pages\/489\/revisions"}],"predecessor-version":[{"id":540,"href":"http:\/\/schuetzenverein-hemsen.de\/index.php?rest_route=\/wp\/v2\/pages\/489\/revisions\/540"}],"up":[{"embeddable":true,"href":"http:\/\/schuetzenverein-hemsen.de\/index.php?rest_route=\/wp\/v2\/pages\/80"}],"wp:attachment":[{"href":"http:\/\/schuetzenverein-hemsen.de\/index.php?rest_route=%2Fwp%2Fv2%2Fmedia&parent=489"}],"curies":[{"name":"wp","href":"https:\/\/api.w.org\/{rel}","templated":true}]}}