{"id":49,"date":"2013-10-10T08:14:57","date_gmt":"2013-10-10T08:14:57","guid":{"rendered":"http:\/\/schuetzenverein-hemsen.de\/wordpress\/?page_id=49"},"modified":"2015-10-13T21:06:45","modified_gmt":"2015-10-13T19:06:45","slug":"kompaniepokal","status":"publish","type":"page","link":"http:\/\/schuetzenverein-hemsen.de\/?page_id=49","title":{"rendered":"Kompaniepokal"},"content":{"rendered":"<p>Der Kompaniepokal wird seit 2011 ausgetragen, als interessanter, spannender und freundschaftlicher Vergleichswettkampf der einzelnen Ortsteile\/Kompanien der Nordgemeinden. Jeder Sch\u00fctze soll hier motiviert werden, das Beste f\u00fcr &#8222;seine&#8220; Kompanie zu geben.<\/p>\n<p>Als Siegertroph\u00e4e winkt ein Wanderpokal, der vom H\u00fcnteler Sch\u00fctzenbruder G\u00fcnter Kollmer gestiftet wurde. Es handelt sich um eine au\u00dfergew\u00f6hnliche Kombination aus einem optisch ansprechenden Glaselement und \u00fcber 4000 Jahre alter Mooreiche. F\u00fcr die drei besten Einzelsch\u00fctzen des Tages gibt es au\u00dferdem separate Troph\u00e4en.<\/p>\n<p><strong>MANNSCHAFTSSIEGER:<\/strong><\/p>\n<p><strong>2015:\u00a0<\/strong>Kompanie 4 &#8211; Borken &#8211; 589 Ringe<\/p>\n<p><strong>2014:\u00a0<\/strong>Kompanie 4- Borken &#8211; 585 Ringe<\/p>\n<p><strong>\u00a02013:<\/strong> Kompanie 2 &#8211; Hemsen Vogesen\/B70\/Ost &#8211; 583 Ringe<\/p>\n<p><strong>2012:<\/strong> Kompanie 4 &#8211; Borken &#8211; 590 Ringe<\/p>\n<p><strong>2011:<\/strong> Kompanie 4 &#8211; Borken &#8211; 588 Ringe<\/p>\n<p><strong>EINZELSCH\u00dcTZEN:<\/strong><\/p>\n<p><strong>2015: <\/strong>Sieger der Einzelsch\u00fctzen ist mit 120 Ringen Gerd Baalmann vor dem 2. Daniel Dick \u00a0 \u00a0 \u00a0 \u00a0 \u00a0 \u00a0 mit 119 Ringen und dem 3. Alexander Vo\u00df mit ebenfalls 119 Ringen.<\/p>\n<p><strong><\/strong><em id=\"__mceDel\"><strong>\u00a02014:\u00a0<\/strong>1. Sieger der Einzelsch\u00fctzen ist mit 120\/ 13&#215;12 Ringen \u00a0Horst Rennegarbe vor \u00a0 \u00a0 \u00a0 \u00a0 \u00a0 \u00a0 \u00a0 \u00a0 \u00a0 \u00a0 \u00a0dem \u00a02. Gerd Baalmann mit 120\/ 12 Ringen und dem 3. Christian Barloh mit \u00a0 \u00a0 \u00a0 \u00a0 \u00a0 \u00a0 \u00a0 \u00a0 \u00a0 \u00a0 \u00a0 \u00a0 \u00a0118 Ringen.<\/em><\/p>\n<p><em id=\"__mceDel\"><strong>2013:<\/strong> 1. Gerd Baalmann (Kompanie 5); 2. Udo Hollederer (Kompanie 1); 3. Martin Leffers (Kompanie 1)<\/em><\/p>\n<p><em id=\"__mceDel\"><strong>2012:<\/strong> 1. Laurenz Vieler (Kompanie 4); 2. Daniel Dick (Kompanie 4); 3. Frank Bruns (Kompanie 2)<\/em><\/p>\n<p><em id=\"__mceDel\"><strong>2011:<\/strong> 1. Rolf Schnieders (Kompanie 2); 2. Josef Klaas (Kompanie 2); 3. Dirk Gruth (Kompanie 5)<\/em><\/p>\n","protected":false},"excerpt":{"rendered":"<p>Der Kompaniepokal wird seit 2011 ausgetragen, als interessanter, spannender und freundschaftlicher Vergleichswettkampf der einzelnen Ortsteile\/Kompanien der Nordgemeinden. Jeder Sch\u00fctze soll hier motiviert werden, das Beste f\u00fcr &#8222;seine&#8220; Kompanie zu geben. Als Siegertroph\u00e4e winkt ein Wanderpokal, der vom H\u00fcnteler Sch\u00fctzenbruder G\u00fcnter &hellip; <a href=\"http:\/\/schuetzenverein-hemsen.de\/?page_id=49\">Weiterlesen <span class=\"meta-nav\">&rarr;<\/span><\/a><\/p>\n","protected":false},"author":1,"featured_media":0,"parent":10,"menu_order":3,"comment_status":"closed","ping_status":"closed","template":"","meta":{"footnotes":""},"class_list":["post-49","page","type-page","status-publish","hentry"],"_links":{"self":[{"href":"http:\/\/schuetzenverein-hemsen.de\/index.php?rest_route=\/wp\/v2\/pages\/49","targetHints":{"allow":["GET"]}}],"collection":[{"href":"http:\/\/schuetzenverein-hemsen.de\/index.php?rest_route=\/wp\/v2\/pages"}],"about":[{"href":"http:\/\/schuetzenverein-hemsen.de\/index.php?rest_route=\/wp\/v2\/types\/page"}],"author":[{"embeddable":true,"href":"http:\/\/schuetzenverein-hemsen.de\/index.php?rest_route=\/wp\/v2\/users\/1"}],"replies":[{"embeddable":true,"href":"http:\/\/schuetzenverein-hemsen.de\/index.php?rest_route=%2Fwp%2Fv2%2Fcomments&post=49"}],"version-history":[{"count":23,"href":"http:\/\/schuetzenverein-hemsen.de\/index.php?rest_route=\/wp\/v2\/pages\/49\/revisions"}],"predecessor-version":[{"id":1252,"href":"http:\/\/schuetzenverein-hemsen.de\/index.php?rest_route=\/wp\/v2\/pages\/49\/revisions\/1252"}],"up":[{"embeddable":true,"href":"http:\/\/schuetzenverein-hemsen.de\/index.php?rest_route=\/wp\/v2\/pages\/10"}],"wp:attachment":[{"href":"http:\/\/schuetzenverein-hemsen.de\/index.php?rest_route=%2Fwp%2Fv2%2Fmedia&parent=49"}],"curies":[{"name":"wp","href":"https:\/\/api.w.org\/{rel}","templated":true}]}}