{"id":493,"date":"2013-10-17T19:28:15","date_gmt":"2013-10-17T17:28:15","guid":{"rendered":"http:\/\/schuetzenverein-hemsen.de\/wordpress\/?page_id=493"},"modified":"2013-10-17T21:44:08","modified_gmt":"2013-10-17T19:44:08","slug":"thron-19741975-konig-karl-i","status":"publish","type":"page","link":"http:\/\/schuetzenverein-hemsen.de\/?page_id=493","title":{"rendered":"Thron 1974\/1975: K\u00f6nig Karl I."},"content":{"rendered":"<p><strong>Der Sch\u00fctzenthron 1974\/1975 (v. l. n. r.):<\/strong> Adjutant Heinz-Josef Thole, Franziska Vo\u00df, Aloys Schneider, K\u00f6nigin Maria Vo\u00df, K\u00f6nig Karl Mersch, K\u00e4the Mersch, Heinz Vo\u00df, Renate Schneider, Paul Vo\u00df.<\/p>\n<p><a href=\"http:\/\/schuetzenverein-hemsen.de\/wordpress\/wp-content\/uploads\/2013\/10\/Thron1974-1975_Chronik-Hemsen_Innenteil_RZ_2012-04.jpg\"><img loading=\"lazy\" decoding=\"async\" class=\"aligncenter size-full wp-image-751\" alt=\"Thron1974-1975_Chronik-Hemsen_Innenteil_RZ_2012-04\" src=\"http:\/\/schuetzenverein-hemsen.de\/wordpress\/wp-content\/uploads\/2013\/10\/Thron1974-1975_Chronik-Hemsen_Innenteil_RZ_2012-04.jpg\" width=\"500\" height=\"269\" srcset=\"http:\/\/schuetzenverein-hemsen.de\/wordpress\/wp-content\/uploads\/2013\/10\/Thron1974-1975_Chronik-Hemsen_Innenteil_RZ_2012-04.jpg 500w, http:\/\/schuetzenverein-hemsen.de\/wordpress\/wp-content\/uploads\/2013\/10\/Thron1974-1975_Chronik-Hemsen_Innenteil_RZ_2012-04-300x161.jpg 300w\" sizes=\"auto, (max-width: 500px) 100vw, 500px\" \/><\/a><\/p>\n","protected":false},"excerpt":{"rendered":"<p>Der Sch\u00fctzenthron 1974\/1975 (v. l. n. r.): Adjutant Heinz-Josef Thole, Franziska Vo\u00df, Aloys Schneider, K\u00f6nigin Maria Vo\u00df, K\u00f6nig Karl Mersch, K\u00e4the Mersch, Heinz Vo\u00df, Renate Schneider, Paul Vo\u00df.<\/p>\n","protected":false},"author":1,"featured_media":0,"parent":80,"menu_order":0,"comment_status":"closed","ping_status":"closed","template":"","meta":{"footnotes":""},"class_list":["post-493","page","type-page","status-publish","hentry"],"_links":{"self":[{"href":"http:\/\/schuetzenverein-hemsen.de\/index.php?rest_route=\/wp\/v2\/pages\/493","targetHints":{"allow":["GET"]}}],"collection":[{"href":"http:\/\/schuetzenverein-hemsen.de\/index.php?rest_route=\/wp\/v2\/pages"}],"about":[{"href":"http:\/\/schuetzenverein-hemsen.de\/index.php?rest_route=\/wp\/v2\/types\/page"}],"author":[{"embeddable":true,"href":"http:\/\/schuetzenverein-hemsen.de\/index.php?rest_route=\/wp\/v2\/users\/1"}],"replies":[{"embeddable":true,"href":"http:\/\/schuetzenverein-hemsen.de\/index.php?rest_route=%2Fwp%2Fv2%2Fcomments&post=493"}],"version-history":[{"count":5,"href":"http:\/\/schuetzenverein-hemsen.de\/index.php?rest_route=\/wp\/v2\/pages\/493\/revisions"}],"predecessor-version":[{"id":544,"href":"http:\/\/schuetzenverein-hemsen.de\/index.php?rest_route=\/wp\/v2\/pages\/493\/revisions\/544"}],"up":[{"embeddable":true,"href":"http:\/\/schuetzenverein-hemsen.de\/index.php?rest_route=\/wp\/v2\/pages\/80"}],"wp:attachment":[{"href":"http:\/\/schuetzenverein-hemsen.de\/index.php?rest_route=%2Fwp%2Fv2%2Fmedia&parent=493"}],"curies":[{"name":"wp","href":"https:\/\/api.w.org\/{rel}","templated":true}]}}