{"id":495,"date":"2013-10-17T19:28:32","date_gmt":"2013-10-17T17:28:32","guid":{"rendered":"http:\/\/schuetzenverein-hemsen.de\/wordpress\/?page_id=495"},"modified":"2013-10-17T21:44:48","modified_gmt":"2013-10-17T19:44:48","slug":"thron-19751976-konig-heinz-ii","status":"publish","type":"page","link":"http:\/\/schuetzenverein-hemsen.de\/?page_id=495","title":{"rendered":"Thron 1975\/1976: K\u00f6nig Heinz II."},"content":{"rendered":"<p><strong>Der Sch\u00fctzenthron 1975\/1976 (v. l. n. r.):<\/strong> Magdalene Dreyer, Aloys Brink, K\u00f6nigin Maria-Elisabeth Brink, K\u00f6nig Heinz Dreyer, Marlies Vages, Heinz Vages und f\u00fcr die fehlenden Eheleute Wobken: Roswitha K\u00fcmmert und Bernd Ficker (eine Kuriosit\u00e4t: Eigentlich war Heinz Wobken mit Frau im Throngefolge, er befand sich aber beim Fototermin in Kur).<\/p>\n<p><a href=\"http:\/\/schuetzenverein-hemsen.de\/wordpress\/wp-content\/uploads\/2013\/10\/Thron1975-1976_Chronik-Hemsen_Innenteil_RZ_2012-04.jpg\"><img loading=\"lazy\" decoding=\"async\" class=\"aligncenter size-full wp-image-754\" alt=\"Thron1975-1976_Chronik-Hemsen_Innenteil_RZ_2012-04\" src=\"http:\/\/schuetzenverein-hemsen.de\/wordpress\/wp-content\/uploads\/2013\/10\/Thron1975-1976_Chronik-Hemsen_Innenteil_RZ_2012-04.jpg\" width=\"500\" height=\"340\" srcset=\"http:\/\/schuetzenverein-hemsen.de\/wordpress\/wp-content\/uploads\/2013\/10\/Thron1975-1976_Chronik-Hemsen_Innenteil_RZ_2012-04.jpg 500w, http:\/\/schuetzenverein-hemsen.de\/wordpress\/wp-content\/uploads\/2013\/10\/Thron1975-1976_Chronik-Hemsen_Innenteil_RZ_2012-04-300x204.jpg 300w\" sizes=\"auto, (max-width: 500px) 100vw, 500px\" \/><\/a><\/p>\n","protected":false},"excerpt":{"rendered":"<p>Der Sch\u00fctzenthron 1975\/1976 (v. l. n. r.): Magdalene Dreyer, Aloys Brink, K\u00f6nigin Maria-Elisabeth Brink, K\u00f6nig Heinz Dreyer, Marlies Vages, Heinz Vages und f\u00fcr die fehlenden Eheleute Wobken: Roswitha K\u00fcmmert und Bernd Ficker (eine Kuriosit\u00e4t: Eigentlich war Heinz Wobken mit Frau &hellip; <a href=\"http:\/\/schuetzenverein-hemsen.de\/?page_id=495\">Weiterlesen <span class=\"meta-nav\">&rarr;<\/span><\/a><\/p>\n","protected":false},"author":1,"featured_media":0,"parent":80,"menu_order":0,"comment_status":"closed","ping_status":"closed","template":"","meta":{"footnotes":""},"class_list":["post-495","page","type-page","status-publish","hentry"],"_links":{"self":[{"href":"http:\/\/schuetzenverein-hemsen.de\/index.php?rest_route=\/wp\/v2\/pages\/495","targetHints":{"allow":["GET"]}}],"collection":[{"href":"http:\/\/schuetzenverein-hemsen.de\/index.php?rest_route=\/wp\/v2\/pages"}],"about":[{"href":"http:\/\/schuetzenverein-hemsen.de\/index.php?rest_route=\/wp\/v2\/types\/page"}],"author":[{"embeddable":true,"href":"http:\/\/schuetzenverein-hemsen.de\/index.php?rest_route=\/wp\/v2\/users\/1"}],"replies":[{"embeddable":true,"href":"http:\/\/schuetzenverein-hemsen.de\/index.php?rest_route=%2Fwp%2Fv2%2Fcomments&post=495"}],"version-history":[{"count":5,"href":"http:\/\/schuetzenverein-hemsen.de\/index.php?rest_route=\/wp\/v2\/pages\/495\/revisions"}],"predecessor-version":[{"id":546,"href":"http:\/\/schuetzenverein-hemsen.de\/index.php?rest_route=\/wp\/v2\/pages\/495\/revisions\/546"}],"up":[{"embeddable":true,"href":"http:\/\/schuetzenverein-hemsen.de\/index.php?rest_route=\/wp\/v2\/pages\/80"}],"wp:attachment":[{"href":"http:\/\/schuetzenverein-hemsen.de\/index.php?rest_route=%2Fwp%2Fv2%2Fmedia&parent=495"}],"curies":[{"name":"wp","href":"https:\/\/api.w.org\/{rel}","templated":true}]}}