{"id":507,"date":"2013-10-17T19:29:57","date_gmt":"2013-10-17T17:29:57","guid":{"rendered":"http:\/\/schuetzenverein-hemsen.de\/wordpress\/?page_id=507"},"modified":"2013-10-17T21:52:03","modified_gmt":"2013-10-17T19:52:03","slug":"thron-19811982-konig-bernhard-iv","status":"publish","type":"page","link":"http:\/\/schuetzenverein-hemsen.de\/?page_id=507","title":{"rendered":"Thron 1981\/1982: K\u00f6nig Bernhard IV."},"content":{"rendered":"<p><strong>Der Sch\u00fctzenthron 1981\/1982 (v. l. n. r.):<\/strong> Adjutant Heinz-Josef Thole, Annegret Stegemann, Heinz Herbers, K\u00f6nigin Anne Herbers, K\u00f6nig Bernhard Stegemann, Marianne B\u00fcscher, Hermann Dierkes, Adele Dierkes, Bernhard B\u00fcscher.<\/p>\n<p><a href=\"http:\/\/schuetzenverein-hemsen.de\/wordpress\/wp-content\/uploads\/2013\/10\/Thron1981-1982_Chronik-Hemsen_Innenteil_RZ_2012-04.jpg\"><img loading=\"lazy\" decoding=\"async\" class=\"aligncenter size-full wp-image-772\" alt=\"Thron1981-1982_Chronik-Hemsen_Innenteil_RZ_2012-04\" src=\"http:\/\/schuetzenverein-hemsen.de\/wordpress\/wp-content\/uploads\/2013\/10\/Thron1981-1982_Chronik-Hemsen_Innenteil_RZ_2012-04.jpg\" width=\"500\" height=\"269\" srcset=\"http:\/\/schuetzenverein-hemsen.de\/wordpress\/wp-content\/uploads\/2013\/10\/Thron1981-1982_Chronik-Hemsen_Innenteil_RZ_2012-04.jpg 500w, http:\/\/schuetzenverein-hemsen.de\/wordpress\/wp-content\/uploads\/2013\/10\/Thron1981-1982_Chronik-Hemsen_Innenteil_RZ_2012-04-300x161.jpg 300w\" sizes=\"auto, (max-width: 500px) 100vw, 500px\" \/><\/a><\/p>\n","protected":false},"excerpt":{"rendered":"<p>Der Sch\u00fctzenthron 1981\/1982 (v. l. n. r.): Adjutant Heinz-Josef Thole, Annegret Stegemann, Heinz Herbers, K\u00f6nigin Anne Herbers, K\u00f6nig Bernhard Stegemann, Marianne B\u00fcscher, Hermann Dierkes, Adele Dierkes, Bernhard B\u00fcscher.<\/p>\n","protected":false},"author":1,"featured_media":0,"parent":80,"menu_order":0,"comment_status":"closed","ping_status":"closed","template":"","meta":{"footnotes":""},"class_list":["post-507","page","type-page","status-publish","hentry"],"_links":{"self":[{"href":"http:\/\/schuetzenverein-hemsen.de\/index.php?rest_route=\/wp\/v2\/pages\/507","targetHints":{"allow":["GET"]}}],"collection":[{"href":"http:\/\/schuetzenverein-hemsen.de\/index.php?rest_route=\/wp\/v2\/pages"}],"about":[{"href":"http:\/\/schuetzenverein-hemsen.de\/index.php?rest_route=\/wp\/v2\/types\/page"}],"author":[{"embeddable":true,"href":"http:\/\/schuetzenverein-hemsen.de\/index.php?rest_route=\/wp\/v2\/users\/1"}],"replies":[{"embeddable":true,"href":"http:\/\/schuetzenverein-hemsen.de\/index.php?rest_route=%2Fwp%2Fv2%2Fcomments&post=507"}],"version-history":[{"count":5,"href":"http:\/\/schuetzenverein-hemsen.de\/index.php?rest_route=\/wp\/v2\/pages\/507\/revisions"}],"predecessor-version":[{"id":558,"href":"http:\/\/schuetzenverein-hemsen.de\/index.php?rest_route=\/wp\/v2\/pages\/507\/revisions\/558"}],"up":[{"embeddable":true,"href":"http:\/\/schuetzenverein-hemsen.de\/index.php?rest_route=\/wp\/v2\/pages\/80"}],"wp:attachment":[{"href":"http:\/\/schuetzenverein-hemsen.de\/index.php?rest_route=%2Fwp%2Fv2%2Fmedia&parent=507"}],"curies":[{"name":"wp","href":"https:\/\/api.w.org\/{rel}","templated":true}]}}