{"id":51,"date":"2013-10-10T08:16:13","date_gmt":"2013-10-10T08:16:13","guid":{"rendered":"http:\/\/schuetzenverein-hemsen.de\/wordpress\/?page_id=51"},"modified":"2025-06-12T14:28:41","modified_gmt":"2025-06-12T12:28:41","slug":"preisschiesen-schutzenfest","status":"publish","type":"page","link":"http:\/\/schuetzenverein-hemsen.de\/?page_id=51","title":{"rendered":"Preisschie\u00dfen Sch\u00fctzenfest"},"content":{"rendered":"<p>Am Freitag vor dem Sch\u00fctzenfest tr\u00e4gt der Sch\u00fctzenverein Hemsen sein allj\u00e4hrliches Preisschie\u00dfen aus. Das Preisschie\u00dfen erfreut sich in jedem Jahr gro\u00dfer Beliebtheit und hier kann jeder teilnehmen, der das 16. Lebensjahr vollendet hat, egal ob m\u00e4nnlich oder weiblich, egal ob Vereinsmitglied oder nicht. Es wird um bis zu 20 hochwertige Preise geschossen<\/p>\n<p>Zur Auswahl stehen alle am Stand vorhandenen Luftgewehre, wobei als Besonderheit auch die Sch\u00fctzen unter 55 Jahren die Waffen mit Adlerauge nutzen d\u00fcrfen. Der Satz selbst besteht aus drei Sch\u00fcssen auf die 10er-Ringscheibe. Es wird pro Sch\u00fctze nur das h\u00f6chste erzielte Ergebnis gewertet. Wer die H\u00f6chstringzahl 30 erreicht, gibt weitere Sch\u00fcsse f\u00fcr das Stechen ab. Sollten danach im Vergleich mit anderen Sch\u00fctzen weitere Stechsch\u00fcsse n\u00f6tig sein, werden diese einzeln abgegeben und gewertet.<\/p>\n<p>F\u00fcr die ersten 20 Sch\u00fctzen stehen hochkar\u00e4tige Gewinne bereit. Die Preise werden morgens am Sch\u00fctzenfestsonntag nach Rangliste abw\u00e4rts verteilt und von den Gewinnern frei gew\u00e4hlt.<\/p>\n","protected":false},"excerpt":{"rendered":"<p>Am Freitag vor dem Sch\u00fctzenfest tr\u00e4gt der Sch\u00fctzenverein Hemsen sein allj\u00e4hrliches Preisschie\u00dfen aus. Das Preisschie\u00dfen erfreut sich in jedem Jahr gro\u00dfer Beliebtheit und hier kann jeder teilnehmen, der das 16. Lebensjahr vollendet hat, egal ob m\u00e4nnlich oder weiblich, egal ob &hellip; <a href=\"http:\/\/schuetzenverein-hemsen.de\/?page_id=51\">Weiterlesen <span class=\"meta-nav\">&rarr;<\/span><\/a><\/p>\n","protected":false},"author":1,"featured_media":0,"parent":10,"menu_order":7,"comment_status":"closed","ping_status":"closed","template":"","meta":{"footnotes":""},"class_list":["post-51","page","type-page","status-publish","hentry"],"_links":{"self":[{"href":"http:\/\/schuetzenverein-hemsen.de\/index.php?rest_route=\/wp\/v2\/pages\/51","targetHints":{"allow":["GET"]}}],"collection":[{"href":"http:\/\/schuetzenverein-hemsen.de\/index.php?rest_route=\/wp\/v2\/pages"}],"about":[{"href":"http:\/\/schuetzenverein-hemsen.de\/index.php?rest_route=\/wp\/v2\/types\/page"}],"author":[{"embeddable":true,"href":"http:\/\/schuetzenverein-hemsen.de\/index.php?rest_route=\/wp\/v2\/users\/1"}],"replies":[{"embeddable":true,"href":"http:\/\/schuetzenverein-hemsen.de\/index.php?rest_route=%2Fwp%2Fv2%2Fcomments&post=51"}],"version-history":[{"count":11,"href":"http:\/\/schuetzenverein-hemsen.de\/index.php?rest_route=\/wp\/v2\/pages\/51\/revisions"}],"predecessor-version":[{"id":1832,"href":"http:\/\/schuetzenverein-hemsen.de\/index.php?rest_route=\/wp\/v2\/pages\/51\/revisions\/1832"}],"up":[{"embeddable":true,"href":"http:\/\/schuetzenverein-hemsen.de\/index.php?rest_route=\/wp\/v2\/pages\/10"}],"wp:attachment":[{"href":"http:\/\/schuetzenverein-hemsen.de\/index.php?rest_route=%2Fwp%2Fv2%2Fmedia&parent=51"}],"curies":[{"name":"wp","href":"https:\/\/api.w.org\/{rel}","templated":true}]}}