{"id":56,"date":"2013-10-10T08:19:36","date_gmt":"2013-10-10T08:19:36","guid":{"rendered":"http:\/\/schuetzenverein-hemsen.de\/wordpress\/?page_id=56"},"modified":"2013-11-16T13:52:27","modified_gmt":"2013-11-16T11:52:27","slug":"chronik","status":"publish","type":"page","link":"http:\/\/schuetzenverein-hemsen.de\/?page_id=56","title":{"rendered":"Chronik"},"content":{"rendered":"<p>Die Urspr\u00fcnge des Sch\u00fctzenvereins Hemsen e. V. gehen zur\u00fcck bis in das Jahr 1912, als der Verein als &#8222;Kriegerverein Hemsen und Umgebung&#8220; gegr\u00fcndet wurde. Der Verein machte eine lebhafte Geschichte durch: Nach dem Ersten Weltkrieg folgte in den 1920er Jahren die Abspaltung der Borkener Sch\u00fctzengilde und sp\u00e4tere Wiedereingliederung der Borkener. Danach folgte die NS-Herrschaft und der Zweite Weltkrieg.<\/p>\n<p>Die Neugr\u00fcndung als Sch\u00fctzenverein Hemsen erfolgte im Jahr 1949 und der Verein ist bis heute aktiv. Mit \u00fcber 400 Sch\u00fctzenbr\u00fcdern ist er einer der mitgliederst\u00e4rksten Vereinszusammenschl\u00fcsse der Meppener Nordgemeinden.<\/p>\n<p><a href=\"http:\/\/schuetzenverein-hemsen.de\/wordpress\/wp-content\/uploads\/2013\/10\/Chronik_2012-10_DSC_0005_500px.jpg\"><img loading=\"lazy\" decoding=\"async\" class=\"aligncenter size-full wp-image-394\" alt=\"Chronik_2012-10_DSC_0005_500px\" src=\"http:\/\/schuetzenverein-hemsen.de\/wordpress\/wp-content\/uploads\/2013\/10\/Chronik_2012-10_DSC_0005_500px.jpg\" width=\"500\" height=\"503\" srcset=\"http:\/\/schuetzenverein-hemsen.de\/wordpress\/wp-content\/uploads\/2013\/10\/Chronik_2012-10_DSC_0005_500px.jpg 500w, http:\/\/schuetzenverein-hemsen.de\/wordpress\/wp-content\/uploads\/2013\/10\/Chronik_2012-10_DSC_0005_500px-150x150.jpg 150w, http:\/\/schuetzenverein-hemsen.de\/wordpress\/wp-content\/uploads\/2013\/10\/Chronik_2012-10_DSC_0005_500px-298x300.jpg 298w\" sizes=\"auto, (max-width: 500px) 100vw, 500px\" \/><\/a>Zur Feier des 100j\u00e4hrigen Bestehens im Jahre 2012 wurde eine umfangreiche Vereinschronik in Buchform erstellt, in der die Geschichte des Vereins auf 246 reich bebilderten Seiten detailliert dargelegt ist. Diese Chronik ist noch erh\u00e4ltlich und kostet 10,- Euro (zzgl. ggf. Porto und Verpackungskosten). Wenn Sie Interesse an der Geschichte des Sch\u00fctzenvereins Hemsen e. V. haben, dann senden Sie uns einfach eine Nachricht \u00fcber das Kontaktformular auf dieser Seite oder sprechen Sie eines unserer Vorstandsmitglieder an (die Kontaktdaten finden Sie <a title=\"Vorstand\" href=\"http:\/\/schuetzenverein-hemsen.de\/wordpress\/?page_id=18\">HIER<\/a>).<\/p>\n\n<div class=\"wpcf7 no-js\" id=\"wpcf7-f994-o1\" lang=\"de-DE\" dir=\"ltr\" data-wpcf7-id=\"994\">\n<div class=\"screen-reader-response\"><p role=\"status\" aria-live=\"polite\" aria-atomic=\"true\"><\/p> <ul><\/ul><\/div>\n<form action=\"\/index.php?rest_route=%2Fwp%2Fv2%2Fpages%2F56#wpcf7-f994-o1\" method=\"post\" class=\"wpcf7-form init\" aria-label=\"Kontaktformular\" novalidate=\"novalidate\" data-status=\"init\">\n<fieldset class=\"hidden-fields-container\"><input type=\"hidden\" name=\"_wpcf7\" value=\"994\" \/><input type=\"hidden\" name=\"_wpcf7_version\" value=\"6.1.4\" \/><input type=\"hidden\" name=\"_wpcf7_locale\" value=\"de_DE\" \/><input type=\"hidden\" name=\"_wpcf7_unit_tag\" value=\"wpcf7-f994-o1\" \/><input type=\"hidden\" name=\"_wpcf7_container_post\" value=\"0\" \/><input type=\"hidden\" name=\"_wpcf7_posted_data_hash\" value=\"\" \/>\n<\/fieldset>\n<p>Ihr Name\n<\/p>\n<p><span class=\"wpcf7-form-control-wrap\" data-name=\"your-name\"><input size=\"40\" maxlength=\"400\" class=\"wpcf7-form-control wpcf7-text wpcf7-validates-as-required\" aria-required=\"true\" aria-invalid=\"false\" value=\"\" type=\"text\" name=\"your-name\" \/><\/span>\n<\/p>\n<p>Ihre E-Mail-Adresse\n<\/p>\n<p><span class=\"wpcf7-form-control-wrap\" data-name=\"your-email\"><input size=\"40\" maxlength=\"400\" class=\"wpcf7-form-control wpcf7-email wpcf7-validates-as-required wpcf7-text wpcf7-validates-as-email\" aria-required=\"true\" aria-invalid=\"false\" value=\"\" type=\"email\" name=\"your-email\" \/><\/span>\n<\/p>\n<p>Betreff\n<\/p>\n<p><span class=\"wpcf7-form-control-wrap\" data-name=\"your-subject\"><input size=\"40\" maxlength=\"400\" class=\"wpcf7-form-control wpcf7-text\" aria-invalid=\"false\" value=\"\" type=\"text\" name=\"your-subject\" \/><\/span>\n<\/p>\n<p>Ihre Nachricht\n<\/p>\n<p><span class=\"wpcf7-form-control-wrap\" data-name=\"your-message\"><textarea cols=\"40\" rows=\"10\" maxlength=\"2000\" class=\"wpcf7-form-control wpcf7-textarea\" aria-invalid=\"false\" name=\"your-message\"><\/textarea><\/span>\n<\/p>\n<p><input type=\"hidden\" name=\"_wpcf7_captcha_challenge_captcha-777\" value=\"794957522\" \/><img loading=\"lazy\" decoding=\"async\" class=\"wpcf7-form-control wpcf7-captchac wpcf7-captcha-captcha-777\" width=\"72\" height=\"24\" alt=\"captcha\" src=\"http:\/\/schuetzenverein-hemsen.de\/wordpress\/wp-content\/uploads\/wpcf7_captcha\/794957522.png\" \/>\n<\/p>\n<p>Code:\n<\/p>\n<p><span class=\"wpcf7-form-control-wrap\" data-name=\"captcha-777\"><input size=\"40\" class=\"wpcf7-form-control wpcf7-captchar\" autocomplete=\"off\" aria-invalid=\"false\" value=\"\" type=\"text\" name=\"captcha-777\" \/><\/span>\n<\/p>\n<p><input class=\"wpcf7-form-control wpcf7-submit has-spinner\" type=\"submit\" value=\"Senden\" \/>\n<\/p><div class=\"wpcf7-response-output\" aria-hidden=\"true\"><\/div>\n<\/form>\n<\/div>\n\n","protected":false},"excerpt":{"rendered":"<p>Die Urspr\u00fcnge des Sch\u00fctzenvereins Hemsen e. V. gehen zur\u00fcck bis in das Jahr 1912, als der Verein als &#8222;Kriegerverein Hemsen und Umgebung&#8220; gegr\u00fcndet wurde. Der Verein machte eine lebhafte Geschichte durch: Nach dem Ersten Weltkrieg folgte in den 1920er Jahren &hellip; <a href=\"http:\/\/schuetzenverein-hemsen.de\/?page_id=56\">Weiterlesen <span class=\"meta-nav\">&rarr;<\/span><\/a><\/p>\n","protected":false},"author":1,"featured_media":0,"parent":7,"menu_order":0,"comment_status":"closed","ping_status":"closed","template":"","meta":{"footnotes":""},"class_list":["post-56","page","type-page","status-publish","hentry"],"_links":{"self":[{"href":"http:\/\/schuetzenverein-hemsen.de\/index.php?rest_route=\/wp\/v2\/pages\/56","targetHints":{"allow":["GET"]}}],"collection":[{"href":"http:\/\/schuetzenverein-hemsen.de\/index.php?rest_route=\/wp\/v2\/pages"}],"about":[{"href":"http:\/\/schuetzenverein-hemsen.de\/index.php?rest_route=\/wp\/v2\/types\/page"}],"author":[{"embeddable":true,"href":"http:\/\/schuetzenverein-hemsen.de\/index.php?rest_route=\/wp\/v2\/users\/1"}],"replies":[{"embeddable":true,"href":"http:\/\/schuetzenverein-hemsen.de\/index.php?rest_route=%2Fwp%2Fv2%2Fcomments&post=56"}],"version-history":[{"count":13,"href":"http:\/\/schuetzenverein-hemsen.de\/index.php?rest_route=\/wp\/v2\/pages\/56\/revisions"}],"predecessor-version":[{"id":998,"href":"http:\/\/schuetzenverein-hemsen.de\/index.php?rest_route=\/wp\/v2\/pages\/56\/revisions\/998"}],"up":[{"embeddable":true,"href":"http:\/\/schuetzenverein-hemsen.de\/index.php?rest_route=\/wp\/v2\/pages\/7"}],"wp:attachment":[{"href":"http:\/\/schuetzenverein-hemsen.de\/index.php?rest_route=%2Fwp%2Fv2%2Fmedia&parent=56"}],"curies":[{"name":"wp","href":"https:\/\/api.w.org\/{rel}","templated":true}]}}