{"id":571,"date":"2013-10-17T20:11:39","date_gmt":"2013-10-17T18:11:39","guid":{"rendered":"http:\/\/schuetzenverein-hemsen.de\/wordpress\/?page_id=571"},"modified":"2013-10-17T21:56:55","modified_gmt":"2013-10-17T19:56:55","slug":"thron-19881989-konig-hermann-vii","status":"publish","type":"page","link":"http:\/\/schuetzenverein-hemsen.de\/?page_id=571","title":{"rendered":"Thron 1988\/1989: K\u00f6nig Hermann VII."},"content":{"rendered":"<p><strong>Der Sch\u00fctzenthron 1988\/1989 (v. l. n. r.):<\/strong> Hubert Thiering, Gunda Thiering, Lenchen Naber, Karl Naber, K\u00f6nigin Christa Dierkes, K\u00f6nig Hermann Vieler, Dorothea Vieler, Bernhard B\u00f6lscher, Agnes Koopmann, Heinz-Wilhelm Koopmann.<\/p>\n<p><a href=\"http:\/\/schuetzenverein-hemsen.de\/wordpress\/wp-content\/uploads\/2013\/10\/Thron1988-1989_Chronik-Hemsen_Innenteil_RZ_2012-04.jpg\"><img loading=\"lazy\" decoding=\"async\" class=\"aligncenter size-full wp-image-794\" alt=\"Thron1988-1989_Chronik-Hemsen_Innenteil_RZ_2012-04\" src=\"http:\/\/schuetzenverein-hemsen.de\/wordpress\/wp-content\/uploads\/2013\/10\/Thron1988-1989_Chronik-Hemsen_Innenteil_RZ_2012-04.jpg\" width=\"500\" height=\"269\" srcset=\"http:\/\/schuetzenverein-hemsen.de\/wordpress\/wp-content\/uploads\/2013\/10\/Thron1988-1989_Chronik-Hemsen_Innenteil_RZ_2012-04.jpg 500w, http:\/\/schuetzenverein-hemsen.de\/wordpress\/wp-content\/uploads\/2013\/10\/Thron1988-1989_Chronik-Hemsen_Innenteil_RZ_2012-04-300x161.jpg 300w\" sizes=\"auto, (max-width: 500px) 100vw, 500px\" \/><\/a><\/p>\n","protected":false},"excerpt":{"rendered":"<p>Der Sch\u00fctzenthron 1988\/1989 (v. l. n. r.): Hubert Thiering, Gunda Thiering, Lenchen Naber, Karl Naber, K\u00f6nigin Christa Dierkes, K\u00f6nig Hermann Vieler, Dorothea Vieler, Bernhard B\u00f6lscher, Agnes Koopmann, Heinz-Wilhelm Koopmann.<\/p>\n","protected":false},"author":1,"featured_media":0,"parent":80,"menu_order":0,"comment_status":"closed","ping_status":"closed","template":"","meta":{"footnotes":""},"class_list":["post-571","page","type-page","status-publish","hentry"],"_links":{"self":[{"href":"http:\/\/schuetzenverein-hemsen.de\/index.php?rest_route=\/wp\/v2\/pages\/571","targetHints":{"allow":["GET"]}}],"collection":[{"href":"http:\/\/schuetzenverein-hemsen.de\/index.php?rest_route=\/wp\/v2\/pages"}],"about":[{"href":"http:\/\/schuetzenverein-hemsen.de\/index.php?rest_route=\/wp\/v2\/types\/page"}],"author":[{"embeddable":true,"href":"http:\/\/schuetzenverein-hemsen.de\/index.php?rest_route=\/wp\/v2\/users\/1"}],"replies":[{"embeddable":true,"href":"http:\/\/schuetzenverein-hemsen.de\/index.php?rest_route=%2Fwp%2Fv2%2Fcomments&post=571"}],"version-history":[{"count":6,"href":"http:\/\/schuetzenverein-hemsen.de\/index.php?rest_route=\/wp\/v2\/pages\/571\/revisions"}],"predecessor-version":[{"id":626,"href":"http:\/\/schuetzenverein-hemsen.de\/index.php?rest_route=\/wp\/v2\/pages\/571\/revisions\/626"}],"up":[{"embeddable":true,"href":"http:\/\/schuetzenverein-hemsen.de\/index.php?rest_route=\/wp\/v2\/pages\/80"}],"wp:attachment":[{"href":"http:\/\/schuetzenverein-hemsen.de\/index.php?rest_route=%2Fwp%2Fv2%2Fmedia&parent=571"}],"curies":[{"name":"wp","href":"https:\/\/api.w.org\/{rel}","templated":true}]}}