{"id":573,"date":"2013-10-17T20:11:52","date_gmt":"2013-10-17T18:11:52","guid":{"rendered":"http:\/\/schuetzenverein-hemsen.de\/wordpress\/?page_id=573"},"modified":"2013-10-17T21:57:44","modified_gmt":"2013-10-17T19:57:44","slug":"thron-19891990-konig-heinrich-viii","status":"publish","type":"page","link":"http:\/\/schuetzenverein-hemsen.de\/?page_id=573","title":{"rendered":"Thron 1989\/1990: K\u00f6nig Heinrich VIII."},"content":{"rendered":"<p><strong>Der Sch\u00fctzenthron 1989\/1990 (v. l. n. r.):<\/strong> Bernhardine Cremering, Bernhard Cremering, K\u00f6nigin Helene Vo\u00df, K\u00f6nig Heinrich Knue, Rosa Knue, Hermann Vo\u00df, Marianne Klaas, Gerhard Klaas, Adjutant Heinz Klaas.<\/p>\n<p><a href=\"http:\/\/schuetzenverein-hemsen.de\/wordpress\/wp-content\/uploads\/2013\/10\/Thron1989-1990_Chronik-Hemsen_Innenteil_RZ_2012-04.jpg\"><img loading=\"lazy\" decoding=\"async\" class=\"aligncenter size-full wp-image-797\" alt=\"Thron1989-1990_Chronik-Hemsen_Innenteil_RZ_2012-04\" src=\"http:\/\/schuetzenverein-hemsen.de\/wordpress\/wp-content\/uploads\/2013\/10\/Thron1989-1990_Chronik-Hemsen_Innenteil_RZ_2012-04.jpg\" width=\"500\" height=\"269\" srcset=\"http:\/\/schuetzenverein-hemsen.de\/wordpress\/wp-content\/uploads\/2013\/10\/Thron1989-1990_Chronik-Hemsen_Innenteil_RZ_2012-04.jpg 500w, http:\/\/schuetzenverein-hemsen.de\/wordpress\/wp-content\/uploads\/2013\/10\/Thron1989-1990_Chronik-Hemsen_Innenteil_RZ_2012-04-300x161.jpg 300w\" sizes=\"auto, (max-width: 500px) 100vw, 500px\" \/><\/a><\/p>\n","protected":false},"excerpt":{"rendered":"<p>Der Sch\u00fctzenthron 1989\/1990 (v. l. n. r.): Bernhardine Cremering, Bernhard Cremering, K\u00f6nigin Helene Vo\u00df, K\u00f6nig Heinrich Knue, Rosa Knue, Hermann Vo\u00df, Marianne Klaas, Gerhard Klaas, Adjutant Heinz Klaas.<\/p>\n","protected":false},"author":1,"featured_media":0,"parent":80,"menu_order":0,"comment_status":"closed","ping_status":"closed","template":"","meta":{"footnotes":""},"class_list":["post-573","page","type-page","status-publish","hentry"],"_links":{"self":[{"href":"http:\/\/schuetzenverein-hemsen.de\/index.php?rest_route=\/wp\/v2\/pages\/573","targetHints":{"allow":["GET"]}}],"collection":[{"href":"http:\/\/schuetzenverein-hemsen.de\/index.php?rest_route=\/wp\/v2\/pages"}],"about":[{"href":"http:\/\/schuetzenverein-hemsen.de\/index.php?rest_route=\/wp\/v2\/types\/page"}],"author":[{"embeddable":true,"href":"http:\/\/schuetzenverein-hemsen.de\/index.php?rest_route=\/wp\/v2\/users\/1"}],"replies":[{"embeddable":true,"href":"http:\/\/schuetzenverein-hemsen.de\/index.php?rest_route=%2Fwp%2Fv2%2Fcomments&post=573"}],"version-history":[{"count":5,"href":"http:\/\/schuetzenverein-hemsen.de\/index.php?rest_route=\/wp\/v2\/pages\/573\/revisions"}],"predecessor-version":[{"id":628,"href":"http:\/\/schuetzenverein-hemsen.de\/index.php?rest_route=\/wp\/v2\/pages\/573\/revisions\/628"}],"up":[{"embeddable":true,"href":"http:\/\/schuetzenverein-hemsen.de\/index.php?rest_route=\/wp\/v2\/pages\/80"}],"wp:attachment":[{"href":"http:\/\/schuetzenverein-hemsen.de\/index.php?rest_route=%2Fwp%2Fv2%2Fmedia&parent=573"}],"curies":[{"name":"wp","href":"https:\/\/api.w.org\/{rel}","templated":true}]}}