{"id":585,"date":"2013-10-17T20:13:13","date_gmt":"2013-10-17T18:13:13","guid":{"rendered":"http:\/\/schuetzenverein-hemsen.de\/wordpress\/?page_id=585"},"modified":"2013-10-17T22:02:38","modified_gmt":"2013-10-17T20:02:38","slug":"thron-19951996-konig-wolfgang-i","status":"publish","type":"page","link":"http:\/\/schuetzenverein-hemsen.de\/?page_id=585","title":{"rendered":"Thron 1995\/1996: K\u00f6nig Wolfgang I."},"content":{"rendered":"<p><strong>Der Sch\u00fctzenthron 1995\/1996 (v. l. n. r.):<\/strong> Angelika Wendel, Norbert T\u00f6bben, K\u00f6nigin Anita Schl\u00f6mer, K\u00f6nig Wolfgang Schl\u00f6mer, Maria B\u00fcter, Werner Schwenen, Maria Lonnemann, Andreas Anneken. Kurios: Auf diesem Foto ist gar nicht K\u00f6nigin Anita zu sehen, sondern ihre Zwillingsschwester Monika. Sie &#8222;doubelte&#8220; ihre hochschwangere Schwester.<\/p>\n<p><a href=\"http:\/\/schuetzenverein-hemsen.de\/wordpress\/wp-content\/uploads\/2013\/10\/Thron1995-1996_Chronik-Hemsen_Innenteil_RZ_2012-04.jpg\"><img loading=\"lazy\" decoding=\"async\" class=\"aligncenter size-full wp-image-815\" alt=\"Thron1995-1996_Chronik-Hemsen_Innenteil_RZ_2012-04\" src=\"http:\/\/schuetzenverein-hemsen.de\/wordpress\/wp-content\/uploads\/2013\/10\/Thron1995-1996_Chronik-Hemsen_Innenteil_RZ_2012-04.jpg\" width=\"500\" height=\"340\" srcset=\"http:\/\/schuetzenverein-hemsen.de\/wordpress\/wp-content\/uploads\/2013\/10\/Thron1995-1996_Chronik-Hemsen_Innenteil_RZ_2012-04.jpg 500w, http:\/\/schuetzenverein-hemsen.de\/wordpress\/wp-content\/uploads\/2013\/10\/Thron1995-1996_Chronik-Hemsen_Innenteil_RZ_2012-04-300x204.jpg 300w\" sizes=\"auto, (max-width: 500px) 100vw, 500px\" \/><\/a><\/p>\n","protected":false},"excerpt":{"rendered":"<p>Der Sch\u00fctzenthron 1995\/1996 (v. l. n. r.): Angelika Wendel, Norbert T\u00f6bben, K\u00f6nigin Anita Schl\u00f6mer, K\u00f6nig Wolfgang Schl\u00f6mer, Maria B\u00fcter, Werner Schwenen, Maria Lonnemann, Andreas Anneken. Kurios: Auf diesem Foto ist gar nicht K\u00f6nigin Anita zu sehen, sondern ihre Zwillingsschwester Monika. &hellip; <a href=\"http:\/\/schuetzenverein-hemsen.de\/?page_id=585\">Weiterlesen <span class=\"meta-nav\">&rarr;<\/span><\/a><\/p>\n","protected":false},"author":1,"featured_media":0,"parent":80,"menu_order":0,"comment_status":"closed","ping_status":"closed","template":"","meta":{"footnotes":""},"class_list":["post-585","page","type-page","status-publish","hentry"],"_links":{"self":[{"href":"http:\/\/schuetzenverein-hemsen.de\/index.php?rest_route=\/wp\/v2\/pages\/585","targetHints":{"allow":["GET"]}}],"collection":[{"href":"http:\/\/schuetzenverein-hemsen.de\/index.php?rest_route=\/wp\/v2\/pages"}],"about":[{"href":"http:\/\/schuetzenverein-hemsen.de\/index.php?rest_route=\/wp\/v2\/types\/page"}],"author":[{"embeddable":true,"href":"http:\/\/schuetzenverein-hemsen.de\/index.php?rest_route=\/wp\/v2\/users\/1"}],"replies":[{"embeddable":true,"href":"http:\/\/schuetzenverein-hemsen.de\/index.php?rest_route=%2Fwp%2Fv2%2Fcomments&post=585"}],"version-history":[{"count":5,"href":"http:\/\/schuetzenverein-hemsen.de\/index.php?rest_route=\/wp\/v2\/pages\/585\/revisions"}],"predecessor-version":[{"id":640,"href":"http:\/\/schuetzenverein-hemsen.de\/index.php?rest_route=\/wp\/v2\/pages\/585\/revisions\/640"}],"up":[{"embeddable":true,"href":"http:\/\/schuetzenverein-hemsen.de\/index.php?rest_route=\/wp\/v2\/pages\/80"}],"wp:attachment":[{"href":"http:\/\/schuetzenverein-hemsen.de\/index.php?rest_route=%2Fwp%2Fv2%2Fmedia&parent=585"}],"curies":[{"name":"wp","href":"https:\/\/api.w.org\/{rel}","templated":true}]}}