{"id":587,"date":"2013-10-17T20:13:26","date_gmt":"2013-10-17T18:13:26","guid":{"rendered":"http:\/\/schuetzenverein-hemsen.de\/wordpress\/?page_id=587"},"modified":"2013-10-17T22:03:21","modified_gmt":"2013-10-17T20:03:21","slug":"thron-19961997-konig-leo-i","status":"publish","type":"page","link":"http:\/\/schuetzenverein-hemsen.de\/?page_id=587","title":{"rendered":"Thron 1996\/1997: K\u00f6nig Leo I."},"content":{"rendered":"<p><strong>Der Sch\u00fctzenthron 1996\/1997 (v. l. n. r.):<\/strong> Monika Baalmann, Hermann Baalmann, K\u00e4the Eilers, Bernd Eilers, Gertrud Wilken, Heinz Wilken, K\u00f6nigin Wilma Meiners, K\u00f6nig Leo Meiners, Maria Gruth, Hermann Gruth.<\/p>\n<p><a href=\"http:\/\/schuetzenverein-hemsen.de\/wordpress\/wp-content\/uploads\/2013\/10\/Thron1996-1997_Chronik-Hemsen_Innenteil_RZ_2012-04.jpg\"><img loading=\"lazy\" decoding=\"async\" class=\"aligncenter size-full wp-image-818\" alt=\"Thron1996-1997_Chronik-Hemsen_Innenteil_RZ_2012-04\" src=\"http:\/\/schuetzenverein-hemsen.de\/wordpress\/wp-content\/uploads\/2013\/10\/Thron1996-1997_Chronik-Hemsen_Innenteil_RZ_2012-04.jpg\" width=\"500\" height=\"269\" srcset=\"http:\/\/schuetzenverein-hemsen.de\/wordpress\/wp-content\/uploads\/2013\/10\/Thron1996-1997_Chronik-Hemsen_Innenteil_RZ_2012-04.jpg 500w, http:\/\/schuetzenverein-hemsen.de\/wordpress\/wp-content\/uploads\/2013\/10\/Thron1996-1997_Chronik-Hemsen_Innenteil_RZ_2012-04-300x161.jpg 300w\" sizes=\"auto, (max-width: 500px) 100vw, 500px\" \/><\/a><\/p>\n","protected":false},"excerpt":{"rendered":"<p>Der Sch\u00fctzenthron 1996\/1997 (v. l. n. r.): Monika Baalmann, Hermann Baalmann, K\u00e4the Eilers, Bernd Eilers, Gertrud Wilken, Heinz Wilken, K\u00f6nigin Wilma Meiners, K\u00f6nig Leo Meiners, Maria Gruth, Hermann Gruth.<\/p>\n","protected":false},"author":1,"featured_media":0,"parent":80,"menu_order":0,"comment_status":"closed","ping_status":"closed","template":"","meta":{"footnotes":""},"class_list":["post-587","page","type-page","status-publish","hentry"],"_links":{"self":[{"href":"http:\/\/schuetzenverein-hemsen.de\/index.php?rest_route=\/wp\/v2\/pages\/587","targetHints":{"allow":["GET"]}}],"collection":[{"href":"http:\/\/schuetzenverein-hemsen.de\/index.php?rest_route=\/wp\/v2\/pages"}],"about":[{"href":"http:\/\/schuetzenverein-hemsen.de\/index.php?rest_route=\/wp\/v2\/types\/page"}],"author":[{"embeddable":true,"href":"http:\/\/schuetzenverein-hemsen.de\/index.php?rest_route=\/wp\/v2\/users\/1"}],"replies":[{"embeddable":true,"href":"http:\/\/schuetzenverein-hemsen.de\/index.php?rest_route=%2Fwp%2Fv2%2Fcomments&post=587"}],"version-history":[{"count":5,"href":"http:\/\/schuetzenverein-hemsen.de\/index.php?rest_route=\/wp\/v2\/pages\/587\/revisions"}],"predecessor-version":[{"id":642,"href":"http:\/\/schuetzenverein-hemsen.de\/index.php?rest_route=\/wp\/v2\/pages\/587\/revisions\/642"}],"up":[{"embeddable":true,"href":"http:\/\/schuetzenverein-hemsen.de\/index.php?rest_route=\/wp\/v2\/pages\/80"}],"wp:attachment":[{"href":"http:\/\/schuetzenverein-hemsen.de\/index.php?rest_route=%2Fwp%2Fv2%2Fmedia&parent=587"}],"curies":[{"name":"wp","href":"https:\/\/api.w.org\/{rel}","templated":true}]}}