{"id":589,"date":"2013-10-17T20:13:40","date_gmt":"2013-10-17T18:13:40","guid":{"rendered":"http:\/\/schuetzenverein-hemsen.de\/wordpress\/?page_id=589"},"modified":"2013-10-17T22:04:03","modified_gmt":"2013-10-17T20:04:03","slug":"thron-19971998-konig-aloys-ii","status":"publish","type":"page","link":"http:\/\/schuetzenverein-hemsen.de\/?page_id=589","title":{"rendered":"Thron 1997\/1998: K\u00f6nig Aloys II."},"content":{"rendered":"<p><strong>Der Sch\u00fctzenthron 1997\/1998 (v. l. n. r.):<\/strong> Laurenz und Lisa Vieler, Peter und Gisela Jansing, K\u00f6nigin Adele S\u00fcrken, K\u00f6nig Aloys S\u00fcrken, Barbara Conen, Bernd und Agnes Pranger, Norbert Conen.<\/p>\n<p><a href=\"http:\/\/schuetzenverein-hemsen.de\/wordpress\/wp-content\/uploads\/2013\/10\/Thron1997-1998_Chronik-Hemsen_Innenteil_RZ_2012-04.jpg\"><img loading=\"lazy\" decoding=\"async\" class=\"aligncenter size-full wp-image-821\" alt=\"Thron1997-1998_Chronik-Hemsen_Innenteil_RZ_2012-04\" src=\"http:\/\/schuetzenverein-hemsen.de\/wordpress\/wp-content\/uploads\/2013\/10\/Thron1997-1998_Chronik-Hemsen_Innenteil_RZ_2012-04.jpg\" width=\"500\" height=\"340\" srcset=\"http:\/\/schuetzenverein-hemsen.de\/wordpress\/wp-content\/uploads\/2013\/10\/Thron1997-1998_Chronik-Hemsen_Innenteil_RZ_2012-04.jpg 500w, http:\/\/schuetzenverein-hemsen.de\/wordpress\/wp-content\/uploads\/2013\/10\/Thron1997-1998_Chronik-Hemsen_Innenteil_RZ_2012-04-300x204.jpg 300w\" sizes=\"auto, (max-width: 500px) 100vw, 500px\" \/><\/a><\/p>\n","protected":false},"excerpt":{"rendered":"<p>Der Sch\u00fctzenthron 1997\/1998 (v. l. n. r.): Laurenz und Lisa Vieler, Peter und Gisela Jansing, K\u00f6nigin Adele S\u00fcrken, K\u00f6nig Aloys S\u00fcrken, Barbara Conen, Bernd und Agnes Pranger, Norbert Conen.<\/p>\n","protected":false},"author":1,"featured_media":0,"parent":80,"menu_order":0,"comment_status":"closed","ping_status":"closed","template":"","meta":{"footnotes":""},"class_list":["post-589","page","type-page","status-publish","hentry"],"_links":{"self":[{"href":"http:\/\/schuetzenverein-hemsen.de\/index.php?rest_route=\/wp\/v2\/pages\/589","targetHints":{"allow":["GET"]}}],"collection":[{"href":"http:\/\/schuetzenverein-hemsen.de\/index.php?rest_route=\/wp\/v2\/pages"}],"about":[{"href":"http:\/\/schuetzenverein-hemsen.de\/index.php?rest_route=\/wp\/v2\/types\/page"}],"author":[{"embeddable":true,"href":"http:\/\/schuetzenverein-hemsen.de\/index.php?rest_route=\/wp\/v2\/users\/1"}],"replies":[{"embeddable":true,"href":"http:\/\/schuetzenverein-hemsen.de\/index.php?rest_route=%2Fwp%2Fv2%2Fcomments&post=589"}],"version-history":[{"count":5,"href":"http:\/\/schuetzenverein-hemsen.de\/index.php?rest_route=\/wp\/v2\/pages\/589\/revisions"}],"predecessor-version":[{"id":644,"href":"http:\/\/schuetzenverein-hemsen.de\/index.php?rest_route=\/wp\/v2\/pages\/589\/revisions\/644"}],"up":[{"embeddable":true,"href":"http:\/\/schuetzenverein-hemsen.de\/index.php?rest_route=\/wp\/v2\/pages\/80"}],"wp:attachment":[{"href":"http:\/\/schuetzenverein-hemsen.de\/index.php?rest_route=%2Fwp%2Fv2%2Fmedia&parent=589"}],"curies":[{"name":"wp","href":"https:\/\/api.w.org\/{rel}","templated":true}]}}