{"id":599,"date":"2013-10-17T20:15:13","date_gmt":"2013-10-17T18:15:13","guid":{"rendered":"http:\/\/schuetzenverein-hemsen.de\/wordpress\/?page_id=599"},"modified":"2013-10-17T22:07:39","modified_gmt":"2013-10-17T20:07:39","slug":"thron-20022003-konig-hubert-iii","status":"publish","type":"page","link":"http:\/\/schuetzenverein-hemsen.de\/?page_id=599","title":{"rendered":"Thron 2002\/2003: K\u00f6nig Hubert III."},"content":{"rendered":"<p><strong>Der Sch\u00fctzenthron 2002\/2003 (v. l. n. r.):<\/strong> Doris und J\u00f6rg Bohlmann, Manuela und Andreas Cremering, Natascha Tiek, Iris Rolfes, Friedhelm Tieck, K\u00f6nigin Martina Leigers, Raimond Rolfes, K\u00f6nig Hubert Leigers.<\/p>\n<p><a href=\"http:\/\/schuetzenverein-hemsen.de\/wordpress\/wp-content\/uploads\/2013\/10\/Thron2002-2003_Chronik-Hemsen_Innenteil_RZ_2012-04.jpg\"><img loading=\"lazy\" decoding=\"async\" class=\"aligncenter size-full wp-image-836\" alt=\"Thron2002-2003_Chronik-Hemsen_Innenteil_RZ_2012-04\" src=\"http:\/\/schuetzenverein-hemsen.de\/wordpress\/wp-content\/uploads\/2013\/10\/Thron2002-2003_Chronik-Hemsen_Innenteil_RZ_2012-04.jpg\" width=\"500\" height=\"339\" srcset=\"http:\/\/schuetzenverein-hemsen.de\/wordpress\/wp-content\/uploads\/2013\/10\/Thron2002-2003_Chronik-Hemsen_Innenteil_RZ_2012-04.jpg 500w, http:\/\/schuetzenverein-hemsen.de\/wordpress\/wp-content\/uploads\/2013\/10\/Thron2002-2003_Chronik-Hemsen_Innenteil_RZ_2012-04-300x203.jpg 300w\" sizes=\"auto, (max-width: 500px) 100vw, 500px\" \/><\/a><\/p>\n","protected":false},"excerpt":{"rendered":"<p>Der Sch\u00fctzenthron 2002\/2003 (v. l. n. r.): Doris und J\u00f6rg Bohlmann, Manuela und Andreas Cremering, Natascha Tiek, Iris Rolfes, Friedhelm Tieck, K\u00f6nigin Martina Leigers, Raimond Rolfes, K\u00f6nig Hubert Leigers.<\/p>\n","protected":false},"author":1,"featured_media":0,"parent":80,"menu_order":0,"comment_status":"closed","ping_status":"closed","template":"","meta":{"footnotes":""},"class_list":["post-599","page","type-page","status-publish","hentry"],"_links":{"self":[{"href":"http:\/\/schuetzenverein-hemsen.de\/index.php?rest_route=\/wp\/v2\/pages\/599","targetHints":{"allow":["GET"]}}],"collection":[{"href":"http:\/\/schuetzenverein-hemsen.de\/index.php?rest_route=\/wp\/v2\/pages"}],"about":[{"href":"http:\/\/schuetzenverein-hemsen.de\/index.php?rest_route=\/wp\/v2\/types\/page"}],"author":[{"embeddable":true,"href":"http:\/\/schuetzenverein-hemsen.de\/index.php?rest_route=\/wp\/v2\/users\/1"}],"replies":[{"embeddable":true,"href":"http:\/\/schuetzenverein-hemsen.de\/index.php?rest_route=%2Fwp%2Fv2%2Fcomments&post=599"}],"version-history":[{"count":5,"href":"http:\/\/schuetzenverein-hemsen.de\/index.php?rest_route=\/wp\/v2\/pages\/599\/revisions"}],"predecessor-version":[{"id":654,"href":"http:\/\/schuetzenverein-hemsen.de\/index.php?rest_route=\/wp\/v2\/pages\/599\/revisions\/654"}],"up":[{"embeddable":true,"href":"http:\/\/schuetzenverein-hemsen.de\/index.php?rest_route=\/wp\/v2\/pages\/80"}],"wp:attachment":[{"href":"http:\/\/schuetzenverein-hemsen.de\/index.php?rest_route=%2Fwp%2Fv2%2Fmedia&parent=599"}],"curies":[{"name":"wp","href":"https:\/\/api.w.org\/{rel}","templated":true}]}}