{"id":603,"date":"2013-10-17T20:15:40","date_gmt":"2013-10-17T18:15:40","guid":{"rendered":"http:\/\/schuetzenverein-hemsen.de\/wordpress\/?page_id=603"},"modified":"2013-10-17T22:09:34","modified_gmt":"2013-10-17T20:09:34","slug":"thron-20042005-konig-michael-i","status":"publish","type":"page","link":"http:\/\/schuetzenverein-hemsen.de\/?page_id=603","title":{"rendered":"Thron 2004\/2005: K\u00f6nig Michael I."},"content":{"rendered":"<p><strong>Der Sch\u00fctzenthron 2004\/2005 (v. l. n. r.):<\/strong> Petra G\u00fcgelmeyer-Schulte und Holger Schulte, Renate und Norbert Rickermann, Gaby Eglien, K\u00f6nigin Melanie Kuper, Uwe Eglien, K\u00f6nig Michael Kuper, Helena und Helmut Schuckenbrock, Mechthild Hollederer-Poker, Udo Hollederer.<\/p>\n<p><a href=\"http:\/\/schuetzenverein-hemsen.de\/wordpress\/wp-content\/uploads\/2013\/10\/Thron2004-2005_Chronik-Hemsen_Innenteil_RZ_2012-04.jpg\"><img loading=\"lazy\" decoding=\"async\" class=\"aligncenter size-full wp-image-843\" alt=\"Thron2004-2005_Chronik-Hemsen_Innenteil_RZ_2012-04\" src=\"http:\/\/schuetzenverein-hemsen.de\/wordpress\/wp-content\/uploads\/2013\/10\/Thron2004-2005_Chronik-Hemsen_Innenteil_RZ_2012-04.jpg\" width=\"500\" height=\"269\" srcset=\"http:\/\/schuetzenverein-hemsen.de\/wordpress\/wp-content\/uploads\/2013\/10\/Thron2004-2005_Chronik-Hemsen_Innenteil_RZ_2012-04.jpg 500w, http:\/\/schuetzenverein-hemsen.de\/wordpress\/wp-content\/uploads\/2013\/10\/Thron2004-2005_Chronik-Hemsen_Innenteil_RZ_2012-04-300x161.jpg 300w\" sizes=\"auto, (max-width: 500px) 100vw, 500px\" \/><\/a><\/p>\n","protected":false},"excerpt":{"rendered":"<p>Der Sch\u00fctzenthron 2004\/2005 (v. l. n. r.): Petra G\u00fcgelmeyer-Schulte und Holger Schulte, Renate und Norbert Rickermann, Gaby Eglien, K\u00f6nigin Melanie Kuper, Uwe Eglien, K\u00f6nig Michael Kuper, Helena und Helmut Schuckenbrock, Mechthild Hollederer-Poker, Udo Hollederer.<\/p>\n","protected":false},"author":1,"featured_media":0,"parent":80,"menu_order":0,"comment_status":"closed","ping_status":"closed","template":"","meta":{"footnotes":""},"class_list":["post-603","page","type-page","status-publish","hentry"],"_links":{"self":[{"href":"http:\/\/schuetzenverein-hemsen.de\/index.php?rest_route=\/wp\/v2\/pages\/603","targetHints":{"allow":["GET"]}}],"collection":[{"href":"http:\/\/schuetzenverein-hemsen.de\/index.php?rest_route=\/wp\/v2\/pages"}],"about":[{"href":"http:\/\/schuetzenverein-hemsen.de\/index.php?rest_route=\/wp\/v2\/types\/page"}],"author":[{"embeddable":true,"href":"http:\/\/schuetzenverein-hemsen.de\/index.php?rest_route=\/wp\/v2\/users\/1"}],"replies":[{"embeddable":true,"href":"http:\/\/schuetzenverein-hemsen.de\/index.php?rest_route=%2Fwp%2Fv2%2Fcomments&post=603"}],"version-history":[{"count":6,"href":"http:\/\/schuetzenverein-hemsen.de\/index.php?rest_route=\/wp\/v2\/pages\/603\/revisions"}],"predecessor-version":[{"id":658,"href":"http:\/\/schuetzenverein-hemsen.de\/index.php?rest_route=\/wp\/v2\/pages\/603\/revisions\/658"}],"up":[{"embeddable":true,"href":"http:\/\/schuetzenverein-hemsen.de\/index.php?rest_route=\/wp\/v2\/pages\/80"}],"wp:attachment":[{"href":"http:\/\/schuetzenverein-hemsen.de\/index.php?rest_route=%2Fwp%2Fv2%2Fmedia&parent=603"}],"curies":[{"name":"wp","href":"https:\/\/api.w.org\/{rel}","templated":true}]}}