{"id":611,"date":"2013-10-17T20:16:35","date_gmt":"2013-10-17T18:16:35","guid":{"rendered":"http:\/\/schuetzenverein-hemsen.de\/wordpress\/?page_id=611"},"modified":"2013-10-17T22:12:30","modified_gmt":"2013-10-17T20:12:30","slug":"thron-20082009-konig-andreas-i","status":"publish","type":"page","link":"http:\/\/schuetzenverein-hemsen.de\/?page_id=611","title":{"rendered":"Thron 2008\/2009: K\u00f6nig Andreas I."},"content":{"rendered":"<p><strong>Der Sch\u00fctzenthron 2008\/2009 (v. l. n. r.):<\/strong> J\u00f6rg und Doris Bohlmann, Klaus und Doris Kr\u00f6ger, Renate und Norbert Rickermann, K\u00f6nigspaar Andreas und Manuela Cremering, Thomas und Mariele Pricker, Frank und Anja Bruns.<\/p>\n<p><a href=\"http:\/\/schuetzenverein-hemsen.de\/wordpress\/wp-content\/uploads\/2013\/10\/Thron2008-2009_Chronik-Hemsen_Innenteil_RZ_2012-04.jpg\"><img loading=\"lazy\" decoding=\"async\" class=\"aligncenter size-full wp-image-856\" alt=\"Thron2008-2009_Chronik-Hemsen_Innenteil_RZ_2012-04\" src=\"http:\/\/schuetzenverein-hemsen.de\/wordpress\/wp-content\/uploads\/2013\/10\/Thron2008-2009_Chronik-Hemsen_Innenteil_RZ_2012-04.jpg\" width=\"500\" height=\"269\" srcset=\"http:\/\/schuetzenverein-hemsen.de\/wordpress\/wp-content\/uploads\/2013\/10\/Thron2008-2009_Chronik-Hemsen_Innenteil_RZ_2012-04.jpg 500w, http:\/\/schuetzenverein-hemsen.de\/wordpress\/wp-content\/uploads\/2013\/10\/Thron2008-2009_Chronik-Hemsen_Innenteil_RZ_2012-04-300x161.jpg 300w\" sizes=\"auto, (max-width: 500px) 100vw, 500px\" \/><\/a><\/p>\n","protected":false},"excerpt":{"rendered":"<p>Der Sch\u00fctzenthron 2008\/2009 (v. l. n. r.): J\u00f6rg und Doris Bohlmann, Klaus und Doris Kr\u00f6ger, Renate und Norbert Rickermann, K\u00f6nigspaar Andreas und Manuela Cremering, Thomas und Mariele Pricker, Frank und Anja Bruns.<\/p>\n","protected":false},"author":1,"featured_media":0,"parent":80,"menu_order":0,"comment_status":"closed","ping_status":"closed","template":"","meta":{"footnotes":""},"class_list":["post-611","page","type-page","status-publish","hentry"],"_links":{"self":[{"href":"http:\/\/schuetzenverein-hemsen.de\/index.php?rest_route=\/wp\/v2\/pages\/611","targetHints":{"allow":["GET"]}}],"collection":[{"href":"http:\/\/schuetzenverein-hemsen.de\/index.php?rest_route=\/wp\/v2\/pages"}],"about":[{"href":"http:\/\/schuetzenverein-hemsen.de\/index.php?rest_route=\/wp\/v2\/types\/page"}],"author":[{"embeddable":true,"href":"http:\/\/schuetzenverein-hemsen.de\/index.php?rest_route=\/wp\/v2\/users\/1"}],"replies":[{"embeddable":true,"href":"http:\/\/schuetzenverein-hemsen.de\/index.php?rest_route=%2Fwp%2Fv2%2Fcomments&post=611"}],"version-history":[{"count":5,"href":"http:\/\/schuetzenverein-hemsen.de\/index.php?rest_route=\/wp\/v2\/pages\/611\/revisions"}],"predecessor-version":[{"id":666,"href":"http:\/\/schuetzenverein-hemsen.de\/index.php?rest_route=\/wp\/v2\/pages\/611\/revisions\/666"}],"up":[{"embeddable":true,"href":"http:\/\/schuetzenverein-hemsen.de\/index.php?rest_route=\/wp\/v2\/pages\/80"}],"wp:attachment":[{"href":"http:\/\/schuetzenverein-hemsen.de\/index.php?rest_route=%2Fwp%2Fv2%2Fmedia&parent=611"}],"curies":[{"name":"wp","href":"https:\/\/api.w.org\/{rel}","templated":true}]}}