{"id":613,"date":"2013-10-17T20:16:51","date_gmt":"2013-10-17T18:16:51","guid":{"rendered":"http:\/\/schuetzenverein-hemsen.de\/wordpress\/?page_id=613"},"modified":"2013-10-17T22:13:20","modified_gmt":"2013-10-17T20:13:20","slug":"thron-20092010-konig-matthias-i","status":"publish","type":"page","link":"http:\/\/schuetzenverein-hemsen.de\/?page_id=613","title":{"rendered":"Thron 2009\/2010: K\u00f6nig Matthias I."},"content":{"rendered":"<p><strong>Der Sch\u00fctzenthron 2009\/2010 (v. l. n. r.):<\/strong> Andreas und Rita Klaas, Matthias Klaas und Sonja Brink, G\u00fcnter und Sylvia Kollmer, K\u00f6nigspaar Simone und Matthias B\u00fcscher, Marion und Stefan Wobken, Simone und Thomas Brink, Klaus und Sabine Jansen. Auf diesem Bild fehlen: Volker und Melanie Horstmann.<\/p>\n<p><a href=\"http:\/\/schuetzenverein-hemsen.de\/wordpress\/wp-content\/uploads\/2013\/10\/Thron2009-2010_Chronik-Hemsen_Innenteil_RZ_2012-04.jpg\"><img loading=\"lazy\" decoding=\"async\" class=\"aligncenter size-full wp-image-859\" alt=\"Thron2009-2010_Chronik-Hemsen_Innenteil_RZ_2012-04\" src=\"http:\/\/schuetzenverein-hemsen.de\/wordpress\/wp-content\/uploads\/2013\/10\/Thron2009-2010_Chronik-Hemsen_Innenteil_RZ_2012-04.jpg\" width=\"500\" height=\"269\" srcset=\"http:\/\/schuetzenverein-hemsen.de\/wordpress\/wp-content\/uploads\/2013\/10\/Thron2009-2010_Chronik-Hemsen_Innenteil_RZ_2012-04.jpg 500w, http:\/\/schuetzenverein-hemsen.de\/wordpress\/wp-content\/uploads\/2013\/10\/Thron2009-2010_Chronik-Hemsen_Innenteil_RZ_2012-04-300x161.jpg 300w\" sizes=\"auto, (max-width: 500px) 100vw, 500px\" \/><\/a><\/p>\n","protected":false},"excerpt":{"rendered":"<p>Der Sch\u00fctzenthron 2009\/2010 (v. l. n. r.): Andreas und Rita Klaas, Matthias Klaas und Sonja Brink, G\u00fcnter und Sylvia Kollmer, K\u00f6nigspaar Simone und Matthias B\u00fcscher, Marion und Stefan Wobken, Simone und Thomas Brink, Klaus und Sabine Jansen. Auf diesem Bild &hellip; <a href=\"http:\/\/schuetzenverein-hemsen.de\/?page_id=613\">Weiterlesen <span class=\"meta-nav\">&rarr;<\/span><\/a><\/p>\n","protected":false},"author":1,"featured_media":0,"parent":80,"menu_order":0,"comment_status":"closed","ping_status":"closed","template":"","meta":{"footnotes":""},"class_list":["post-613","page","type-page","status-publish","hentry"],"_links":{"self":[{"href":"http:\/\/schuetzenverein-hemsen.de\/index.php?rest_route=\/wp\/v2\/pages\/613","targetHints":{"allow":["GET"]}}],"collection":[{"href":"http:\/\/schuetzenverein-hemsen.de\/index.php?rest_route=\/wp\/v2\/pages"}],"about":[{"href":"http:\/\/schuetzenverein-hemsen.de\/index.php?rest_route=\/wp\/v2\/types\/page"}],"author":[{"embeddable":true,"href":"http:\/\/schuetzenverein-hemsen.de\/index.php?rest_route=\/wp\/v2\/users\/1"}],"replies":[{"embeddable":true,"href":"http:\/\/schuetzenverein-hemsen.de\/index.php?rest_route=%2Fwp%2Fv2%2Fcomments&post=613"}],"version-history":[{"count":5,"href":"http:\/\/schuetzenverein-hemsen.de\/index.php?rest_route=\/wp\/v2\/pages\/613\/revisions"}],"predecessor-version":[{"id":668,"href":"http:\/\/schuetzenverein-hemsen.de\/index.php?rest_route=\/wp\/v2\/pages\/613\/revisions\/668"}],"up":[{"embeddable":true,"href":"http:\/\/schuetzenverein-hemsen.de\/index.php?rest_route=\/wp\/v2\/pages\/80"}],"wp:attachment":[{"href":"http:\/\/schuetzenverein-hemsen.de\/index.php?rest_route=%2Fwp%2Fv2%2Fmedia&parent=613"}],"curies":[{"name":"wp","href":"https:\/\/api.w.org\/{rel}","templated":true}]}}