{"id":65,"date":"2013-10-10T08:22:16","date_gmt":"2013-10-10T08:22:16","guid":{"rendered":"http:\/\/schuetzenverein-hemsen.de\/wordpress\/?page_id=65"},"modified":"2017-10-05T14:22:03","modified_gmt":"2017-10-05T12:22:03","slug":"stadtmeisterschaftsteilnahmen","status":"publish","type":"page","link":"http:\/\/schuetzenverein-hemsen.de\/?page_id=65","title":{"rendered":"Stadtmeisterschaftsteilnahmen"},"content":{"rendered":"<p>Der Sch\u00fctzenverein Hemsen e. V. nimmt seit 2009 regelm\u00e4\u00dfig an den Meppener Stadtmeisterschaften f\u00fcr Luftgewehr (LG) und Kleinkaliber (KK) teil. Der Sch\u00fctzenverein Hemsen hat allerdings keine feste Schie\u00dfgruppe f\u00fcr die Stadtmeisterschaften. Mitmachen kann jeder aktive Sch\u00fctze. Die Schie\u00dfwarte bem\u00fchen sich im Vorfeld, die besten Sch\u00fctzen zu aktivieren, so dass ein gutes Ergebnis zu erreichen ist. Die Hauptsache ist aber, als Vereinsmannschaft \u00fcberhaupt dabei zu sein und so auch den guten Kontakt zu den anderen Meppener Vereinen zu pflegen.<\/p>\n<p><strong>Die Hemsener Ergebnisse bei den Stadtmeisterschaften Luftgewehr (LG):<\/strong><\/p>\n<ul>\n<li style=\"padding-left: 30px;\"><strong>2013:<\/strong> 12. Platz Mannschaft: 232 Ringe<br \/>\n<strong>2012:<\/strong> 10. Platz Mannschaft: 238 Ringe<br \/>\n<strong>2011:<\/strong> 6. Platz Mannschaft: 237 Ringe<br \/>\nEinschie\u00dfpokal f\u00fcr Bernd Fischer (4. Platz)<br \/>\n<strong>2010:<\/strong> 3. Platz Mannschaft: 245 Ringe<br \/>\nEinschie\u00dfpokale f\u00fcr Bernd Fischer (1. Platz), Hermann Hermes (2. Platz) und Henning Fischer (3. Platz)<br \/>\n<strong>2009:<\/strong> 12. Platz Mannschaft: 235 Ringe<br \/>\nEinschie\u00dfpokal f\u00fcr Henning Fischer (4. Platz)<\/li>\n<\/ul>\n<p><strong>Die Hemsener Ergebnisse bei den Stadtmeisterschaften Kleinkaliber (KK):<\/strong><\/p>\n<ul>\n<li style=\"padding-left: 30px;\"><strong>2017:<\/strong> 6. Platz Mannschaft: 237 Ringe<\/li>\n<li style=\"padding-left: 30px;\">Einschie\u00dfpokal f\u00fcr Henning Fischer (1. Platz)<\/li>\n<li style=\"padding-left: 30px;\"><strong>2013:<\/strong> 10. Platz Mannschaft: 237 Ringe<br \/>\n<strong>2012:<\/strong> 9. Platz Mannschaft: 239 Ringe<br \/>\nEinschie\u00dfpokal f\u00fcr Martin Leffers (1. Platz)<br \/>\n<strong>2011:<\/strong> 14. Platz Mannschaft: 229 Ringe<br \/>\nEinschie\u00dfpokale f\u00fcr Udo Hollederer (2. Platz) und Martin Leffers (4. Platz)<br \/>\n<strong>2010:<\/strong> 12. Platz Mannschaft: 231 Ringe<br \/>\n<strong>2009:<\/strong> 3. Platz Mannschaft: 240 Ringe<br \/>\nEinzelstadtmeisterschaft: Martin Leffers (5. Platz, 49 Ringe)<\/li>\n<\/ul>\n","protected":false},"excerpt":{"rendered":"<p>Der Sch\u00fctzenverein Hemsen e. V. nimmt seit 2009 regelm\u00e4\u00dfig an den Meppener Stadtmeisterschaften f\u00fcr Luftgewehr (LG) und Kleinkaliber (KK) teil. Der Sch\u00fctzenverein Hemsen hat allerdings keine feste Schie\u00dfgruppe f\u00fcr die Stadtmeisterschaften. Mitmachen kann jeder aktive Sch\u00fctze. Die Schie\u00dfwarte bem\u00fchen sich &hellip; <a href=\"http:\/\/schuetzenverein-hemsen.de\/?page_id=65\">Weiterlesen <span class=\"meta-nav\">&rarr;<\/span><\/a><\/p>\n","protected":false},"author":1,"featured_media":0,"parent":10,"menu_order":6,"comment_status":"closed","ping_status":"closed","template":"","meta":{"footnotes":""},"class_list":["post-65","page","type-page","status-publish","hentry"],"_links":{"self":[{"href":"http:\/\/schuetzenverein-hemsen.de\/index.php?rest_route=\/wp\/v2\/pages\/65","targetHints":{"allow":["GET"]}}],"collection":[{"href":"http:\/\/schuetzenverein-hemsen.de\/index.php?rest_route=\/wp\/v2\/pages"}],"about":[{"href":"http:\/\/schuetzenverein-hemsen.de\/index.php?rest_route=\/wp\/v2\/types\/page"}],"author":[{"embeddable":true,"href":"http:\/\/schuetzenverein-hemsen.de\/index.php?rest_route=\/wp\/v2\/users\/1"}],"replies":[{"embeddable":true,"href":"http:\/\/schuetzenverein-hemsen.de\/index.php?rest_route=%2Fwp%2Fv2%2Fcomments&post=65"}],"version-history":[{"count":25,"href":"http:\/\/schuetzenverein-hemsen.de\/index.php?rest_route=\/wp\/v2\/pages\/65\/revisions"}],"predecessor-version":[{"id":1482,"href":"http:\/\/schuetzenverein-hemsen.de\/index.php?rest_route=\/wp\/v2\/pages\/65\/revisions\/1482"}],"up":[{"embeddable":true,"href":"http:\/\/schuetzenverein-hemsen.de\/index.php?rest_route=\/wp\/v2\/pages\/10"}],"wp:attachment":[{"href":"http:\/\/schuetzenverein-hemsen.de\/index.php?rest_route=%2Fwp%2Fv2%2Fmedia&parent=65"}],"curies":[{"name":"wp","href":"https:\/\/api.w.org\/{rel}","templated":true}]}}