{"id":80,"date":"2013-10-10T08:28:44","date_gmt":"2013-10-10T08:28:44","guid":{"rendered":"http:\/\/schuetzenverein-hemsen.de\/wordpress\/?page_id=80"},"modified":"2025-10-07T15:42:57","modified_gmt":"2025-10-07T13:42:57","slug":"konigspaare-und-throne","status":"publish","type":"page","link":"http:\/\/schuetzenverein-hemsen.de\/?page_id=80","title":{"rendered":"K\u00f6nigspaare und Throne"},"content":{"rendered":"<p>Seit dem Jahr 1948 gibt es in Hemsen in jedem Jahr einen Sch\u00fctzenk\u00f6nig. Ab 1949 wurde die K\u00f6nigsw\u00fcrde unter den Anw\u00e4rtern ausgeschossen. Zun\u00e4chst tats\u00e4chlich mit Pfeil und Bogen bzw. Armbrust, da Feuerwaffen nach dem Zweiten Weltkrieg vorerst nicht zugelassen waren. Sp\u00e4ter wurde der K\u00f6nig dann aber auf dem Hemsener Scheibenstand ermittelt, durch Schie\u00dfen mit dem Kleinkaliber-Gewehr auf Zw\u00f6lfer-Ringscheiben. Das \u00e4nderte sich erst 1994 mit der Anschaffung eines eigenen Adlerstandes. Der Hemsener Adlerstand befindet sich heute am zentralen Dorfplatz hinter der Kirche, angrenzend an die Sportanlagen des SV Hemsen. In jedem Jahr am Sch\u00fctzenfestmontag f\u00e4llt hier in einem spannenden Wettbewerb die Entscheidung um die K\u00f6nigsw\u00fcrde f\u00fcr das anstehende Regentschaftsjahr. Auf den folgenden Seiten k\u00f6nnen Sie sich Bilder aller Hemsener K\u00f6nige und deren Throngefolge ansehen. Klicken Sie dazu einfach auf die Links.<\/p>\n<ul>\n<li><strong>2025\/2026<\/strong> &#8211; <a href=\"https:\/\/schuetzenverein-hemsen.de\/?page_id=1836\">Ingo Wiggelinghoff und Kerstin Wiggelinghoff<\/a><\/li>\n<li><strong>2024\/2025 &#8211; <\/strong><a href=\"https:\/\/schuetzenverein-hemsen.de\/?page_id=1744\">Hartmut Heeren und Romi Heeren<\/a><\/li>\n<li><strong>2023\/2024 &#8211; <\/strong><a href=\"https:\/\/schuetzenverein-hemsen.de\/?page_id=1733\">Lucas Berling und Wiebke Klaas<\/a><\/li>\n<li><strong>2022\/2023 <\/strong>&#8211;<a href=\"http:\/\/schuetzenverein-hemsen.de\/?page_id=1660\"> Carsten Kr\u00fc\u00dfel und Melanie Kr\u00fc\u00dfel<\/a><\/li>\n<li><strong>2019\/2021<\/strong> &#8211; <a href=\"http:\/\/schuetzenverein-hemsen.de\/?page_id=1610\">Bernhard Leffers und Beate Leffers<\/a><\/li>\n<li><strong>2018\/2019<\/strong> &#8211; <a href=\"http:\/\/schuetzenverein-hemsen.de\/?page_id=1572\">Hermann Vieler und Kathrin Vieler<\/a><\/li>\n<li style=\"text-align: left;\"><strong>2017\/2018<\/strong> &#8211; <a href=\"http:\/\/schuetzenverein-hemsen.de\/?page_id=1429\">Heiner Foppen und Petra Foppen<\/a><\/li>\n<li style=\"text-align: left;\"><strong>2016\/2017 <\/strong>&#8211; <a href=\"http:\/\/schuetzenverein-hemsen.de\/?page_id=1310\">Michael Vo\u00df und Wiebke Hermes<\/a><\/li>\n<li style=\"text-align: left;\"><strong>2015\/2016<\/strong> &#8211; <a title=\"Thron 2015\/2016\" href=\"http:\/\/schuetzenverein-hemsen.de\/?page_id=1193\">Werner M\u00fcller und Heike M\u00fcller<\/a><\/li>\n<li style=\"text-align: left;\"><span style=\"color: #000000;\"><strong>2014\/2015<\/strong><\/span><span style=\"font-size: 16px;\"> &#8211;\u00a0<span style=\"color: #3366ff; text-decoration: underline;\"><a title=\"Thron 2014\/2015: K\u00f6nig Alexander I.\" href=\"http:\/\/schuetzenverein-hemsen.de\/?page_id=1072\">Alexander Vo\u00df und Jennifer Vo\u00df<\/a><\/span><\/span><\/li>\n<li style=\"text-align: left;\"><strong>2013\/2014<\/strong> &#8211; <a title=\"Thron 2013\/2014: K\u00f6nig Gerhard IV.\" href=\"http:\/\/schuetzenverein-hemsen.de\/wordpress\/?page_id=623\">Gerhard Jaspers und Marianne Jaspers<\/a><\/li>\n<li style=\"text-align: left;\"><strong>2012\/2013<\/strong> &#8211; <a title=\"Thron 2012\/2013: K\u00f6nig Hubert IV.\" href=\"http:\/\/schuetzenverein-hemsen.de\/wordpress\/?page_id=620\">Hubert Ewers und Doris Ewers<\/a><\/li>\n<li style=\"text-align: left;\"><strong>2011\/2012<\/strong> &#8211; <a title=\"Thron 2011\/2012: K\u00f6nig Hermann VIII.\" href=\"http:\/\/schuetzenverein-hemsen.de\/wordpress\/?page_id=617\">Hermann Gerdken und Maria Gerdken<\/a><\/li>\n<li style=\"text-align: left;\"><strong>2010\/2011<\/strong> &#8211; <a title=\"Thron 2010\/2011: K\u00f6nig Ansgar I.\" href=\"http:\/\/schuetzenverein-hemsen.de\/wordpress\/?page_id=615\">Ansgar Stahl und Claudia Stahl<\/a><\/li>\n<li style=\"text-align: left;\"><strong>2009\/2010<\/strong> &#8211; <a title=\"Thron 2009\/2010: K\u00f6nig Matthias I.\" href=\"http:\/\/schuetzenverein-hemsen.de\/wordpress\/?page_id=613\">Matthias B\u00fcscher und Simone B\u00fcscher<\/a><\/li>\n<li style=\"text-align: left;\"><strong>2008\/2009<\/strong> &#8211; <a title=\"Thron 2008\/2009: K\u00f6nig Andreas I.\" href=\"http:\/\/schuetzenverein-hemsen.de\/wordpress\/?page_id=611\">Andreas Cremering und Manuela Cremering<\/a><\/li>\n<li style=\"text-align: left;\"><strong>2007\/2008<\/strong> &#8211; <a title=\"Thron 2007\/2008: K\u00f6nig Hans III.\" href=\"http:\/\/schuetzenverein-hemsen.de\/wordpress\/?page_id=609\">Hans Wessels und Maria Wessels<\/a><\/li>\n<li style=\"text-align: left;\"><strong>2006\/2007<\/strong> &#8211; <a title=\"Thron 2006\/2007: K\u00f6nig Gerd I.\" href=\"http:\/\/schuetzenverein-hemsen.de\/wordpress\/?page_id=607\">Gerd Vos und Rita Vos<\/a><\/li>\n<li style=\"text-align: left;\"><strong>2005\/2006<\/strong> &#8211; <a title=\"Thron 2005\/2006: K\u00f6nig Dieter I.\" href=\"http:\/\/schuetzenverein-hemsen.de\/wordpress\/?page_id=605\">Dieter Leffers und Esther Leffers<\/a><\/li>\n<li style=\"text-align: left;\"><strong>2004\/2005<\/strong> &#8211; <a title=\"Thron 2004\/2005: K\u00f6nig Michael I.\" href=\"http:\/\/schuetzenverein-hemsen.de\/wordpress\/?page_id=603\">Michael Kuper und Melanie Kuper<\/a><\/li>\n<li style=\"text-align: left;\"><strong>2003\/2004<\/strong> &#8211; <a title=\"Thron 2003\/2004: K\u00f6nig Norbert I.\" href=\"http:\/\/schuetzenverein-hemsen.de\/wordpress\/?page_id=601\">Norbert Conen und Barbara Conen<\/a><\/li>\n<li style=\"text-align: left;\">\u00a0<strong>2002\/2003<\/strong> &#8211; <a title=\"Thron 2002\/2003: K\u00f6nig Hubert III.\" href=\"http:\/\/schuetzenverein-hemsen.de\/wordpress\/?page_id=599\">Hubert Leigers und Martina Leigers<\/a><\/li>\n<li style=\"text-align: left;\"><strong>2001\/2002<\/strong> &#8211; <a title=\"Thron 2001\/2002: K\u00f6nig Hubert II.\" href=\"http:\/\/schuetzenverein-hemsen.de\/wordpress\/?page_id=597\">Hubert Neesen und Marianne Neesen<\/a><\/li>\n<li style=\"text-align: left;\"><strong>2000\/2001<\/strong> &#8211; <a title=\"Thron 2000\/2001: K\u00f6nig Ulrich I.\" href=\"http:\/\/schuetzenverein-hemsen.de\/wordpress\/?page_id=595\">Ulrich Munsch und Hildegard Munsch<\/a><\/li>\n<li style=\"text-align: left;\"><strong>1999\/2000<\/strong> &#8211; <a title=\"Thron 1999\/2000: K\u00f6nig Heinz IV.\" href=\"http:\/\/schuetzenverein-hemsen.de\/wordpress\/?page_id=593\">Heinz Schniers und Marianne Schniers<\/a><\/li>\n<li style=\"text-align: left;\"><strong>1998\/1999<\/strong> &#8211; <a title=\"Thron 1998\/1999: K\u00f6nig Heinrich IX.\" href=\"http:\/\/schuetzenverein-hemsen.de\/wordpress\/?page_id=591\">Heinrich Ewers und Angelika Ewers<\/a><\/li>\n<li style=\"text-align: left;\"><strong>1997\/1998<\/strong> &#8211; <a title=\"Thron 1997\/1998: K\u00f6nig Aloys II.\" href=\"http:\/\/schuetzenverein-hemsen.de\/wordpress\/?page_id=589\">Aloys S\u00fcrken und Adele S\u00fcrke<\/a><\/li>\n<li style=\"text-align: left;\"><strong>1996\/1997<\/strong> &#8211; <a title=\"Thron 1996\/1997: K\u00f6nig Leo I.\" href=\"http:\/\/schuetzenverein-hemsen.de\/wordpress\/?page_id=587\">Leo Meiners und Wilma Meiners<\/a><\/li>\n<li style=\"text-align: left;\"><strong>1995\/1996<\/strong> &#8211; <a title=\"Thron 1995\/1996: K\u00f6nig Wolfgang I.\" href=\"http:\/\/schuetzenverein-hemsen.de\/wordpress\/?page_id=585\">Wolfgang Schl\u00f6mer und Anita Schl\u00f6mer<\/a><\/li>\n<li style=\"text-align: left;\"><strong>1994\/1995<\/strong> &#8211; <a title=\"Thron 1994\/1995: K\u00f6nig Hubert I.\" href=\"http:\/\/schuetzenverein-hemsen.de\/wordpress\/?page_id=583\">Hubert Anneken und Grete Anneken<\/a><\/li>\n<li style=\"text-align: left;\"><strong>1993\/1994<\/strong> &#8211; <a title=\"Thron 1993\/1994: K\u00f6nig Bernhard VI.\" href=\"http:\/\/schuetzenverein-hemsen.de\/wordpress\/?page_id=581\">Bernhard Wessels und Irmgard Klaas<\/a><\/li>\n<li style=\"text-align: left;\"><strong>1992\/1993<\/strong> &#8211; <a title=\"Thron 1992\/1993: K\u00f6nig Clemens I.\" href=\"http:\/\/schuetzenverein-hemsen.de\/wordpress\/?page_id=579\">Clemens Leffers und Maria Leffers<\/a><\/li>\n<li style=\"text-align: left;\"><strong>1991\/1992<\/strong> &#8211; <a title=\"Thron 1991\/1992: K\u00f6nig Bernhard V.\" href=\"http:\/\/schuetzenverein-hemsen.de\/wordpress\/?page_id=577\">Bernhard Eilers und Gertrud Wilken<\/a><\/li>\n<li style=\"text-align: left;\"><strong>1990\/1991<\/strong> &#8211; <a title=\"Thron 1990\/1991: K\u00f6nig Aloys I.\" href=\"http:\/\/schuetzenverein-hemsen.de\/wordpress\/?page_id=575\">Aloys Ewers und Annelene Ewers<\/a><\/li>\n<li style=\"text-align: left;\"><strong>1989\/1990<\/strong> &#8211; <a title=\"Thron 1989\/1990: K\u00f6nig Heinrich VIII.\" href=\"http:\/\/schuetzenverein-hemsen.de\/wordpress\/?page_id=573\">Heinrich Knue und Helene Vo\u00df<\/a><\/li>\n<li style=\"text-align: left;\"><strong>1988\/1989<\/strong> &#8211; <a title=\"Thron 1988\/1989: K\u00f6nig Hermann VII.\" href=\"http:\/\/schuetzenverein-hemsen.de\/wordpress\/?page_id=571\">Hermann Vieler und Christa B\u00f6lscher<\/a><\/li>\n<li style=\"text-align: left;\"><strong>1987\/1988<\/strong> &#8211; <a title=\"Thron 1987\/1988: K\u00f6nig Antonius I.\" href=\"http:\/\/schuetzenverein-hemsen.de\/wordpress\/?page_id=519\">Antonius Herbers und Karin Koop (Herbers)<\/a><\/li>\n<li style=\"text-align: left;\"><strong>1986\/1987<\/strong> &#8211; <a title=\"Thron 1986\/1987: K\u00f6nig Josef III.\" href=\"http:\/\/schuetzenverein-hemsen.de\/wordpress\/?page_id=517\">Josef Ewers und Maria Conen<\/a><\/li>\n<li style=\"text-align: left;\"><strong>1985\/1986<\/strong> &#8211; <a title=\"Thron 1985\/1986: K\u00f6nig Werner I.\" href=\"http:\/\/schuetzenverein-hemsen.de\/wordpress\/?page_id=515\">Werner Wiggelinghoff und Agnes Pranger<\/a><\/li>\n<li style=\"text-align: left;\"><strong>1984\/1985<\/strong> &#8211; <a title=\"Thron 1984\/1985: K\u00f6nig Heinrich VII.\" href=\"http:\/\/schuetzenverein-hemsen.de\/wordpress\/?page_id=513\">Heinrich Horstmann und Marie-Theres Hagen<\/a><\/li>\n<li style=\"text-align: left;\"><strong>1983\/1984<\/strong> &#8211; <a title=\"Thron 1983\/1984: K\u00f6nig Heinrich VI.\" href=\"http:\/\/schuetzenverein-hemsen.de\/wordpress\/?page_id=511\">Heinrich Wilken (Holthausen) und Katharina Eilers<\/a><\/li>\n<li style=\"text-align: left;\"><strong>1982\/1983<\/strong> &#8211; <a title=\"Thron 1982\/1983: K\u00f6nig Hans-Hermann I.\" href=\"http:\/\/schuetzenverein-hemsen.de\/wordpress\/?page_id=509\">Hans-Hermann Klaas und Anne Wessels<\/a><\/li>\n<li style=\"text-align: left;\"><strong>1981\/1982<\/strong> &#8211; <a title=\"Thron 1981\/1982: K\u00f6nig Bernhard IV.\" href=\"http:\/\/schuetzenverein-hemsen.de\/wordpress\/?page_id=507\">Bernhard Stegemann und Anne Herbers<\/a><\/li>\n<li style=\"text-align: left;\"><strong>1980\/1981<\/strong> &#8211; <a title=\"Thron 1980\/1981: K\u00f6nig Berthold I.\" href=\"http:\/\/schuetzenverein-hemsen.de\/wordpress\/?page_id=505\">Berthold Kr\u00fc\u00dfel und Gunda Thiering<\/a><\/li>\n<li style=\"text-align: left;\"><strong>1979\/1980<\/strong> &#8211; <a title=\"Thron 1979\/1980: K\u00f6nig Heinz III.\" href=\"http:\/\/schuetzenverein-hemsen.de\/wordpress\/?page_id=503\">Heinz Wilken (Hemsen) und Franziska Klaas<\/a><\/li>\n<li style=\"text-align: left;\"><strong>1978\/1979<\/strong> &#8211; <a title=\"Thron 1978\/1979: K\u00f6nig Paul II.\" href=\"http:\/\/schuetzenverein-hemsen.de\/wordpress\/?page_id=501\">Paul Leffers und Maria Klink<\/a><\/li>\n<li style=\"text-align: left;\"><strong>1977\/1978<\/strong> &#8211; <a title=\"Thron 1977\/1978: K\u00f6nig Wilhelm II.\" href=\"http:\/\/schuetzenverein-hemsen.de\/wordpress\/?page_id=499\">Willi Bohlen und Monika Hagen<\/a><\/li>\n<li style=\"text-align: left;\"><strong>1976\/1977<\/strong> &#8211; <a title=\"Thron 1976\/1977: K\u00f6nig Josef II.\" href=\"http:\/\/schuetzenverein-hemsen.de\/wordpress\/?page_id=497\">Josef Klaas und Ursula Wilken<\/a><\/li>\n<li style=\"text-align: left;\"><strong>1975\/1976<\/strong> &#8211; <a title=\"Thron 1975\/1976: K\u00f6nig Heinz II.\" href=\"http:\/\/schuetzenverein-hemsen.de\/wordpress\/?page_id=495\">Heinz Dreyer und Maria-Elisabeth Brink<\/a><\/li>\n<li style=\"text-align: left;\"><strong>1974\/1975<\/strong> &#8211; <a title=\"Thron 1974\/1975: K\u00f6nig Karl I.\" href=\"http:\/\/schuetzenverein-hemsen.de\/wordpress\/?page_id=493\">Karl Mersch und Maria Vo\u00df<\/a><\/li>\n<li style=\"text-align: left;\"><strong>1973\/1974<\/strong> &#8211; <a title=\"Thron 1973\/1974: K\u00f6nig Willibald I.\" href=\"http:\/\/schuetzenverein-hemsen.de\/wordpress\/?page_id=491\">Willibald Kurze und Marianne Klaas<\/a><\/li>\n<li style=\"text-align: left;\"><strong>1972\/1973<\/strong> &#8211; <a title=\"Thron 1972\/1973: K\u00f6nig Heinrich V.\" href=\"http:\/\/schuetzenverein-hemsen.de\/wordpress\/?page_id=489\">Heinrich Wessels und Katharina P\u00f6ker<\/a><\/li>\n<li style=\"text-align: left;\"><strong>1971\/1972<\/strong> &#8211; <a title=\"Thron 1971\/1972: K\u00f6nig Wilhelm I.\" href=\"http:\/\/schuetzenverein-hemsen.de\/wordpress\/?page_id=487\">Wilhelm M\u00fcller und Anni Cremering<\/a><\/li>\n<li style=\"text-align: left;\"><strong>1970\/1971<\/strong> &#8211; <a title=\"Thron 1970\/1971: K\u00f6nig Eduard I.\" href=\"http:\/\/schuetzenverein-hemsen.de\/wordpress\/?page_id=485\">Eduard Beckmann und Franziska Vo\u00df<\/a><\/li>\n<li style=\"text-align: left;\"><strong>1969\/1970<\/strong> &#8211; <a title=\"Thron 1969\/1970: K\u00f6nig Hermann VI.\" href=\"http:\/\/schuetzenverein-hemsen.de\/wordpress\/?page_id=483\">Hermann van der P\u00fctten und Anneliese Stahl<\/a><\/li>\n<li style=\"text-align: left;\"><strong>1968\/1969<\/strong> &#8211; <a title=\"Thron 1968\/1969: K\u00f6nig Paul I.\" href=\"http:\/\/schuetzenverein-hemsen.de\/wordpress\/?page_id=481\">Paul Vo\u00df (Holthausen) und Agnes Ginten<\/a><\/li>\n<li style=\"text-align: left;\"><strong>1967\/1968<\/strong> &#8211; <a title=\"Thron 1967\/1968: K\u00f6nig Bernhard III.\" href=\"http:\/\/schuetzenverein-hemsen.de\/wordpress\/?page_id=479\">Bernhard Santel und Josefine Anneken<\/a><\/li>\n<li style=\"text-align: left;\"><strong>1966\/1967<\/strong> &#8211; <a title=\"Thron 1966\/1967: K\u00f6nig Hans II.\" href=\"http:\/\/schuetzenverein-hemsen.de\/wordpress\/?page_id=477\">Johannes Wiggelinghoff und Agnes Stegemann<\/a><\/li>\n<li style=\"text-align: left;\"><strong>1965\/1966<\/strong> &#8211; <a title=\"Thron 1965\/1966: K\u00f6nig Hermann V.\" href=\"http:\/\/schuetzenverein-hemsen.de\/wordpress\/?page_id=475\">Hermann Schl\u00f6mer und Maria Klink<\/a><\/li>\n<li style=\"text-align: left;\"><strong>1964\/1965<\/strong> &#8211; <a title=\"Thron 1964\/1965: K\u00f6nig Hermann IV.\" href=\"http:\/\/schuetzenverein-hemsen.de\/wordpress\/?page_id=473\">Hermann Vo\u00df und Rosa Knue<\/a><\/li>\n<li style=\"text-align: left;\"><strong>1963\/1964<\/strong> &#8211; <a title=\"Thron 1963\/1964: K\u00f6nig Hermann III.\" href=\"http:\/\/schuetzenverein-hemsen.de\/wordpress\/?page_id=471\">Hermann Wolters und Christine Wolters<\/a><\/li>\n<li style=\"text-align: left;\"><strong>1962\/1963<\/strong> &#8211; <a title=\"Thron 1962\/1963: K\u00f6nig Heinz I.\" href=\"http:\/\/schuetzenverein-hemsen.de\/wordpress\/?page_id=438\">Heinz Rolfes und Maria M\u00fcller (Franziska Klaas)<\/a><\/li>\n<li style=\"text-align: left;\"><strong>1961\/1962<\/strong> &#8211; <a title=\"Thron 1961\/1962: K\u00f6nig Anton I.\" href=\"http:\/\/schuetzenverein-hemsen.de\/wordpress\/?page_id=436\">Anton Vieler und Anni Koopmann<\/a><\/li>\n<li style=\"text-align: left;\"><strong>1960\/1961<\/strong> &#8211; <a title=\"Thron 1960\/1961: K\u00f6nig Josef I.\" href=\"http:\/\/schuetzenverein-hemsen.de\/wordpress\/?page_id=434\">Josef P\u00f6ker und Maria Anneken (P\u00f6ker)<\/a><\/li>\n<li style=\"text-align: left;\"><strong>1959\/1960<\/strong> &#8211; <a title=\"Thron 1959\/1960: K\u00f6nig Gerhard III.\" href=\"http:\/\/schuetzenverein-hemsen.de\/wordpress\/?page_id=432\">Gerhard Klaas und Helene Vieler<\/a><\/li>\n<li style=\"text-align: left;\"><strong>1958\/1959<\/strong> &#8211; <a title=\"Thron 1958\/1959: K\u00f6nig Hermann II.\" href=\"http:\/\/schuetzenverein-hemsen.de\/wordpress\/?page_id=430\">Hermann Anneken und Annemarie M\u00fcller (Anneken)<\/a><\/li>\n<li style=\"text-align: left;\"><strong>1957\/1958<\/strong> &#8211; <a title=\"Thron 1957\/1958: K\u00f6nig Hermann I.\" href=\"http:\/\/schuetzenverein-hemsen.de\/wordpress\/?page_id=428\">Hermann Gerdzen und Helene van Zoest<\/a><\/li>\n<li style=\"text-align: left;\"><strong>1956\/1957<\/strong> &#8211; <a title=\"Thron 1956\/1957: K\u00f6nig Heinrich IV.\" href=\"http:\/\/schuetzenverein-hemsen.de\/wordpress\/?page_id=426\">Heinrich M\u00fcller und Katharina Leffers<\/a><\/li>\n<li style=\"text-align: left;\"><strong>1955\/1956<\/strong> &#8211; <a title=\"Thron 1955\/1956: K\u00f6nig Gerhard II.\" href=\"http:\/\/schuetzenverein-hemsen.de\/wordpress\/?page_id=424\">Gerhard M\u00fcter und Anni Stahljans<\/a><\/li>\n<li style=\"text-align: left;\"><strong>1954\/1955<\/strong> &#8211; <a title=\"Thron 1954\/1955: K\u00f6nig Bernhard II.\" href=\"http:\/\/schuetzenverein-hemsen.de\/wordpress\/?page_id=422\">Bernhard Stegemann und Grete Vieler<\/a><\/li>\n<li style=\"text-align: left;\"><strong>1953\/1954<\/strong> &#8211; <a title=\"Thron 1953\/1954: K\u00f6nig Hans I.\" href=\"http:\/\/schuetzenverein-hemsen.de\/wordpress\/?page_id=420\">Johann M\u00fcller und \u00c4nne van Zoest<\/a><\/li>\n<li style=\"text-align: left;\"><strong>1952\/1953<\/strong> &#8211; <a title=\"Thron 1952\/1953: K\u00f6nig Heinrich III.\" href=\"http:\/\/schuetzenverein-hemsen.de\/wordpress\/?page_id=418\">Heinrich Conen und Antonia Ewers<\/a><\/li>\n<li style=\"text-align: left;\"><strong>1951\/1952<\/strong> &#8211; <a title=\"Thron 1951\/1952: K\u00f6nig Gerhard I.\" href=\"http:\/\/schuetzenverein-hemsen.de\/wordpress\/?page_id=446\">Gerhard Jansen und Anna Anneken<\/a><\/li>\n<li style=\"text-align: left;\"><strong>1950\/1951<\/strong> &#8211; <a title=\"Thron 1950\/1951: K\u00f6nig Bernhard I.\" href=\"http:\/\/schuetzenverein-hemsen.de\/wordpress\/?page_id=261\">Bernhard Tiemann und Christine Klaas<\/a><\/li>\n<li style=\"text-align: left;\"><strong>1949\/1950<\/strong> &#8211; <a title=\"Thron 1949\/1950: K\u00f6nig Heinrich II.\" href=\"http:\/\/schuetzenverein-hemsen.de\/wordpress\/?page_id=415\">Heinrich Koopmann und Elisabeth Thole<\/a><\/li>\n<li style=\"text-align: left;\"><strong style=\"font-size: 16px;\">1948\/1949<\/strong><span style=\"font-size: 16px;\"> &#8211; <\/span><a style=\"font-size: 16px;\" title=\"Thron 1948\/1949: K\u00f6nig Heinrich I.\" href=\"http:\/\/schuetzenverein-hemsen.de\/wordpress\/?page_id=258\">Heinrich Gerdken und Maria Neesen (Gerdken)<\/a><\/li>\n<\/ul>\n","protected":false},"excerpt":{"rendered":"<p>Seit dem Jahr 1948 gibt es in Hemsen in jedem Jahr einen Sch\u00fctzenk\u00f6nig. Ab 1949 wurde die K\u00f6nigsw\u00fcrde unter den Anw\u00e4rtern ausgeschossen. Zun\u00e4chst tats\u00e4chlich mit Pfeil und Bogen bzw. Armbrust, da Feuerwaffen nach dem Zweiten Weltkrieg vorerst nicht zugelassen waren. &hellip; <a href=\"http:\/\/schuetzenverein-hemsen.de\/?page_id=80\">Weiterlesen <span class=\"meta-nav\">&rarr;<\/span><\/a><\/p>\n","protected":false},"author":1,"featured_media":0,"parent":72,"menu_order":0,"comment_status":"closed","ping_status":"closed","template":"","meta":{"footnotes":""},"class_list":["post-80","page","type-page","status-publish","hentry"],"_links":{"self":[{"href":"http:\/\/schuetzenverein-hemsen.de\/index.php?rest_route=\/wp\/v2\/pages\/80","targetHints":{"allow":["GET"]}}],"collection":[{"href":"http:\/\/schuetzenverein-hemsen.de\/index.php?rest_route=\/wp\/v2\/pages"}],"about":[{"href":"http:\/\/schuetzenverein-hemsen.de\/index.php?rest_route=\/wp\/v2\/types\/page"}],"author":[{"embeddable":true,"href":"http:\/\/schuetzenverein-hemsen.de\/index.php?rest_route=\/wp\/v2\/users\/1"}],"replies":[{"embeddable":true,"href":"http:\/\/schuetzenverein-hemsen.de\/index.php?rest_route=%2Fwp%2Fv2%2Fcomments&post=80"}],"version-history":[{"count":65,"href":"http:\/\/schuetzenverein-hemsen.de\/index.php?rest_route=\/wp\/v2\/pages\/80\/revisions"}],"predecessor-version":[{"id":1847,"href":"http:\/\/schuetzenverein-hemsen.de\/index.php?rest_route=\/wp\/v2\/pages\/80\/revisions\/1847"}],"up":[{"embeddable":true,"href":"http:\/\/schuetzenverein-hemsen.de\/index.php?rest_route=\/wp\/v2\/pages\/72"}],"wp:attachment":[{"href":"http:\/\/schuetzenverein-hemsen.de\/index.php?rest_route=%2Fwp%2Fv2%2Fmedia&parent=80"}],"curies":[{"name":"wp","href":"https:\/\/api.w.org\/{rel}","templated":true}]}}