{"id":10,"date":"2013-10-10T09:14:27","date_gmt":"2013-10-10T07:14:27","guid":{"rendered":"http:\/\/schuetzenverein-hemsen.de\/wordpress\/?page_id=10"},"modified":"2024-05-22T07:52:42","modified_gmt":"2024-05-22T05:52:42","slug":"schiessport","status":"publish","type":"page","link":"https:\/\/schuetzenverein-hemsen.de\/?page_id=10","title":{"rendered":"Schie\u00dfsport"},"content":{"rendered":"<p>Das sogenannte Hemsener Plakettenschie\u00dfen geht auf das Jahr 1961 zur\u00fcck. In diesem Jahr wurde am 23. Juli zum ersten Mal um Plaketten geschossen und daraus ist auch der Name hervorgegangen. Jeder Hemsener Sch\u00fctzenbruder sollte sich auf dem Schie\u00dfstand die wichtigsten Plaketten, Medaillen, Orden und Sch\u00fctzenschn\u00fcre f\u00fcr seine Sch\u00fctzenuniform verdienen k\u00f6nnen. Die besonderen Bedingungen zum Erlangen der jeweiligen Plaketten wurden seinerzeit vom damaligen Schriftf\u00fchrer Hermann Schl\u00f6mer akribisch ausgearbeitet und besitzen, bis auf Anpassungen in kleinen Details, auch heute noch G\u00fcltigkeit. Nach diesen Bedingungen ist fast jeder Sch\u00fctze durch ein Umtauschverfahren in der Lage, die wichtigsten Medaillen zu erlangen. Voraussetzung daf\u00fcr ist nat\u00fcrlich die aktive und regelm\u00e4\u00dfige Teilnahme an den Schie\u00dfterminen des Hemsener Sch\u00fctzenvereins.<\/p>\n<p>Die Hemsener Sch\u00fctzen sind in den Schie\u00dfwettbewerben auf zwei Altersklassen aufgeteilt, die jeweils eigene Gesamtwertungen haben. Die sogenannte Sch\u00fctzenklasse schie\u00dft mit Diopter-Zielvorrichtung und umfasst die Sch\u00fctzen von 18 bis 54 Jahren. Ab dem 55. Lebensjahr (es gilt dabei das Jahr, in dem der Sch\u00fctze dieses Alter erreicht) wird in der sogenannten Seniorenklasse geschossen. Die Teilnehmer der Seniorenklasse schie\u00dfen alle mit Zielfernrohr. Die Regeln besagen, dass niemand aus der Sch\u00fctzenklasse mit dem Zielfernrohrgewehr schie\u00dfen darf. Allerdings d\u00fcrfen Sch\u00fctzen der Seniorenklasse, wenn sie m\u00f6chten, ein Diopter-Gewehr mit Ring oder Balkenkorn benutzen.<\/p>\n<p>Neben den bereits genannten Wettbewerben (Pokalsieger und Vereinsmeister) findet in jedem Jahr auch noch ein Schie\u00dfen um den <a title=\"Kompaniepokal\" href=\"http:\/\/schuetzenverein-hemsen.de\/wordpress\/?page_id=49\">Kompaniepokal<\/a> statt, zum Sch\u00fctzenfest wird ein <a title=\"Preisschie\u00dfen Sch\u00fctzenfest\" href=\"http:\/\/schuetzenverein-hemsen.de\/wordpress\/?page_id=51\">Preisschie\u00dfen<\/a> ausgerichtet und der Verein nimmt nat\u00fcrlich auch an den <a title=\"Stadtmeisterschaftsteilnahmen\" href=\"http:\/\/schuetzenverein-hemsen.de\/wordpress\/?page_id=65\">Stadtmeisterschaften<\/a> in Meppen teil. Der Nachwuchs ist in Hemsen in einer eigenen <a title=\"Jungsch\u00fctzen\" href=\"http:\/\/schuetzenverein-hemsen.de\/wordpress\/?page_id=47\">Jungsch\u00fctzen-Abteilung<\/a> organisiert.<\/p>\n<p><strong>Die Hemsener Standaufsichten:<\/strong><\/p>\n<ul>\n<li>Alexander Beelmann, Schie\u00dfoffizier<\/li>\n<li>Andreas Kohnen, Schie\u00dfwart<\/li>\n<li>Robin Kohnen, Schie\u00dfwart<\/li>\n<li>Dennis Hessel, Schie\u00dfwart<\/li>\n<li>Michael Perk, Schie\u00dfwart<\/li>\n<li>Milan Grit, Schie\u00dfwart<\/li>\n<li>Sascha Felker, Schie\u00dfwart<\/li>\n<\/ul>\n","protected":false},"excerpt":{"rendered":"<p>Das sogenannte Hemsener Plakettenschie\u00dfen geht auf das Jahr 1961 zur\u00fcck. In diesem Jahr wurde am 23. Juli zum ersten Mal um Plaketten geschossen und daraus ist auch der Name hervorgegangen. Jeder Hemsener Sch\u00fctzenbruder sollte sich auf dem Schie\u00dfstand die wichtigsten &hellip; <a href=\"https:\/\/schuetzenverein-hemsen.de\/?page_id=10\">Weiterlesen <span class=\"meta-nav\">&rarr;<\/span><\/a><\/p>\n","protected":false},"author":1,"featured_media":0,"parent":0,"menu_order":30,"comment_status":"closed","ping_status":"closed","template":"","meta":{"footnotes":""},"class_list":["post-10","page","type-page","status-publish","hentry"],"_links":{"self":[{"href":"https:\/\/schuetzenverein-hemsen.de\/index.php?rest_route=\/wp\/v2\/pages\/10","targetHints":{"allow":["GET"]}}],"collection":[{"href":"https:\/\/schuetzenverein-hemsen.de\/index.php?rest_route=\/wp\/v2\/pages"}],"about":[{"href":"https:\/\/schuetzenverein-hemsen.de\/index.php?rest_route=\/wp\/v2\/types\/page"}],"author":[{"embeddable":true,"href":"https:\/\/schuetzenverein-hemsen.de\/index.php?rest_route=\/wp\/v2\/users\/1"}],"replies":[{"embeddable":true,"href":"https:\/\/schuetzenverein-hemsen.de\/index.php?rest_route=%2Fwp%2Fv2%2Fcomments&post=10"}],"version-history":[{"count":11,"href":"https:\/\/schuetzenverein-hemsen.de\/index.php?rest_route=\/wp\/v2\/pages\/10\/revisions"}],"predecessor-version":[{"id":1717,"href":"https:\/\/schuetzenverein-hemsen.de\/index.php?rest_route=\/wp\/v2\/pages\/10\/revisions\/1717"}],"wp:attachment":[{"href":"https:\/\/schuetzenverein-hemsen.de\/index.php?rest_route=%2Fwp%2Fv2%2Fmedia&parent=10"}],"curies":[{"name":"wp","href":"https:\/\/api.w.org\/{rel}","templated":true}]}}