{"id":43,"date":"2013-10-10T08:12:32","date_gmt":"2013-10-10T08:12:32","guid":{"rendered":"http:\/\/schuetzenverein-hemsen.de\/wordpress\/?page_id=43"},"modified":"2017-09-19T19:28:43","modified_gmt":"2017-09-19T17:28:43","slug":"zielfernrohrklasse","status":"publish","type":"page","link":"https:\/\/schuetzenverein-hemsen.de\/?page_id=43","title":{"rendered":"Vereinsmeister-Wettbewerb"},"content":{"rendered":"<p>Seit dem Jahr 1993 wird in Hemsen auch um den Titel des Vereinsmeisters geschossen. Den Sch\u00fctzen steht f\u00fcr diesen Wettbewerb bei jedem Schie\u00dfen nur ein einziger Satz zur Verf\u00fcgung, der vorher dem Schie\u00dfoffizier anzusagen ist. Um ein gutes Ergebnis zu erzielen, ist also h\u00f6chste Konzentration erforderlich, da es keine M\u00f6glichkeit gibt, das Ergebnis sp\u00e4ter noch zu &#8222;korrigieren&#8220;. Der Satz wird gewertet, egal wie gut oder schlecht das Ergebnis ist. Dieser Satz ist \u00fcbrigens ein Pflichtsatz, das hei\u00dft er muss bei jedem Plakettenschie\u00dfen geschossen werden.<\/p>\n<p>Unter den Sch\u00fctzen hat sich mittlerweile f\u00fcr diesen &#8222;Sondersatz&#8220; in Anlehnung an den Fu\u00dfballsport die scherzhafte Bezeichnung &#8222;UEFA-Pokal&#8220; eingeb\u00fcrgert. Es liegt wahrscheinlich an dieser Bezeichnung, dass der Vereinsmeisterwettbewerb von jungen Sch\u00fctzen h\u00e4ufig mit dem Pokalsiegerwettbewerb verwechselt wird.<\/p>\n<p>Der Vereinsmeistertitel wird, wie auch beim Pokalsiegerwettbewerb, in den beiden Altersgruppen Sch\u00fctzenklasse und Seniorenklasse separat vergeben. Als besondere Anerkennung winkt dem Sieger des Vereinsmeisterwettbewerbs beim Winterfest ein \u00fcppiger Pr\u00e4sentkorb sowie seit 2004 eine Sondermedaille f\u00fcr den rechten Uniformkragen, die ansonsten zu tragen ist wie der Orden f\u00fcr die Pokalsieger. Die drei Erstplatzierten jeder Altersklasse werden au\u00dferdem auf einer Ehrentafel im Saal des Vereinswirts Albers namentlich verewigt.<\/p>\n<p>Um die Spannung zu erh\u00f6hen werden w\u00e4hrend der laufenden Schie\u00dfsaison keine Zwischenst\u00e4nde der Vereinsmeisterschaft ver\u00f6ffentlicht. Die Sch\u00fctzenbr\u00fcder sollen so noch mehr motiviert werden bei jedem Vereinsmeistersatz ihr Bestes zu geben.<\/p>\n<p style=\"text-align: center;\">***<\/p>\n<p style=\"text-align: left;\"><strong>Die bisherigen Vereinsmeister des Sch\u00fctzenvereins Hemsen ab 1993<\/strong><br \/>\n<strong> (Jahr | Sieger Sch\u00fctzenklasse + Ringzahl | Sieger Seniorenklasse + Ringzahl)<\/strong><\/p>\n<ul>\n<li style=\"text-align: left; padding-left: 60px;\"><strong>2017 <\/strong>| Bernd Fischer (298) | Gerd Baalmann (298)<\/li>\n<li style=\"text-align: left; padding-left: 60px;\"><strong>2016| <\/strong>Henning Fischer (296) | Gerd Baalmann (299)<\/li>\n<li style=\"text-align: left; padding-left: 60px;\"><strong>2015<\/strong> | Karsten Horstmann (295) | Gerd Baalmann (300)<\/li>\n<li style=\"text-align: left; padding-left: 60px;\"><strong>2014 |<\/strong> Martin Leffers (295) | Gerd Baalmann (300)<\/li>\n<li style=\"text-align: left; padding-left: 60px;\"><strong>2013<\/strong> | Henning Fischer (294) | Gerd Baalmann (300)<br \/>\n<strong>2012<\/strong> | Henning Fischer (295) | Heinz Horstmann (296)<br \/>\n<strong>2011<\/strong> | Bernd Fischer (295) | Josef Klaas (295)<br \/>\n<strong>2010<\/strong> | Henning Fischer (296) | Meint Hinrichs (296)<br \/>\n<strong>2009<\/strong> | Bernd Fischer (292) | Heinz Wilken (293)<br \/>\n<strong>2008<\/strong> | Bernd Fischer (293) | Rolf Schnieders (295)<br \/>\n<strong>2007<\/strong> | Henning Fischer (291) | Rolf Schnieders (298)<br \/>\n<strong>2006<\/strong> | Henning Fischer (293) | Josef Klaas (296)<br \/>\n<strong>2005<\/strong> | Henning Fischer (291) | Josef Klaas (299)<br \/>\n<strong>2004<\/strong> | Henning Fischer (292) | Hermann van der P\u00fctten (295)<br \/>\n<strong>2003<\/strong> | Martin Leffers (294) | Josef Klaas (295)<br \/>\n<strong>2002<\/strong> | Gerd Baalmann (292) | Rolf Schnieders (296)<br \/>\n<strong>2001<\/strong> | Norbert T\u00f6bben (292) | Josef Klaas (296)<br \/>\n<strong>2000<\/strong> | Hubert Leigers (291) | Josef Klaas (296)<br \/>\n<strong>1999<\/strong> | Horst Klaas (294) | Josef Klaas (298)<br \/>\n<strong>1998<\/strong> | Gerd Baalmann (293) | Josef Klaas (294)<br \/>\n<strong>1997<\/strong> | Klaus Bandowski (293) | Hermann T\u00f6bben (297)<br \/>\n<strong>1996<\/strong> | Gerd Baalmann (292) | Hermann van der P\u00fctten (297)<br \/>\n<strong>1995<\/strong> | Wilhelm M\u00fcller (292) | Josef Klaas (299)<br \/>\n<strong>1994<\/strong> | Klaus Bandowski (289) | Clemens Klink (293)<br \/>\n<strong>1993<\/strong> | Norbert T\u00f6bben (289) | Heinz van Zoest (294)<\/li>\n<\/ul>\n","protected":false},"excerpt":{"rendered":"<p>Seit dem Jahr 1993 wird in Hemsen auch um den Titel des Vereinsmeisters geschossen. Den Sch\u00fctzen steht f\u00fcr diesen Wettbewerb bei jedem Schie\u00dfen nur ein einziger Satz zur Verf\u00fcgung, der vorher dem Schie\u00dfoffizier anzusagen ist. Um ein gutes Ergebnis zu &hellip; <a href=\"https:\/\/schuetzenverein-hemsen.de\/?page_id=43\">Weiterlesen <span class=\"meta-nav\">&rarr;<\/span><\/a><\/p>\n","protected":false},"author":1,"featured_media":0,"parent":10,"menu_order":2,"comment_status":"closed","ping_status":"closed","template":"","meta":{"footnotes":""},"class_list":["post-43","page","type-page","status-publish","hentry"],"_links":{"self":[{"href":"https:\/\/schuetzenverein-hemsen.de\/index.php?rest_route=\/wp\/v2\/pages\/43","targetHints":{"allow":["GET"]}}],"collection":[{"href":"https:\/\/schuetzenverein-hemsen.de\/index.php?rest_route=\/wp\/v2\/pages"}],"about":[{"href":"https:\/\/schuetzenverein-hemsen.de\/index.php?rest_route=\/wp\/v2\/types\/page"}],"author":[{"embeddable":true,"href":"https:\/\/schuetzenverein-hemsen.de\/index.php?rest_route=\/wp\/v2\/users\/1"}],"replies":[{"embeddable":true,"href":"https:\/\/schuetzenverein-hemsen.de\/index.php?rest_route=%2Fwp%2Fv2%2Fcomments&post=43"}],"version-history":[{"count":21,"href":"https:\/\/schuetzenverein-hemsen.de\/index.php?rest_route=\/wp\/v2\/pages\/43\/revisions"}],"predecessor-version":[{"id":1466,"href":"https:\/\/schuetzenverein-hemsen.de\/index.php?rest_route=\/wp\/v2\/pages\/43\/revisions\/1466"}],"up":[{"embeddable":true,"href":"https:\/\/schuetzenverein-hemsen.de\/index.php?rest_route=\/wp\/v2\/pages\/10"}],"wp:attachment":[{"href":"https:\/\/schuetzenverein-hemsen.de\/index.php?rest_route=%2Fwp%2Fv2%2Fmedia&parent=43"}],"curies":[{"name":"wp","href":"https:\/\/api.w.org\/{rel}","templated":true}]}}