{"id":434,"date":"2013-10-17T17:51:21","date_gmt":"2013-10-17T15:51:21","guid":{"rendered":"http:\/\/schuetzenverein-hemsen.de\/wordpress\/?page_id=434"},"modified":"2013-10-17T21:32:07","modified_gmt":"2013-10-17T19:32:07","slug":"thron-19601961-konig-josef-i","status":"publish","type":"page","link":"https:\/\/schuetzenverein-hemsen.de\/?page_id=434","title":{"rendered":"Thron 1960\/1961: K\u00f6nig Josef I."},"content":{"rendered":"<p><strong>Der Sch\u00fctzenthron 1960\/1961 (v. l. n. r.):<\/strong> Christa Anneken, Heinrich Dierkes, K\u00f6nigin Maria Anneken, K\u00f6nig Josef P\u00f6ker, Juliane Klaas, Heinz Anneken, Hedwig Stegemann, Josef Gerken.<\/p>\n<p><a href=\"http:\/\/schuetzenverein-hemsen.de\/wordpress\/wp-content\/uploads\/2013\/10\/Thron1960-1961_Chronik-Hemsen_Innenteil_RZ_2012-04.jpg\"><img loading=\"lazy\" decoding=\"async\" class=\"aligncenter size-full wp-image-709\" alt=\"Thron1960-1961_Chronik-Hemsen_Innenteil_RZ_2012-04\" src=\"http:\/\/schuetzenverein-hemsen.de\/wordpress\/wp-content\/uploads\/2013\/10\/Thron1960-1961_Chronik-Hemsen_Innenteil_RZ_2012-04.jpg\" width=\"500\" height=\"269\" srcset=\"https:\/\/schuetzenverein-hemsen.de\/wordpress\/wp-content\/uploads\/2013\/10\/Thron1960-1961_Chronik-Hemsen_Innenteil_RZ_2012-04.jpg 500w, https:\/\/schuetzenverein-hemsen.de\/wordpress\/wp-content\/uploads\/2013\/10\/Thron1960-1961_Chronik-Hemsen_Innenteil_RZ_2012-04-300x161.jpg 300w\" sizes=\"auto, (max-width: 500px) 100vw, 500px\" \/><\/a><\/p>\n","protected":false},"excerpt":{"rendered":"<p>Der Sch\u00fctzenthron 1960\/1961 (v. l. n. r.): Christa Anneken, Heinrich Dierkes, K\u00f6nigin Maria Anneken, K\u00f6nig Josef P\u00f6ker, Juliane Klaas, Heinz Anneken, Hedwig Stegemann, Josef Gerken.<\/p>\n","protected":false},"author":1,"featured_media":0,"parent":80,"menu_order":0,"comment_status":"closed","ping_status":"closed","template":"","meta":{"footnotes":""},"class_list":["post-434","page","type-page","status-publish","hentry"],"_links":{"self":[{"href":"https:\/\/schuetzenverein-hemsen.de\/index.php?rest_route=\/wp\/v2\/pages\/434","targetHints":{"allow":["GET"]}}],"collection":[{"href":"https:\/\/schuetzenverein-hemsen.de\/index.php?rest_route=\/wp\/v2\/pages"}],"about":[{"href":"https:\/\/schuetzenverein-hemsen.de\/index.php?rest_route=\/wp\/v2\/types\/page"}],"author":[{"embeddable":true,"href":"https:\/\/schuetzenverein-hemsen.de\/index.php?rest_route=\/wp\/v2\/users\/1"}],"replies":[{"embeddable":true,"href":"https:\/\/schuetzenverein-hemsen.de\/index.php?rest_route=%2Fwp%2Fv2%2Fcomments&post=434"}],"version-history":[{"count":5,"href":"https:\/\/schuetzenverein-hemsen.de\/index.php?rest_route=\/wp\/v2\/pages\/434\/revisions"}],"predecessor-version":[{"id":465,"href":"https:\/\/schuetzenverein-hemsen.de\/index.php?rest_route=\/wp\/v2\/pages\/434\/revisions\/465"}],"up":[{"embeddable":true,"href":"https:\/\/schuetzenverein-hemsen.de\/index.php?rest_route=\/wp\/v2\/pages\/80"}],"wp:attachment":[{"href":"https:\/\/schuetzenverein-hemsen.de\/index.php?rest_route=%2Fwp%2Fv2%2Fmedia&parent=434"}],"curies":[{"name":"wp","href":"https:\/\/api.w.org\/{rel}","templated":true}]}}