{"id":501,"date":"2013-10-17T19:29:15","date_gmt":"2013-10-17T17:29:15","guid":{"rendered":"http:\/\/schuetzenverein-hemsen.de\/wordpress\/?page_id=501"},"modified":"2013-10-17T21:47:10","modified_gmt":"2013-10-17T19:47:10","slug":"thron-19781979-konig-paul-ii","status":"publish","type":"page","link":"https:\/\/schuetzenverein-hemsen.de\/?page_id=501","title":{"rendered":"Thron 1978\/1979: K\u00f6nig Paul II."},"content":{"rendered":"<p><strong>Der Sch\u00fctzenthron 1978\/1979 (v. l. n. r.):<\/strong> Maria Leffers, Bernhard Schl\u00f6mer, K\u00f6nigin Maria Klink, K\u00f6nig Paul Leffers, Anni Leffers, Clemens Klink, Katharina Schl\u00f6mer, Clemens Leffers.<\/p>\n<p><a href=\"http:\/\/schuetzenverein-hemsen.de\/wordpress\/wp-content\/uploads\/2013\/10\/Thron1978-1979_Chronik-Hemsen_Innenteil_RZ_2012-04.jpg\"><img loading=\"lazy\" decoding=\"async\" class=\"aligncenter size-full wp-image-763\" alt=\"Thron1978-1979_Chronik-Hemsen_Innenteil_RZ_2012-04\" src=\"http:\/\/schuetzenverein-hemsen.de\/wordpress\/wp-content\/uploads\/2013\/10\/Thron1978-1979_Chronik-Hemsen_Innenteil_RZ_2012-04.jpg\" width=\"500\" height=\"269\" srcset=\"https:\/\/schuetzenverein-hemsen.de\/wordpress\/wp-content\/uploads\/2013\/10\/Thron1978-1979_Chronik-Hemsen_Innenteil_RZ_2012-04.jpg 500w, https:\/\/schuetzenverein-hemsen.de\/wordpress\/wp-content\/uploads\/2013\/10\/Thron1978-1979_Chronik-Hemsen_Innenteil_RZ_2012-04-300x161.jpg 300w\" sizes=\"auto, (max-width: 500px) 100vw, 500px\" \/><\/a><\/p>\n","protected":false},"excerpt":{"rendered":"<p>Der Sch\u00fctzenthron 1978\/1979 (v. l. n. r.): Maria Leffers, Bernhard Schl\u00f6mer, K\u00f6nigin Maria Klink, K\u00f6nig Paul Leffers, Anni Leffers, Clemens Klink, Katharina Schl\u00f6mer, Clemens Leffers.<\/p>\n","protected":false},"author":1,"featured_media":0,"parent":80,"menu_order":0,"comment_status":"closed","ping_status":"closed","template":"","meta":{"footnotes":""},"class_list":["post-501","page","type-page","status-publish","hentry"],"_links":{"self":[{"href":"https:\/\/schuetzenverein-hemsen.de\/index.php?rest_route=\/wp\/v2\/pages\/501","targetHints":{"allow":["GET"]}}],"collection":[{"href":"https:\/\/schuetzenverein-hemsen.de\/index.php?rest_route=\/wp\/v2\/pages"}],"about":[{"href":"https:\/\/schuetzenverein-hemsen.de\/index.php?rest_route=\/wp\/v2\/types\/page"}],"author":[{"embeddable":true,"href":"https:\/\/schuetzenverein-hemsen.de\/index.php?rest_route=\/wp\/v2\/users\/1"}],"replies":[{"embeddable":true,"href":"https:\/\/schuetzenverein-hemsen.de\/index.php?rest_route=%2Fwp%2Fv2%2Fcomments&post=501"}],"version-history":[{"count":5,"href":"https:\/\/schuetzenverein-hemsen.de\/index.php?rest_route=\/wp\/v2\/pages\/501\/revisions"}],"predecessor-version":[{"id":552,"href":"https:\/\/schuetzenverein-hemsen.de\/index.php?rest_route=\/wp\/v2\/pages\/501\/revisions\/552"}],"up":[{"embeddable":true,"href":"https:\/\/schuetzenverein-hemsen.de\/index.php?rest_route=\/wp\/v2\/pages\/80"}],"wp:attachment":[{"href":"https:\/\/schuetzenverein-hemsen.de\/index.php?rest_route=%2Fwp%2Fv2%2Fmedia&parent=501"}],"curies":[{"name":"wp","href":"https:\/\/api.w.org\/{rel}","templated":true}]}}