{"id":68,"date":"2013-10-10T08:23:05","date_gmt":"2013-10-10T08:23:05","guid":{"rendered":"http:\/\/schuetzenverein-hemsen.de\/wordpress\/?page_id=68"},"modified":"2013-10-14T20:03:33","modified_gmt":"2013-10-14T18:03:33","slug":"kompanie-3","status":"publish","type":"page","link":"https:\/\/schuetzenverein-hemsen.de\/?page_id=68","title":{"rendered":"Kompanie 3 &#8211; H\u00fcntel"},"content":{"rendered":"<p>Die 3. Kompanie des Sch\u00fctzenvereins Hemsen e. V. umfasst das Dorf H\u00fcntel und den dazugeh\u00f6rigen Ortsteil H\u00fcnensand.<\/p>\n<p><strong>H\u00fcntel &#8211; lebendig und mitten im Gr\u00fcnen<\/strong><br \/>\n(Text: Bernhard Hagen im Jahr 2012)<\/p>\n<p>H\u00fcntel ist eine &#8222;Gemeinde im Gr\u00fcnen&#8220;, zu der auch die Siedlung H\u00fcnensand geh\u00f6rt. Eingebettet in Wald, Feld und Flur, umgeben von Wasser, ist hier \u00fcberall Natur zum Greifen nah. Egal ob ein Spaziergang an Ems und Kanal mit interessantem Blick auf die Schifffahrt, oder Ausfl\u00fcge durch ausgedehnte Felder oder Waldgebiete \u2013 wer f\u00fcr Natur schw\u00e4rmt, kommt hier voll auf seine Kosten.<\/p>\n<p><a href=\"http:\/\/schuetzenverein-hemsen.de\/wordpress\/wp-content\/uploads\/2013\/10\/Kompanie3-Huentel_Ehrenmal_500px.jpg\"><img loading=\"lazy\" decoding=\"async\" class=\"aligncenter size-full wp-image-292\" alt=\"Kompanie3-Huentel_Ehrenmal_500px\" src=\"http:\/\/schuetzenverein-hemsen.de\/wordpress\/wp-content\/uploads\/2013\/10\/Kompanie3-Huentel_Ehrenmal_500px.jpg\" width=\"500\" height=\"383\" srcset=\"https:\/\/schuetzenverein-hemsen.de\/wordpress\/wp-content\/uploads\/2013\/10\/Kompanie3-Huentel_Ehrenmal_500px.jpg 500w, https:\/\/schuetzenverein-hemsen.de\/wordpress\/wp-content\/uploads\/2013\/10\/Kompanie3-Huentel_Ehrenmal_500px-300x229.jpg 300w\" sizes=\"auto, (max-width: 500px) 100vw, 500px\" \/><\/a>Mit einer Tausender-Jubil\u00e4ums-Jahreszahl k\u00f6nnen die H\u00fcnteler nicht aufwarten, denn ein geschichtliches Gr\u00fcndungsjahr ist bisher nur f\u00fcr 1497 belegt. H\u00fcntel ist aber wesentlich \u00e4lter. Das Nieders\u00e4chsische StaatsarchivOsnabr\u00fcck stellte auf Anfrage klar, dass der Ort &#8222;sehr viel \u00e4lter als 500 Jahre ist&#8220;. Die vorkommende Bezeichnung &#8222;Hunteloh&#8220; lasse sicher vermuten, dass es eine alte Form &#8222;Huntilo&#8220; oder &#8222;Huntila&#8220; gegeben hat. Ortsnamen dieser Endung z\u00e4hlen zu den \u00e4ltesten und h\u00e4ufigsten. Allerdings stellt es sich schwierig dar, die Ortsgeschichte detailliert aufzuarbeiten, da es relativ wenige Anhaltspunkte gibt und es leider auch an Zeit und engagierten Personen fehlt, um diesen Spuren konkret nachzugehen.<\/p>\n<p>Einst von der Landwirtschaft gepr\u00e4gt ist H\u00fcntel heute Industriegemeinde. Viele Betriebe der verschiedensten Arten \u2013 vornehmlich der Metallbranche \u2013 haben sich im H\u00fcnteler Gewerbe- und Industriegebiet angesiedelt und bieten zahlreiche qualifizierte Arbeitspl\u00e4tze. Hier sind in Zukunft weiteres Wachstum und Betriebserweiterungen abzusehen. In enger Zusammenarbeit mit der Stadt Haren (Ems) ist au\u00dferdem im Jahr 2007 der &#8222;Euro-Hafen&#8220; an der schiffbaren Ems entstanden. Der Hafen etablierte sich schon nach kurzer Zeit sehr gut und bietet weitere positive Entwicklungsm\u00f6glichkeiten.<\/p>\n<p>Vielerlei Brauchtum und Feste werden in der Gemeinde H\u00fcntel gepTegt. Zusammen mit den anderen Gemeinden Hemsen, Borken und Holthausen gibt es zahlreiche \u00f6rtliche Vereine und Gemeinschaften, darunter auch den gemeinsamen Sch\u00fctzenverein. Im Zuge der Dorferneuerung ist am H\u00fcnteler Sportplatz ein Treffpunkt f\u00fcr alle Einwohner entstanden: Die Grill- und Wanderrasth\u00fctte wurde in Eigenleistung errichtet und ist als zentraler Versammlungsort auch Dreh- und Angelpunkt f\u00fcr zahlreiche \u00f6rtliche Veranstaltungen. Darunter die Aktion &#8222;Saubere Landschaft&#8220;, das Maibaum-Aufstellen und die Adventsfeier &#8222;Nu stick wi de Keer\u00dfen an&#8220;. Auch etliche kleinere pers\u00f6nliche Veranstaltungen der H\u00fcnteler Einwohner haben hier ihren Platz. Das Umfeld wurde ebenso in v\u00f6lliger Eigenleistung neu gestaltet, darunter auch der gepflasterte Basketballplatz.<\/p>\n<p>In Bezug auf den Sch\u00fctzenverein lebte in H\u00fcntel in den letzten Jahren ein beinahe untergegangener Brauch wieder auf: Das sogenannte Bullenk\u00f6nig-Schie\u00dfen am Dienstag nach dem Sch\u00fctzenfest. Nach den \u2013 besonders f\u00fcr die Sch\u00fctzenbr\u00fcder \u2013 anstrengenden Sch\u00fctzenfesttagen ist meist eine kleine Ruhepause sehr willkommen. Viele Sch\u00fctzen nehmen einenTag Urlaub, um ausspannen zu k\u00f6nnen. Die H\u00fcnteler lassen die Sch\u00fctzenfest-Feierlichkeiten mit einem Fr\u00fchschoppen und anschlie\u00dfendem Bullenk\u00f6nig-Schie\u00dfen sachte ausklingen. Die eigens zu diesem Zwecke geschaffene K\u00f6nigskette tr\u00e4gt der im Luftgewehr-Schie\u00dfen ermittelte beste Sch\u00fctze.<\/p>\n<p>Um Ortsversch\u00f6nerung und Pflegearbeiten bem\u00fcht sich seit 2003 der ehrenamtliche Dorfgemeinschaftsausschuss, dem zur Zeit 12 M\u00e4nner angeh\u00f6ren. Eine weitere ehrenamtliche Gruppe erledigt Pflegearbeiten in der Siedlung H\u00fcnensand. Eine Frauen-Arbeitsgruppe erledigt erg\u00e4nzende Pflegema\u00dfnahmen und S\u00e4uberungsarbeiten an den Anlagen rund um das Ehrenmal und den Glockenturm.<\/p>\n<p>Leider bereitete die allgemeine d\u00f6rfliche Entwicklung in j\u00fcngster Vergangenheit Sorgen. In H\u00fcntel wohnen nur wenige junge Familien und die Gemeinde altert zunehmend. Die Einwohnerzahl in H\u00fcntel hat die h\u00f6chste R\u00fcckgangsquote im Meppener Stadtgebiet. Seit der Gebietsreform im Jahre 1974 hat es keinen Wohn-Bebauungsplan f\u00fcr H\u00fcntel gegeben. Es ist zu hoffen, dass sich dieser Trend in Zukunft mit der Ansiedlung neuer Industriebetriebe im \u00f6rtlichen Industriegebiet wieder bessert.<\/p>\n<p><a title=\"Zur Homepage der Dorfgemeinschaft H\u00fcntel\" href=\"http:\/\/www.h\u00fcntel.de\/\" target=\"_blank\">Homepage der Dorfgemeinschaft H\u00fcntel<\/a><\/p>\n","protected":false},"excerpt":{"rendered":"<p>Die 3. Kompanie des Sch\u00fctzenvereins Hemsen e. V. umfasst das Dorf H\u00fcntel und den dazugeh\u00f6rigen Ortsteil H\u00fcnensand. H\u00fcntel &#8211; lebendig und mitten im Gr\u00fcnen (Text: Bernhard Hagen im Jahr 2012) H\u00fcntel ist eine &#8222;Gemeinde im Gr\u00fcnen&#8220;, zu der auch die &hellip; <a href=\"https:\/\/schuetzenverein-hemsen.de\/?page_id=68\">Weiterlesen <span class=\"meta-nav\">&rarr;<\/span><\/a><\/p>\n","protected":false},"author":1,"featured_media":0,"parent":7,"menu_order":0,"comment_status":"closed","ping_status":"closed","template":"","meta":{"footnotes":""},"class_list":["post-68","page","type-page","status-publish","hentry"],"_links":{"self":[{"href":"https:\/\/schuetzenverein-hemsen.de\/index.php?rest_route=\/wp\/v2\/pages\/68","targetHints":{"allow":["GET"]}}],"collection":[{"href":"https:\/\/schuetzenverein-hemsen.de\/index.php?rest_route=\/wp\/v2\/pages"}],"about":[{"href":"https:\/\/schuetzenverein-hemsen.de\/index.php?rest_route=\/wp\/v2\/types\/page"}],"author":[{"embeddable":true,"href":"https:\/\/schuetzenverein-hemsen.de\/index.php?rest_route=\/wp\/v2\/users\/1"}],"replies":[{"embeddable":true,"href":"https:\/\/schuetzenverein-hemsen.de\/index.php?rest_route=%2Fwp%2Fv2%2Fcomments&post=68"}],"version-history":[{"count":11,"href":"https:\/\/schuetzenverein-hemsen.de\/index.php?rest_route=\/wp\/v2\/pages\/68\/revisions"}],"predecessor-version":[{"id":196,"href":"https:\/\/schuetzenverein-hemsen.de\/index.php?rest_route=\/wp\/v2\/pages\/68\/revisions\/196"}],"up":[{"embeddable":true,"href":"https:\/\/schuetzenverein-hemsen.de\/index.php?rest_route=\/wp\/v2\/pages\/7"}],"wp:attachment":[{"href":"https:\/\/schuetzenverein-hemsen.de\/index.php?rest_route=%2Fwp%2Fv2%2Fmedia&parent=68"}],"curies":[{"name":"wp","href":"https:\/\/api.w.org\/{rel}","templated":true}]}}